{"id":68003,"date":"2023-07-21T10:53:58","date_gmt":"2023-07-21T10:53:58","guid":{"rendered":"https:\/\/www.praha14.cz\/zivot-na-praze-14\/?page_id=68003"},"modified":"2023-07-21T10:53:58","modified_gmt":"2023-07-21T10:53:58","slug":"vybiralka-25-plan-revitalizace-vnitrobloku-vybiralova-a-jeho-okoli","status":"publish","type":"page","link":"https:\/\/www.praha14.cz\/zivot-na-praze-14\/vybiralka-25-plan-revitalizace-vnitrobloku-vybiralova-a-jeho-okoli\/","title":{"rendered":"VYB\u00cdRALKA 25 &#8211; PL\u00c1N REVITALIZACE VNITROBLOKU VYB\u00cdRALOVA A JEHO OKOL\u00cd"},"content":{"rendered":"<p><strong>Um\u00edst\u011bn\u00ed:<\/strong>\u00a0kat. \u00fazem\u00ed \u010cern\u00fd Most<br \/>\n<strong>Zpracovatel:<\/strong>\u00a0Institut pl\u00e1nov\u00e1n\u00ed a rozvoje hlavn\u00edho m\u011bsta Prahy<\/p>\n<p>Revitalizace vnitrobloku Vyb\u00edralova na \u010cern\u00e9m Most\u011b je modelov\u00fdm p\u0159\u00edkladem p\u0159\u00edstupu k\u00a0pl\u00e1nov\u00e1n\u00ed a\u00a0revitalizaci pra\u017esk\u00fdch s\u00eddli\u0161\u0165. Projekt realizoval IPR Praha v\u00a0\u00fazk\u00e9 spolupr\u00e1ci s M\u010c Praha 14 a\u00a0organizac\u00ed Praha 14 kulturn\u00ed. Ned\u00edlnou sou\u010d\u00e1st\u00ed byla participace s m\u00edstn\u00edmi obyvateli.<\/p>\n<p>Informace o projektu \u201eVyb\u00edralka 25 &#8211; Pl\u00e1n revitalizace vnitrobloku Vyb\u00edralova a jeho okol\u00ed\u201c je k\u00a0nahl\u00e9dnut\u00ed na <a href=\"https:\/\/iprpraha.cz\/projekt\/43\/vybiralova\" target=\"_blank\" rel=\"noopener\">Vyb\u00edralova | iprpraha.cz<\/a>.<\/p>\n<p>&nbsp;<\/p>\n<p><strong><u>VYB\u00cdRALKA 2024 &#8211; um\u011bn\u00ed pro Vyb\u00edralku<\/u><\/strong><\/p>\n<p>Sou\u010d\u00e1st\u00ed projektu Vyb\u00edralka 25 &#8211; Pl\u00e1n revitalizace vnitrobloku Vyb\u00edralova a jeho okol\u00ed je um\u00edst\u011bn\u00ed um\u011bleck\u00fdch d\u011bl, kter\u00e1 zde dlouhodob\u011b chyb\u00ed. C\u00edlem je dotvo\u0159it ve\u0159ejn\u00e9 prostranstv\u00ed za pomoci um\u011bleck\u00e9ho vstupu, zlep\u0161it orientaci na \u00fazem\u00ed s\u00eddli\u0161t\u011b, p\u0159il\u00e1kat obyvatele k u\u017e\u00edv\u00e1n\u00ed ve\u0159ejn\u00e9ho prostoru a navr\u00e1tit tradici um\u011bn\u00ed na s\u00eddli\u0161t\u011b.<\/p>\n<p>Dvoukolov\u00e1 v\u00fdtvarn\u00e1 sout\u011b\u017e na \u010dty\u0159i um\u011bleck\u00e1 d\u00edla ve ve\u0159ejn\u00e9m prostoru s\u00eddli\u0161t\u011b Vyb\u00edralka prob\u011bhla v roce 2022\/23. Do prvn\u00edho kola bylo doru\u010deno 19 n\u00e1vrh\u016f, ze kter\u00fdch porota vybrala 5 n\u00e1vrh\u016f a ty postoupily do druh\u00e9ho kola.<\/p>\n<p>Ve druh\u00e9m kole porota ohodnotila n\u00e1vrhy n\u00e1sledovn\u011b:<\/p>\n<p>1. cenu z\u00edskal <a href=\"https:\/\/www.praha14.cz\/app\/uploads\/sites\/4\/2023\/07\/1-cena-Talas.pdf\">Ing. arch. Radek Tala\u0161<\/a><br \/>\n2. cenu z\u00edskal <a href=\"https:\/\/www.praha14.cz\/app\/uploads\/sites\/4\/2023\/07\/2-cena-Rous.pdf\">MgA. Jan Rous<\/a><br \/>\n3. cenu z\u00edskal <a href=\"https:\/\/www.praha14.cz\/app\/uploads\/sites\/4\/2023\/07\/3-cena-Kovalcik.pdf\">Adam Koval\u010d\u00edk<\/a><\/p>\n<p>Skicovn\u00e9 obdr\u017eeli <a href=\"https:\/\/www.praha14.cz\/app\/uploads\/sites\/4\/2023\/07\/skicovne-Klaska.pdf\">Jakub Kla\u0161ka<\/a> a <a href=\"https:\/\/www.praha14.cz\/app\/uploads\/sites\/4\/2023\/07\/merged.pdf\">Waldemar Iljitch<\/a><\/p>\n<p>&nbsp;<\/p>\n","protected":false},"excerpt":{"rendered":"<p>Um\u00edst\u011bn\u00ed:\u00a0kat. \u00fazem\u00ed \u010cern\u00fd Most Zpracovatel:\u00a0Institut pl\u00e1nov\u00e1n\u00ed a rozvoje hlavn\u00edho m\u011bsta Prahy Revitalizace vnitrobloku Vyb\u00edralova na \u010cern\u00e9m Most\u011b je modelov\u00fdm p\u0159\u00edkladem p\u0159\u00edstupu k\u00a0pl\u00e1nov\u00e1n\u00ed a\u00a0revitalizaci pra\u017esk\u00fdch s\u00eddli\u0161\u0165. Projekt realizoval IPR Praha v\u00a0\u00fazk\u00e9 spolupr\u00e1ci s M\u010c Praha 14 a\u00a0organizac\u00ed Praha 14 kulturn\u00ed. Ned\u00edlnou sou\u010d\u00e1st\u00ed byla participace s m\u00edstn\u00edmi obyvateli. Informace o projektu \u201eVyb\u00edralka 25 &#8211; Pl\u00e1n revitalizace vnitrobloku&#8230;<\/p>\n","protected":false},"author":1057,"featured_media":0,"parent":0,"menu_order":0,"comment_status":"closed","ping_status":"closed","template":"","meta":{"_acf_changed":false,"footnotes":""},"class_list":["post-68003","page","type-page","status-publish","hentry"],"acf":[],"yoast_head":"<!-- This site is optimized with the Yoast SEO plugin v27.2 - https:\/\/yoast.com\/product\/yoast-seo-wordpress\/ -->\n<title>VYB\u00cdRALKA 25 - PL\u00c1N REVITALIZACE VNITROBLOKU VYB\u00cdRALOVA A JEHO OKOL\u00cd - \u017divot na Praze 14<\/title>\n<meta name=\"robots\" content=\"index, follow, max-snippet:-1, max-image-preview:large, max-video-preview:-1\" \/>\n<link rel=\"canonical\" href=\"https:\/\/www.praha14.cz\/zivot-na-praze-14\/vybiralka-25-plan-revitalizace-vnitrobloku-vybiralova-a-jeho-okoli\/\" \/>\n<meta property=\"og:locale\" content=\"cs_CZ\" \/>\n<meta property=\"og:type\" content=\"article\" \/>\n<meta property=\"og:title\" content=\"VYB\u00cdRALKA 25 - PL\u00c1N REVITALIZACE VNITROBLOKU VYB\u00cdRALOVA A JEHO OKOL\u00cd - \u017divot na Praze 14\" \/>\n<meta property=\"og:description\" content=\"Um\u00edst\u011bn\u00ed:\u00a0kat. \u00fazem\u00ed \u010cern\u00fd Most Zpracovatel:\u00a0Institut pl\u00e1nov\u00e1n\u00ed a rozvoje hlavn\u00edho m\u011bsta Prahy Revitalizace vnitrobloku Vyb\u00edralova na \u010cern\u00e9m Most\u011b je modelov\u00fdm p\u0159\u00edkladem p\u0159\u00edstupu k\u00a0pl\u00e1nov\u00e1n\u00ed a\u00a0revitalizaci pra\u017esk\u00fdch s\u00eddli\u0161\u0165. Projekt realizoval IPR Praha v\u00a0\u00fazk\u00e9 spolupr\u00e1ci s M\u010c Praha 14 a\u00a0organizac\u00ed Praha 14 kulturn\u00ed. Ned\u00edlnou sou\u010d\u00e1st\u00ed byla participace s m\u00edstn\u00edmi obyvateli. Informace o projektu \u201eVyb\u00edralka 25 &#8211; Pl\u00e1n revitalizace vnitrobloku...\" \/>\n<meta property=\"og:url\" content=\"https:\/\/www.praha14.cz\/zivot-na-praze-14\/vybiralka-25-plan-revitalizace-vnitrobloku-vybiralova-a-jeho-okoli\/\" \/>\n<meta property=\"og:site_name\" content=\"\u017divot na Praze 14\" \/>\n<meta name=\"twitter:card\" content=\"summary_large_image\" \/>\n<meta name=\"twitter:label1\" content=\"Est. reading time\" \/>\n\t<meta name=\"twitter:data1\" content=\"1 minuta\" \/>\n<script type=\"application\/ld+json\" class=\"yoast-schema-graph\">{\"@context\":\"https:\/\/schema.org\",\"@graph\":[{\"@type\":\"WebPage\",\"@id\":\"https:\/\/www.praha14.cz\/zivot-na-praze-14\/vybiralka-25-plan-revitalizace-vnitrobloku-vybiralova-a-jeho-okoli\/\",\"url\":\"https:\/\/www.praha14.cz\/zivot-na-praze-14\/vybiralka-25-plan-revitalizace-vnitrobloku-vybiralova-a-jeho-okoli\/\",\"name\":\"VYB\u00cdRALKA 25 - PL\u00c1N REVITALIZACE VNITROBLOKU VYB\u00cdRALOVA A JEHO OKOL\u00cd - \u017divot na Praze 14\",\"isPartOf\":{\"@id\":\"https:\/\/www.praha14.cz\/zivot-na-praze-14\/#website\"},\"datePublished\":\"2023-07-21T10:53:58+00:00\",\"breadcrumb\":{\"@id\":\"https:\/\/www.praha14.cz\/zivot-na-praze-14\/vybiralka-25-plan-revitalizace-vnitrobloku-vybiralova-a-jeho-okoli\/#breadcrumb\"},\"inLanguage\":\"cs\",\"potentialAction\":[{\"@type\":\"ReadAction\",\"target\":[\"https:\/\/www.praha14.cz\/zivot-na-praze-14\/vybiralka-25-plan-revitalizace-vnitrobloku-vybiralova-a-jeho-okoli\/\"]}]},{\"@type\":\"BreadcrumbList\",\"@id\":\"https:\/\/www.praha14.cz\/zivot-na-praze-14\/vybiralka-25-plan-revitalizace-vnitrobloku-vybiralova-a-jeho-okoli\/#breadcrumb\",\"itemListElement\":[{\"@type\":\"ListItem\",\"position\":1,\"name\":\"\u017divot na Praze 14\",\"item\":\"https:\/\/www.praha14.cz\/zivot-na-praze-14\/\"},{\"@type\":\"ListItem\",\"position\":2,\"name\":\"VYB\u00cdRALKA 25 &#8211; PL\u00c1N REVITALIZACE VNITROBLOKU VYB\u00cdRALOVA A JEHO OKOL\u00cd\"}]},{\"@type\":\"WebSite\",\"@id\":\"https:\/\/www.praha14.cz\/zivot-na-praze-14\/#website\",\"url\":\"https:\/\/www.praha14.cz\/zivot-na-praze-14\/\",\"name\":\"\u017divot na Praze 14\",\"description\":\"\",\"potentialAction\":[{\"@type\":\"SearchAction\",\"target\":{\"@type\":\"EntryPoint\",\"urlTemplate\":\"https:\/\/www.praha14.cz\/zivot-na-praze-14\/?s={search_term_string}\"},\"query-input\":{\"@type\":\"PropertyValueSpecification\",\"valueRequired\":true,\"valueName\":\"search_term_string\"}}],\"inLanguage\":\"cs\"}]}<\/script>\n<!-- \/ Yoast SEO plugin. -->","yoast_head_json":{"title":"VYB\u00cdRALKA 25 - PL\u00c1N REVITALIZACE VNITROBLOKU VYB\u00cdRALOVA A JEHO OKOL\u00cd - \u017divot na Praze 14","robots":{"index":"index","follow":"follow","max-snippet":"max-snippet:-1","max-image-preview":"max-image-preview:large","max-video-preview":"max-video-preview:-1"},"canonical":"https:\/\/www.praha14.cz\/zivot-na-praze-14\/vybiralka-25-plan-revitalizace-vnitrobloku-vybiralova-a-jeho-okoli\/","og_locale":"cs_CZ","og_type":"article","og_title":"VYB\u00cdRALKA 25 - PL\u00c1N REVITALIZACE VNITROBLOKU VYB\u00cdRALOVA A JEHO OKOL\u00cd - \u017divot na Praze 14","og_description":"Um\u00edst\u011bn\u00ed:\u00a0kat. \u00fazem\u00ed \u010cern\u00fd Most Zpracovatel:\u00a0Institut pl\u00e1nov\u00e1n\u00ed a rozvoje hlavn\u00edho m\u011bsta Prahy Revitalizace vnitrobloku Vyb\u00edralova na \u010cern\u00e9m Most\u011b je modelov\u00fdm p\u0159\u00edkladem p\u0159\u00edstupu k\u00a0pl\u00e1nov\u00e1n\u00ed a\u00a0revitalizaci pra\u017esk\u00fdch s\u00eddli\u0161\u0165. Projekt realizoval IPR Praha v\u00a0\u00fazk\u00e9 spolupr\u00e1ci s M\u010c Praha 14 a\u00a0organizac\u00ed Praha 14 kulturn\u00ed. Ned\u00edlnou sou\u010d\u00e1st\u00ed byla participace s m\u00edstn\u00edmi obyvateli. Informace o projektu \u201eVyb\u00edralka 25 &#8211; Pl\u00e1n revitalizace vnitrobloku...","og_url":"https:\/\/www.praha14.cz\/zivot-na-praze-14\/vybiralka-25-plan-revitalizace-vnitrobloku-vybiralova-a-jeho-okoli\/","og_site_name":"\u017divot na Praze 14","twitter_card":"summary_large_image","twitter_misc":{"Est. reading time":"1 minuta"},"schema":{"@context":"https:\/\/schema.org","@graph":[{"@type":"WebPage","@id":"https:\/\/www.praha14.cz\/zivot-na-praze-14\/vybiralka-25-plan-revitalizace-vnitrobloku-vybiralova-a-jeho-okoli\/","url":"https:\/\/www.praha14.cz\/zivot-na-praze-14\/vybiralka-25-plan-revitalizace-vnitrobloku-vybiralova-a-jeho-okoli\/","name":"VYB\u00cdRALKA 25 - PL\u00c1N REVITALIZACE VNITROBLOKU VYB\u00cdRALOVA A JEHO OKOL\u00cd - \u017divot na Praze 14","isPartOf":{"@id":"https:\/\/www.praha14.cz\/zivot-na-praze-14\/#website"},"datePublished":"2023-07-21T10:53:58+00:00","breadcrumb":{"@id":"https:\/\/www.praha14.cz\/zivot-na-praze-14\/vybiralka-25-plan-revitalizace-vnitrobloku-vybiralova-a-jeho-okoli\/#breadcrumb"},"inLanguage":"cs","potentialAction":[{"@type":"ReadAction","target":["https:\/\/www.praha14.cz\/zivot-na-praze-14\/vybiralka-25-plan-revitalizace-vnitrobloku-vybiralova-a-jeho-okoli\/"]}]},{"@type":"BreadcrumbList","@id":"https:\/\/www.praha14.cz\/zivot-na-praze-14\/vybiralka-25-plan-revitalizace-vnitrobloku-vybiralova-a-jeho-okoli\/#breadcrumb","itemListElement":[{"@type":"ListItem","position":1,"name":"\u017divot na Praze 14","item":"https:\/\/www.praha14.cz\/zivot-na-praze-14\/"},{"@type":"ListItem","position":2,"name":"VYB\u00cdRALKA 25 &#8211; PL\u00c1N REVITALIZACE VNITROBLOKU VYB\u00cdRALOVA A JEHO OKOL\u00cd"}]},{"@type":"WebSite","@id":"https:\/\/www.praha14.cz\/zivot-na-praze-14\/#website","url":"https:\/\/www.praha14.cz\/zivot-na-praze-14\/","name":"\u017divot na Praze 14","description":"","potentialAction":[{"@type":"SearchAction","target":{"@type":"EntryPoint","urlTemplate":"https:\/\/www.praha14.cz\/zivot-na-praze-14\/?s={search_term_string}"},"query-input":{"@type":"PropertyValueSpecification","valueRequired":true,"valueName":"search_term_string"}}],"inLanguage":"cs"}]}},"_links":{"self":[{"href":"https:\/\/www.praha14.cz\/zivot-na-praze-14\/wp-json\/wp\/v2\/pages\/68003","targetHints":{"allow":["GET"]}}],"collection":[{"href":"https:\/\/www.praha14.cz\/zivot-na-praze-14\/wp-json\/wp\/v2\/pages"}],"about":[{"href":"https:\/\/www.praha14.cz\/zivot-na-praze-14\/wp-json\/wp\/v2\/types\/page"}],"author":[{"embeddable":true,"href":"https:\/\/www.praha14.cz\/zivot-na-praze-14\/wp-json\/wp\/v2\/users\/1057"}],"replies":[{"embeddable":true,"href":"https:\/\/www.praha14.cz\/zivot-na-praze-14\/wp-json\/wp\/v2\/comments?post=68003"}],"version-history":[{"count":1,"href":"https:\/\/www.praha14.cz\/zivot-na-praze-14\/wp-json\/wp\/v2\/pages\/68003\/revisions"}],"predecessor-version":[{"id":68011,"href":"https:\/\/www.praha14.cz\/zivot-na-praze-14\/wp-json\/wp\/v2\/pages\/68003\/revisions\/68011"}],"wp:attachment":[{"href":"https:\/\/www.praha14.cz\/zivot-na-praze-14\/wp-json\/wp\/v2\/media?parent=68003"}],"curies":[{"name":"wp","href":"https:\/\/api.w.org\/{rel}","templated":true}]}}