{"id":6820,"date":"2014-04-23T13:27:41","date_gmt":"2014-04-23T12:27:41","guid":{"rendered":"https:\/\/www.praha14.cz\/zpravodajstvi\/?page_id=6820"},"modified":"2014-06-18T09:24:08","modified_gmt":"2014-06-18T08:24:08","slug":"archiv-12002","status":"publish","type":"page","link":"https:\/\/www.praha14.cz\/zivot-na-praze-14\/casopis-ctrnactka-14\/listy-prahy-14\/archiv-12002\/","title":{"rendered":"Archiv &#8211; 1\/2002"},"content":{"rendered":"<p>Seznam \u010dl\u00e1nk\u016f \u010d. 1\/2002<\/p>\n<table>\n<tbody>\n<tr>\n<td><b><b><\/b><\/b><span>tituln\u00ed strana<\/span><\/td>\n<td>\n<div><span><b><span>strana 7<\/span><\/b><\/span><\/div>\n<\/td>\n<\/tr>\n<tr>\n<td><span><a href=\"https:\/\/www.praha14.cz\/app\/uploads\/sites\/3\/2014\/04\/2002_1_1Trojcata.pdf\">D\u00edt\u011b se mus\u00ed ka\u017ed\u00fd den sm\u00e1t aneb 1. narozeniny troj\u010d\u00e1tek<\/a><\/span>\u00a0<span><a href=\"https:\/\/www.praha14.cz\/app\/uploads\/sites\/3\/2014\/04\/2002_1_1prani.pdf\">Blahop\u0159\u00e1n\u00ed starosty k\u00a0roku 200<\/a><\/span><\/td>\n<td><span><a href=\"https:\/\/www.praha14.cz\/app\/uploads\/sites\/3\/2014\/04\/2002_1_7rozhovor.pdf\">Udr\u017eujme tajemstv\u00ed \u017eeny<\/a><\/span><\/td>\n<\/tr>\n<tr>\n<td>\n<div><b><span>strana 2<\/span><\/b><\/div>\n<\/td>\n<td><span>\u00a0\u00a0<\/span><span>\u00a0<\/span><b><span>strana 8<\/span><\/b><\/td>\n<\/tr>\n<tr>\n<td><span><a href=\"https:\/\/www.praha14.cz\/app\/uploads\/sites\/3\/2014\/04\/2002_1_2radnice.pdf\">Zpravodajstv\u00ed z\u00a0radnice<\/a><\/span><\/td>\n<td><span><a href=\"https:\/\/www.praha14.cz\/app\/uploads\/sites\/3\/2014\/04\/2002_1_8_10skolstvi.pdf\">Na co mohou t\u011b\u0161it p\u0159\u00ed\u0161t\u00ed prv\u0148\u00e1\u010dci<\/a><\/span><\/td>\n<\/tr>\n<tr>\n<td><span><span><a href=\"https:\/\/www.praha14.cz\/app\/uploads\/sites\/3\/2014\/04\/2002_1_2komise.pdf\">Z\u00a0odborn\u00fdch komis\u00ed<\/a><\/span><\/span><\/td>\n<td><\/td>\n<\/tr>\n<tr>\n<td><b><\/b><span><span>strana 3<\/span><b><\/b><\/span><\/td>\n<td><b><b><\/b><\/b><span>strana 9<\/span>&nbsp;<\/td>\n<\/tr>\n<tr>\n<td><span><a href=\"https:\/\/www.praha14.cz\/app\/uploads\/sites\/3\/2014\/04\/2002_1_3sp_rada.pdf\">Z\u00a0jedn\u00e1n\u00ed spr\u00e1vn\u00ed rady<\/a><\/span><span>\u00a0<\/span><\/td>\n<td><span><a href=\"https:\/\/www.praha14.cz\/app\/uploads\/sites\/3\/2014\/04\/2002_1_8_10skolstvi.pdf\">Na co mohou t\u011b\u0161it p\u0159\u00ed\u0161t\u00ed prv\u0148\u00e1\u010dci<\/a><\/span><\/td>\n<\/tr>\n<tr>\n<td><span><span><a href=\"https:\/\/www.praha14.cz\/app\/uploads\/sites\/3\/2014\/04\/2002_1_3Rozpocet.pdf\">Rozpo\u010det na rok 2002 schv\u00e1len<\/a><\/span><\/span><\/td>\n<td><span><b><span>strana 10<\/span><\/b><\/span><\/td>\n<\/tr>\n<tr>\n<td><span><span><a href=\"https:\/\/www.praha14.cz\/app\/uploads\/sites\/3\/2014\/04\/2002_1_3granty.pdf\">Jeden milion na granty<\/a><\/span><\/span><\/td>\n<td><span><a href=\"https:\/\/www.praha14.cz\/app\/uploads\/sites\/3\/2014\/04\/2002_1_8_10skolstvi.pdf\">Na co mohou t\u011b\u0161it p\u0159\u00ed\u0161t\u00ed prv\u0148\u00e1\u010dci<\/a><\/span><\/td>\n<\/tr>\n<tr>\n<td><span><a href=\"https:\/\/www.praha14.cz\/app\/uploads\/sites\/3\/2014\/04\/2002_1_3zprava.pdf\">Dobr\u00e1 zpr\u00e1va<\/a><\/span><\/td>\n<td>\n<div><b><span>strana 11<\/span><\/b><\/div>\n<\/td>\n<\/tr>\n<tr>\n<td><span><span><a href=\"https:\/\/www.praha14.cz\/app\/uploads\/sites\/3\/2014\/04\/2002_1_3prisedici.pdf\">V\u00fdzva ob\u010dan\u016fm<\/a><\/span><\/span><\/td>\n<td><span><a href=\"https:\/\/www.praha14.cz\/app\/uploads\/sites\/3\/2014\/04\/2002_1_11Bronz.pdf\">Bronzov\u00e1 a st\u0159\u00edbrn\u00e1 d\u011bv\u010data<\/a><\/span><\/td>\n<\/tr>\n<tr>\n<td><span><span><a href=\"https:\/\/www.praha14.cz\/app\/uploads\/sites\/3\/2014\/04\/2002_1_3zamer.pdf\">Zve\u0159ejn\u011bn\u00ed z\u00e1m\u011bru<\/a><\/span><\/span><\/td>\n<td><span><span><a href=\"https:\/\/www.praha14.cz\/app\/uploads\/sites\/3\/2014\/04\/2002_1_11KSPA.pdf\">Byli jsme se pod\u00edvat v 1. K\u0160PA<\/a><\/span><\/span><\/td>\n<\/tr>\n<tr>\n<td><span><span><a href=\"https:\/\/www.praha14.cz\/app\/uploads\/sites\/3\/2014\/04\/2002_1_3grant_temata.pdf\">Grantov\u00e1 t\u00e9mata pro rok 2002<\/a><\/span><\/span><\/td>\n<td><span><a href=\"https:\/\/www.praha14.cz\/app\/uploads\/sites\/3\/2014\/04\/2002_1_11Jak.pdf\">Jak vypad\u00e1 se\u010dten\u00e1 Praha 14<\/a><\/span><\/td>\n<\/tr>\n<tr>\n<td><span><a href=\"https:\/\/www.praha14.cz\/app\/uploads\/sites\/3\/2014\/04\/2002_1_3posta.pdf\">Z\u00a0redak\u010dn\u00ed po\u0161ty<\/a><\/span><\/td>\n<td><b><b><\/b><\/b><span>strana 12<\/span>&nbsp;<\/td>\n<\/tr>\n<tr>\n<td><span><span><a href=\"https:\/\/www.praha14.cz\/app\/uploads\/sites\/3\/2014\/04\/2002_1_3oznamovatel.pdf\">Mal\u00fd bezplatn\u00fd oznamovatel<\/a><\/span><\/span><\/td>\n<td><span><a href=\"https:\/\/www.praha14.cz\/app\/uploads\/sites\/3\/2014\/04\/2002_1_12Telegraficky.pdf\">Telegraficky z\u00a0regionu<\/a><\/span><\/td>\n<\/tr>\n<tr>\n<td><span><b><span>strana 4<\/span><\/b><\/span><\/td>\n<td><span><a href=\"https:\/\/www.praha14.cz\/app\/uploads\/sites\/3\/2014\/04\/2002_1_12Informacni.pdf\">Informa\u010dn\u00ed st\u00e1nek<\/a>\u00a0jak zlobiv\u00fd Otes\u00e1nek<\/span><\/td>\n<\/tr>\n<tr>\n<td><span><a href=\"https:\/\/www.praha14.cz\/app\/uploads\/sites\/3\/2014\/04\/2002_1_4_5Sprava.pdf\">Co v\u0161echno zaji\u0161\u0165uje na\u0161e spr\u00e1vn\u00ed firma<\/a><\/span><\/td>\n<td><span><b><span>strana 13<\/span><\/b><\/span><\/td>\n<\/tr>\n<tr>\n<td><b><b><\/b><\/b><span>strana 5<\/span>&nbsp;<\/td>\n<td><span><span><a href=\"https:\/\/www.praha14.cz\/app\/uploads\/sites\/3\/2014\/04\/2002_1_13Smog.pdf\">Tr\u00e1p\u00ed Prahu 14 smog?<\/a><\/span><\/span><\/td>\n<\/tr>\n<tr>\n<td><span>Co v\u0161echno zaji\u0161\u0165uje na\u0161e spr\u00e1vn\u00ed firma<\/span><\/td>\n<td><span><a href=\"https:\/\/www.praha14.cz\/app\/uploads\/sites\/3\/2014\/04\/2002_1_13aqua.pdf\">Aqua-therm d\u0159\u00edve a dnes<\/a><\/span><\/td>\n<\/tr>\n<tr>\n<td><span><a href=\"https:\/\/www.praha14.cz\/app\/uploads\/sites\/3\/2014\/04\/2002_1_5Exekutori.pdf\"><span>Exekuto\u0159i v\u00a0akci a co dlu\u017en\u00edci?<\/span><\/a><\/span><\/td>\n<td><span>strana 14<\/span><\/td>\n<\/tr>\n<tr>\n<td>\n<div><span><b><span>strana 6<\/span><\/b><\/span><\/div>\n<\/td>\n<td><span><span><span><a href=\"https:\/\/www.praha14.cz\/app\/uploads\/sites\/3\/2014\/04\/2002_1_14Aby.pdf\">Aby knihy nebyly u konce s\u00a0dechem<\/a><\/span><\/span><\/span><b><\/b><\/td>\n<\/tr>\n<tr>\n<td><span><span><a href=\"https:\/\/www.praha14.cz\/app\/uploads\/sites\/3\/2014\/04\/2002_1_6Den.pdf\">Den zdrav\u00ed<\/a>: Jak\u00fd byl?<\/span><\/span><\/td>\n<td><b><\/b><span><a href=\"https:\/\/www.praha14.cz\/app\/uploads\/sites\/3\/2014\/04\/2002_1_14skritek.pdf\">Sk\u0159\u00edtek knihy ohl\u00edd\u00e1<\/a><\/span>\u00a0<span>\u00a0<\/span><\/td>\n<\/tr>\n<tr>\n<td><span><a href=\"https:\/\/www.praha14.cz\/app\/uploads\/sites\/3\/2014\/04\/2002_1_6Drogy.pdf\">Drogy v\u00a0pop\u0159ed\u00ed z\u00e1jmu<\/a><\/span><\/td>\n<td><span><a href=\"https:\/\/www.praha14.cz\/app\/uploads\/sites\/3\/2014\/04\/2002_1_14autogramiada.pdf\">Autogrami\u00e1da<\/a>\u00a0Ivana Svato\u0161e a Zde\u0148ky Nepilov\u00e9<\/span><\/td>\n<\/tr>\n<tr>\n<td><span><span><a href=\"https:\/\/www.praha14.cz\/app\/uploads\/sites\/3\/2014\/04\/2002_1_6karneval.pdf\">D\u011btsk\u00fd karneval<\/a>,\u00a0<a href=\"https:\/\/www.praha14.cz\/app\/uploads\/sites\/3\/2014\/04\/2002_1_6Kurzy.pdf\">Kurzy pro d\u011bti<\/a>,<a href=\"https:\/\/www.praha14.cz\/app\/uploads\/sites\/3\/2014\/04\/2002_1_6plavani.pdf\">\u00a0T\u0159\u00edkr\u00e1lov\u00e9 plav\u00e1n\u00ed<\/a><\/span><\/span><\/td>\n<td><span><a href=\"https:\/\/www.praha14.cz\/app\/uploads\/sites\/3\/2014\/04\/2002_1_14soutez.pdf\">\u010cten\u00e1\u0159sk\u00e1 sout\u011b\u017e<\/a>: H\u00e1dejte, kde je&#8230;<\/span><\/td>\n<\/tr>\n<tr>\n<td><\/td>\n<td><span>strana 15<\/span><\/td>\n<\/tr>\n<tr>\n<td><\/td>\n<td><span><span><a href=\"http:\/\/www.villagecinemas.cz\/\">Village Cinemas<\/a><\/span><\/span><\/td>\n<\/tr>\n<tr>\n<td><\/td>\n<td>\n<div><span><b><span>zadn\u00ed strana<\/span><\/b><\/span><\/div>\n<\/td>\n<\/tr>\n<tr>\n<td><\/td>\n<td><span><a href=\"https:\/\/www.praha14.cz\/app\/uploads\/sites\/3\/2014\/04\/2002_1_16vykroceni.pdf\">Vykro\u010den\u00ed s\u00a0dobr\u00fdm skutkem<\/a><\/span><\/td>\n<\/tr>\n<tr>\n<td><\/td>\n<td><span><span><a href=\"https:\/\/www.praha14.cz\/app\/uploads\/sites\/3\/2014\/04\/2002_1_16harmonie.pdf\">Harmonie pro handicapovan\u00e9<\/a><\/span><\/span><\/td>\n<\/tr>\n<\/tbody>\n<\/table>\n<p><img loading=\"lazy\" decoding=\"async\" alt=\"logo listy\" src=\"https:\/\/www.praha14.cz\/app\/uploads\/sites\/3\/2014\/04\/logoListy.jpg\" width=\"480\" height=\"174\" \/><\/p>\n","protected":false},"excerpt":{"rendered":"<p>Seznam \u010dl\u00e1nk\u016f \u010d. 1\/2002 tituln\u00ed strana strana 7 D\u00edt\u011b se mus\u00ed ka\u017ed\u00fd den sm\u00e1t aneb 1. narozeniny troj\u010d\u00e1tek\u00a0Blahop\u0159\u00e1n\u00ed starosty k\u00a0roku 200 Udr\u017eujme tajemstv\u00ed \u017eeny strana 2 \u00a0\u00a0\u00a0strana 8 Zpravodajstv\u00ed z\u00a0radnice Na co mohou t\u011b\u0161it p\u0159\u00ed\u0161t\u00ed prv\u0148\u00e1\u010dci Z\u00a0odborn\u00fdch komis\u00ed strana 3 strana 9&nbsp; Z\u00a0jedn\u00e1n\u00ed spr\u00e1vn\u00ed rady\u00a0 Na co mohou t\u011b\u0161it p\u0159\u00ed\u0161t\u00ed prv\u0148\u00e1\u010dci Rozpo\u010det na rok 2002&#8230;<\/p>\n","protected":false},"author":1,"featured_media":0,"parent":409,"menu_order":0,"comment_status":"closed","ping_status":"open","template":"","meta":{"_acf_changed":false,"footnotes":""},"class_list":["post-6820","page","type-page","status-publish","hentry"],"acf":[],"yoast_head":"<!-- This site is optimized with the Yoast SEO plugin v27.2 - https:\/\/yoast.com\/product\/yoast-seo-wordpress\/ -->\n<title>Archiv - 1\/2002 - \u017divot na Praze 14<\/title>\n<meta name=\"robots\" content=\"index, follow, max-snippet:-1, max-image-preview:large, max-video-preview:-1\" \/>\n<link rel=\"canonical\" href=\"https:\/\/www.praha14.cz\/zivot-na-praze-14\/casopis-ctrnactka-14\/listy-prahy-14\/archiv-12002\/\" \/>\n<meta property=\"og:locale\" content=\"cs_CZ\" \/>\n<meta property=\"og:type\" content=\"article\" \/>\n<meta property=\"og:title\" content=\"Archiv - 1\/2002 - \u017divot na Praze 14\" \/>\n<meta property=\"og:description\" content=\"Seznam \u010dl\u00e1nk\u016f \u010d. 1\/2002 tituln\u00ed strana strana 7 D\u00edt\u011b se mus\u00ed ka\u017ed\u00fd den sm\u00e1t aneb 1. narozeniny troj\u010d\u00e1tek\u00a0Blahop\u0159\u00e1n\u00ed starosty k\u00a0roku 200 Udr\u017eujme tajemstv\u00ed \u017eeny strana 2 \u00a0\u00a0\u00a0strana 8 Zpravodajstv\u00ed z\u00a0radnice Na co mohou t\u011b\u0161it p\u0159\u00ed\u0161t\u00ed prv\u0148\u00e1\u010dci Z\u00a0odborn\u00fdch komis\u00ed strana 3 strana 9&nbsp; Z\u00a0jedn\u00e1n\u00ed spr\u00e1vn\u00ed rady\u00a0 Na co mohou t\u011b\u0161it p\u0159\u00ed\u0161t\u00ed prv\u0148\u00e1\u010dci Rozpo\u010det na rok 2002...\" \/>\n<meta property=\"og:url\" content=\"https:\/\/www.praha14.cz\/zivot-na-praze-14\/casopis-ctrnactka-14\/listy-prahy-14\/archiv-12002\/\" \/>\n<meta property=\"og:site_name\" content=\"\u017divot na Praze 14\" \/>\n<meta property=\"article:modified_time\" content=\"2014-06-18T08:24:08+00:00\" \/>\n<meta property=\"og:image\" content=\"https:\/\/www.praha14.cz\/app\/uploads\/sites\/3\/2014\/04\/logoListy.jpg\" \/>\n<meta name=\"twitter:card\" content=\"summary_large_image\" \/>\n<meta name=\"twitter:label1\" content=\"Est. reading time\" \/>\n\t<meta name=\"twitter:data1\" content=\"1 minuta\" \/>\n<script type=\"application\/ld+json\" class=\"yoast-schema-graph\">{\"@context\":\"https:\/\/schema.org\",\"@graph\":[{\"@type\":\"WebPage\",\"@id\":\"https:\/\/www.praha14.cz\/zivot-na-praze-14\/casopis-ctrnactka-14\/listy-prahy-14\/archiv-12002\/\",\"url\":\"https:\/\/www.praha14.cz\/zivot-na-praze-14\/casopis-ctrnactka-14\/listy-prahy-14\/archiv-12002\/\",\"name\":\"Archiv - 1\/2002 - \u017divot na Praze 14\",\"isPartOf\":{\"@id\":\"https:\/\/www.praha14.cz\/zivot-na-praze-14\/#website\"},\"primaryImageOfPage\":{\"@id\":\"https:\/\/www.praha14.cz\/zivot-na-praze-14\/casopis-ctrnactka-14\/listy-prahy-14\/archiv-12002\/#primaryimage\"},\"image\":{\"@id\":\"https:\/\/www.praha14.cz\/zivot-na-praze-14\/casopis-ctrnactka-14\/listy-prahy-14\/archiv-12002\/#primaryimage\"},\"thumbnailUrl\":\"https:\/\/www.praha14.cz\/app\/uploads\/sites\/3\/2014\/04\/logoListy.jpg\",\"datePublished\":\"2014-04-23T12:27:41+00:00\",\"dateModified\":\"2014-06-18T08:24:08+00:00\",\"breadcrumb\":{\"@id\":\"https:\/\/www.praha14.cz\/zivot-na-praze-14\/casopis-ctrnactka-14\/listy-prahy-14\/archiv-12002\/#breadcrumb\"},\"inLanguage\":\"cs\",\"potentialAction\":[{\"@type\":\"ReadAction\",\"target\":[\"https:\/\/www.praha14.cz\/zivot-na-praze-14\/casopis-ctrnactka-14\/listy-prahy-14\/archiv-12002\/\"]}]},{\"@type\":\"ImageObject\",\"inLanguage\":\"cs\",\"@id\":\"https:\/\/www.praha14.cz\/zivot-na-praze-14\/casopis-ctrnactka-14\/listy-prahy-14\/archiv-12002\/#primaryimage\",\"url\":\"https:\/\/www.praha14.cz\/app\/uploads\/sites\/3\/2014\/04\/logoListy.jpg\",\"contentUrl\":\"https:\/\/www.praha14.cz\/app\/uploads\/sites\/3\/2014\/04\/logoListy.jpg\"},{\"@type\":\"BreadcrumbList\",\"@id\":\"https:\/\/www.praha14.cz\/zivot-na-praze-14\/casopis-ctrnactka-14\/listy-prahy-14\/archiv-12002\/#breadcrumb\",\"itemListElement\":[{\"@type\":\"ListItem\",\"position\":1,\"name\":\"\u017divot na Praze 14\",\"item\":\"https:\/\/www.praha14.cz\/zivot-na-praze-14\/\"},{\"@type\":\"ListItem\",\"position\":2,\"name\":\"\u010casopis \u010ctrn\u00e1ctka\",\"item\":\"https:\/\/www.praha14.cz\/zivot-na-praze-14\/casopis-ctrnactka-14\/\"},{\"@type\":\"ListItem\",\"position\":3,\"name\":\"Listy Prahy 14\",\"item\":\"https:\/\/www.praha14.cz\/zivot-na-praze-14\/casopis-ctrnactka-14\/listy-prahy-14\/\"},{\"@type\":\"ListItem\",\"position\":4,\"name\":\"Archiv &#8211; 1\/2002\"}]},{\"@type\":\"WebSite\",\"@id\":\"https:\/\/www.praha14.cz\/zivot-na-praze-14\/#website\",\"url\":\"https:\/\/www.praha14.cz\/zivot-na-praze-14\/\",\"name\":\"\u017divot na Praze 14\",\"description\":\"\",\"potentialAction\":[{\"@type\":\"SearchAction\",\"target\":{\"@type\":\"EntryPoint\",\"urlTemplate\":\"https:\/\/www.praha14.cz\/zivot-na-praze-14\/?s={search_term_string}\"},\"query-input\":{\"@type\":\"PropertyValueSpecification\",\"valueRequired\":true,\"valueName\":\"search_term_string\"}}],\"inLanguage\":\"cs\"}]}<\/script>\n<!-- \/ Yoast SEO plugin. -->","yoast_head_json":{"title":"Archiv - 1\/2002 - \u017divot na Praze 14","robots":{"index":"index","follow":"follow","max-snippet":"max-snippet:-1","max-image-preview":"max-image-preview:large","max-video-preview":"max-video-preview:-1"},"canonical":"https:\/\/www.praha14.cz\/zivot-na-praze-14\/casopis-ctrnactka-14\/listy-prahy-14\/archiv-12002\/","og_locale":"cs_CZ","og_type":"article","og_title":"Archiv - 1\/2002 - \u017divot na Praze 14","og_description":"Seznam \u010dl\u00e1nk\u016f \u010d. 1\/2002 tituln\u00ed strana strana 7 D\u00edt\u011b se mus\u00ed ka\u017ed\u00fd den sm\u00e1t aneb 1. narozeniny troj\u010d\u00e1tek\u00a0Blahop\u0159\u00e1n\u00ed starosty k\u00a0roku 200 Udr\u017eujme tajemstv\u00ed \u017eeny strana 2 \u00a0\u00a0\u00a0strana 8 Zpravodajstv\u00ed z\u00a0radnice Na co mohou t\u011b\u0161it p\u0159\u00ed\u0161t\u00ed prv\u0148\u00e1\u010dci Z\u00a0odborn\u00fdch komis\u00ed strana 3 strana 9&nbsp; Z\u00a0jedn\u00e1n\u00ed spr\u00e1vn\u00ed rady\u00a0 Na co mohou t\u011b\u0161it p\u0159\u00ed\u0161t\u00ed prv\u0148\u00e1\u010dci Rozpo\u010det na rok 2002...","og_url":"https:\/\/www.praha14.cz\/zivot-na-praze-14\/casopis-ctrnactka-14\/listy-prahy-14\/archiv-12002\/","og_site_name":"\u017divot na Praze 14","article_modified_time":"2014-06-18T08:24:08+00:00","og_image":[{"url":"https:\/\/www.praha14.cz\/app\/uploads\/sites\/3\/2014\/04\/logoListy.jpg","type":"","width":"","height":""}],"twitter_card":"summary_large_image","twitter_misc":{"Est. reading time":"1 minuta"},"schema":{"@context":"https:\/\/schema.org","@graph":[{"@type":"WebPage","@id":"https:\/\/www.praha14.cz\/zivot-na-praze-14\/casopis-ctrnactka-14\/listy-prahy-14\/archiv-12002\/","url":"https:\/\/www.praha14.cz\/zivot-na-praze-14\/casopis-ctrnactka-14\/listy-prahy-14\/archiv-12002\/","name":"Archiv - 1\/2002 - \u017divot na Praze 14","isPartOf":{"@id":"https:\/\/www.praha14.cz\/zivot-na-praze-14\/#website"},"primaryImageOfPage":{"@id":"https:\/\/www.praha14.cz\/zivot-na-praze-14\/casopis-ctrnactka-14\/listy-prahy-14\/archiv-12002\/#primaryimage"},"image":{"@id":"https:\/\/www.praha14.cz\/zivot-na-praze-14\/casopis-ctrnactka-14\/listy-prahy-14\/archiv-12002\/#primaryimage"},"thumbnailUrl":"https:\/\/www.praha14.cz\/app\/uploads\/sites\/3\/2014\/04\/logoListy.jpg","datePublished":"2014-04-23T12:27:41+00:00","dateModified":"2014-06-18T08:24:08+00:00","breadcrumb":{"@id":"https:\/\/www.praha14.cz\/zivot-na-praze-14\/casopis-ctrnactka-14\/listy-prahy-14\/archiv-12002\/#breadcrumb"},"inLanguage":"cs","potentialAction":[{"@type":"ReadAction","target":["https:\/\/www.praha14.cz\/zivot-na-praze-14\/casopis-ctrnactka-14\/listy-prahy-14\/archiv-12002\/"]}]},{"@type":"ImageObject","inLanguage":"cs","@id":"https:\/\/www.praha14.cz\/zivot-na-praze-14\/casopis-ctrnactka-14\/listy-prahy-14\/archiv-12002\/#primaryimage","url":"https:\/\/www.praha14.cz\/app\/uploads\/sites\/3\/2014\/04\/logoListy.jpg","contentUrl":"https:\/\/www.praha14.cz\/app\/uploads\/sites\/3\/2014\/04\/logoListy.jpg"},{"@type":"BreadcrumbList","@id":"https:\/\/www.praha14.cz\/zivot-na-praze-14\/casopis-ctrnactka-14\/listy-prahy-14\/archiv-12002\/#breadcrumb","itemListElement":[{"@type":"ListItem","position":1,"name":"\u017divot na Praze 14","item":"https:\/\/www.praha14.cz\/zivot-na-praze-14\/"},{"@type":"ListItem","position":2,"name":"\u010casopis \u010ctrn\u00e1ctka","item":"https:\/\/www.praha14.cz\/zivot-na-praze-14\/casopis-ctrnactka-14\/"},{"@type":"ListItem","position":3,"name":"Listy Prahy 14","item":"https:\/\/www.praha14.cz\/zivot-na-praze-14\/casopis-ctrnactka-14\/listy-prahy-14\/"},{"@type":"ListItem","position":4,"name":"Archiv &#8211; 1\/2002"}]},{"@type":"WebSite","@id":"https:\/\/www.praha14.cz\/zivot-na-praze-14\/#website","url":"https:\/\/www.praha14.cz\/zivot-na-praze-14\/","name":"\u017divot na Praze 14","description":"","potentialAction":[{"@type":"SearchAction","target":{"@type":"EntryPoint","urlTemplate":"https:\/\/www.praha14.cz\/zivot-na-praze-14\/?s={search_term_string}"},"query-input":{"@type":"PropertyValueSpecification","valueRequired":true,"valueName":"search_term_string"}}],"inLanguage":"cs"}]}},"_links":{"self":[{"href":"https:\/\/www.praha14.cz\/zivot-na-praze-14\/wp-json\/wp\/v2\/pages\/6820","targetHints":{"allow":["GET"]}}],"collection":[{"href":"https:\/\/www.praha14.cz\/zivot-na-praze-14\/wp-json\/wp\/v2\/pages"}],"about":[{"href":"https:\/\/www.praha14.cz\/zivot-na-praze-14\/wp-json\/wp\/v2\/types\/page"}],"author":[{"embeddable":true,"href":"https:\/\/www.praha14.cz\/zivot-na-praze-14\/wp-json\/wp\/v2\/users\/1"}],"replies":[{"embeddable":true,"href":"https:\/\/www.praha14.cz\/zivot-na-praze-14\/wp-json\/wp\/v2\/comments?post=6820"}],"version-history":[{"count":0,"href":"https:\/\/www.praha14.cz\/zivot-na-praze-14\/wp-json\/wp\/v2\/pages\/6820\/revisions"}],"up":[{"embeddable":true,"href":"https:\/\/www.praha14.cz\/zivot-na-praze-14\/wp-json\/wp\/v2\/pages\/409"}],"wp:attachment":[{"href":"https:\/\/www.praha14.cz\/zivot-na-praze-14\/wp-json\/wp\/v2\/media?parent=6820"}],"curies":[{"name":"wp","href":"https:\/\/api.w.org\/{rel}","templated":true}]}}