{"id":71756,"date":"2025-03-13T09:46:00","date_gmt":"2025-03-13T09:46:00","guid":{"rendered":"https:\/\/www.praha14.cz\/zivot-na-praze-14\/?page_id=71756"},"modified":"2025-03-13T09:46:00","modified_gmt":"2025-03-13T09:46:00","slug":"jaroslav-dobrovolny","status":"publish","type":"page","link":"https:\/\/www.praha14.cz\/zivot-na-praze-14\/jaroslav-dobrovolny\/","title":{"rendered":"Jaroslav Dobrovoln\u00fd"},"content":{"rendered":"<p><strong>JAROSLAV DOBROVOLN\u00dd, plukovn\u00edk ve v\u00fdslu\u017eb\u011b <img loading=\"lazy\" decoding=\"async\" class=\"alignright wp-image-71757 size-full\" src=\"https:\/\/www.praha14.cz\/app\/uploads\/sites\/4\/2025\/03\/Dobrovolny_orez_NEPLATNY-e1741859142517.png\" alt=\"Dobrovoln\u00fd\" width=\"280\" height=\"361\" \/><\/strong><\/p>\n<p>Jedin\u00fd z pilot\u016f RAF, kter\u00fd \u010d\u00e1st \u017eivota pob\u00fdval v Praze 14. Sice ne na \u010cern\u00e9m Most\u011b, ale v Hloub\u011bt\u00edn\u011b. A tak\u00e9 jeden z m\u00e1la, kter\u00fd se do\u017eil zaslou\u017eil\u00e9ho v\u011bku. Dobrovoln\u00fd se narodil v roce 1915 ve Velk\u00fdch Host\u011br\u00e1dk\u00e1ch u B\u0159eclavi. Vyu\u010dil se strojn\u00edm z\u00e1me\u010dn\u00edkem a n\u00e1sledn\u011b absolvoval pilotn\u00ed v\u00fdcvik v Olomouci. B\u011bhem v\u00e1lky slou\u017eil v RAF jako st\u00edhac\u00ed pilot, l\u00e9tal na legend\u00e1rn\u00edch letounech Spitfire. V roce 1942 byl p\u0159i souboji nad mo\u0159em zasa\u017een z\u00e1palnou fosforovou st\u0159elou do prav\u00e9ho stehna a b\u0159icha, p\u0159esto dok\u00e1zal p\u0159ist\u00e1t na z\u00e1kladn\u011b. Zran\u011bn\u00ed v\u0161ak m\u011blo trval\u00e9 n\u00e1sledky, musel podstoupit v\u00edce ne\u017e t\u0159icet operac\u00ed, co\u017e ho do\u017eivotn\u011b poznamenalo. Po v\u00e1lce byl demobilizov\u00e1n a nastoupil jako zku\u0161ebn\u00ed a dopravn\u00ed pilot u Leteck\u00e9 spr\u00e1vy Ministerstva dopravy, kde do roku 1950 nal\u00e9tal p\u0159es 458 000 km. V lednu 1951 byl v\u0161ak propu\u0161t\u011bn, v b\u0159eznu t\u00e9ho\u017e roku zat\u010den a odsouzen k \u0161esti m\u011bs\u00edc\u016fm v\u011bzen\u00ed za \u00fadajn\u00e9 ohro\u017een\u00ed a po\u0161kozov\u00e1n\u00ed republiky. Po propu\u0161t\u011bn\u00ed z vazby m\u011bl pot\u00ed\u017ee s nalezen\u00edm zam\u011bstn\u00e1n\u00ed, nakonec pracoval jako d\u011bln\u00edk, skladn\u00edk a hospod\u00e1\u0159sk\u00fd pracovn\u00edk ve firm\u011b K\u0159i\u017e\u00edk. V roce 1969 byl soudn\u011b rehabilitov\u00e1n a zpro\u0161t\u011bn ob\u017ealoby. I p\u0159es utrpen\u00ed, kter\u00fdm pro\u0161el, z\u016fstal aktivn\u00edm \u010dlenem leteck\u00e9 komunity a pod\u00edlel se na udr\u017eov\u00e1n\u00ed pam\u00e1tky \u010deskoslovensk\u00fdch letc\u016f v RAF. Zem\u0159el 6. kv\u011btna 1996 v Praze-Hloub\u011bt\u00edn\u011b. Jeho \u017eivot je p\u0159\u00edb\u011bhem odvahy a vytrvalosti nejen v boji proti nacismu, ale i v p\u0159ekon\u00e1v\u00e1n\u00ed p\u0159ek\u00e1\u017eek, kter\u00e9 mu p\u0159inesl pov\u00e1le\u010dn\u00fd totalitn\u00ed re\u017eim. Sv\u011bd\u010d\u00ed o hou\u017eevnatosti a nezdoln\u00e9m duchu \u010deskoslovensk\u00fdch letc\u016f.<\/p>\n","protected":false},"excerpt":{"rendered":"<p>JAROSLAV DOBROVOLN\u00dd, plukovn\u00edk ve v\u00fdslu\u017eb\u011b Jedin\u00fd z pilot\u016f RAF, kter\u00fd \u010d\u00e1st \u017eivota pob\u00fdval v Praze 14. Sice ne na \u010cern\u00e9m Most\u011b, ale v Hloub\u011bt\u00edn\u011b. A tak\u00e9 jeden z m\u00e1la, kter\u00fd se do\u017eil zaslou\u017eil\u00e9ho v\u011bku. Dobrovoln\u00fd se narodil v roce 1915 ve Velk\u00fdch Host\u011br\u00e1dk\u00e1ch u B\u0159eclavi. Vyu\u010dil se strojn\u00edm z\u00e1me\u010dn\u00edkem a n\u00e1sledn\u011b absolvoval pilotn\u00ed v\u00fdcvik v&#8230;<\/p>\n","protected":false},"author":1057,"featured_media":0,"parent":0,"menu_order":0,"comment_status":"closed","ping_status":"closed","template":"","meta":{"_acf_changed":false,"footnotes":""},"class_list":["post-71756","page","type-page","status-publish","hentry"],"acf":[],"yoast_head":"<!-- This site is optimized with the Yoast SEO plugin v27.2 - https:\/\/yoast.com\/product\/yoast-seo-wordpress\/ -->\n<title>Jaroslav Dobrovoln\u00fd - \u017divot na Praze 14<\/title>\n<meta name=\"robots\" content=\"index, follow, max-snippet:-1, max-image-preview:large, max-video-preview:-1\" \/>\n<link rel=\"canonical\" href=\"https:\/\/www.praha14.cz\/zivot-na-praze-14\/jaroslav-dobrovolny\/\" \/>\n<meta property=\"og:locale\" content=\"cs_CZ\" \/>\n<meta property=\"og:type\" content=\"article\" \/>\n<meta property=\"og:title\" content=\"Jaroslav Dobrovoln\u00fd - \u017divot na Praze 14\" \/>\n<meta property=\"og:description\" content=\"JAROSLAV DOBROVOLN\u00dd, plukovn\u00edk ve v\u00fdslu\u017eb\u011b Jedin\u00fd z pilot\u016f RAF, kter\u00fd \u010d\u00e1st \u017eivota pob\u00fdval v Praze 14. Sice ne na \u010cern\u00e9m Most\u011b, ale v Hloub\u011bt\u00edn\u011b. A tak\u00e9 jeden z m\u00e1la, kter\u00fd se do\u017eil zaslou\u017eil\u00e9ho v\u011bku. Dobrovoln\u00fd se narodil v roce 1915 ve Velk\u00fdch Host\u011br\u00e1dk\u00e1ch u B\u0159eclavi. Vyu\u010dil se strojn\u00edm z\u00e1me\u010dn\u00edkem a n\u00e1sledn\u011b absolvoval pilotn\u00ed v\u00fdcvik v...\" \/>\n<meta property=\"og:url\" content=\"https:\/\/www.praha14.cz\/zivot-na-praze-14\/jaroslav-dobrovolny\/\" \/>\n<meta property=\"og:site_name\" content=\"\u017divot na Praze 14\" \/>\n<meta property=\"og:image\" content=\"https:\/\/www.praha14.cz\/app\/uploads\/sites\/4\/2025\/03\/Dobrovolny_orez_NEPLATNY-e1741859142517.png\" \/>\n\t<meta property=\"og:image:width\" content=\"280\" \/>\n\t<meta property=\"og:image:height\" content=\"361\" \/>\n\t<meta property=\"og:image:type\" content=\"image\/png\" \/>\n<meta name=\"twitter:card\" content=\"summary_large_image\" \/>\n<meta name=\"twitter:label1\" content=\"Est. reading time\" \/>\n\t<meta name=\"twitter:data1\" content=\"2 minuty\" \/>\n<script type=\"application\/ld+json\" class=\"yoast-schema-graph\">{\"@context\":\"https:\/\/schema.org\",\"@graph\":[{\"@type\":\"WebPage\",\"@id\":\"https:\/\/www.praha14.cz\/zivot-na-praze-14\/jaroslav-dobrovolny\/\",\"url\":\"https:\/\/www.praha14.cz\/zivot-na-praze-14\/jaroslav-dobrovolny\/\",\"name\":\"Jaroslav Dobrovoln\u00fd - \u017divot na Praze 14\",\"isPartOf\":{\"@id\":\"https:\/\/www.praha14.cz\/zivot-na-praze-14\/#website\"},\"primaryImageOfPage\":{\"@id\":\"https:\/\/www.praha14.cz\/zivot-na-praze-14\/jaroslav-dobrovolny\/#primaryimage\"},\"image\":{\"@id\":\"https:\/\/www.praha14.cz\/zivot-na-praze-14\/jaroslav-dobrovolny\/#primaryimage\"},\"thumbnailUrl\":\"https:\/\/www.praha14.cz\/app\/uploads\/sites\/4\/2025\/03\/Dobrovolny_orez_NEPLATNY-e1741859142517.png\",\"datePublished\":\"2025-03-13T09:46:00+00:00\",\"breadcrumb\":{\"@id\":\"https:\/\/www.praha14.cz\/zivot-na-praze-14\/jaroslav-dobrovolny\/#breadcrumb\"},\"inLanguage\":\"cs\",\"potentialAction\":[{\"@type\":\"ReadAction\",\"target\":[\"https:\/\/www.praha14.cz\/zivot-na-praze-14\/jaroslav-dobrovolny\/\"]}]},{\"@type\":\"ImageObject\",\"inLanguage\":\"cs\",\"@id\":\"https:\/\/www.praha14.cz\/zivot-na-praze-14\/jaroslav-dobrovolny\/#primaryimage\",\"url\":\"https:\/\/www.praha14.cz\/app\/uploads\/sites\/4\/2025\/03\/Dobrovolny_orez_NEPLATNY-e1741859142517.png\",\"contentUrl\":\"https:\/\/www.praha14.cz\/app\/uploads\/sites\/4\/2025\/03\/Dobrovolny_orez_NEPLATNY-e1741859142517.png\"},{\"@type\":\"BreadcrumbList\",\"@id\":\"https:\/\/www.praha14.cz\/zivot-na-praze-14\/jaroslav-dobrovolny\/#breadcrumb\",\"itemListElement\":[{\"@type\":\"ListItem\",\"position\":1,\"name\":\"\u017divot na Praze 14\",\"item\":\"https:\/\/www.praha14.cz\/zivot-na-praze-14\/\"},{\"@type\":\"ListItem\",\"position\":2,\"name\":\"Jaroslav Dobrovoln\u00fd\"}]},{\"@type\":\"WebSite\",\"@id\":\"https:\/\/www.praha14.cz\/zivot-na-praze-14\/#website\",\"url\":\"https:\/\/www.praha14.cz\/zivot-na-praze-14\/\",\"name\":\"\u017divot na Praze 14\",\"description\":\"\",\"potentialAction\":[{\"@type\":\"SearchAction\",\"target\":{\"@type\":\"EntryPoint\",\"urlTemplate\":\"https:\/\/www.praha14.cz\/zivot-na-praze-14\/?s={search_term_string}\"},\"query-input\":{\"@type\":\"PropertyValueSpecification\",\"valueRequired\":true,\"valueName\":\"search_term_string\"}}],\"inLanguage\":\"cs\"}]}<\/script>\n<!-- \/ Yoast SEO plugin. -->","yoast_head_json":{"title":"Jaroslav Dobrovoln\u00fd - \u017divot na Praze 14","robots":{"index":"index","follow":"follow","max-snippet":"max-snippet:-1","max-image-preview":"max-image-preview:large","max-video-preview":"max-video-preview:-1"},"canonical":"https:\/\/www.praha14.cz\/zivot-na-praze-14\/jaroslav-dobrovolny\/","og_locale":"cs_CZ","og_type":"article","og_title":"Jaroslav Dobrovoln\u00fd - \u017divot na Praze 14","og_description":"JAROSLAV DOBROVOLN\u00dd, plukovn\u00edk ve v\u00fdslu\u017eb\u011b Jedin\u00fd z pilot\u016f RAF, kter\u00fd \u010d\u00e1st \u017eivota pob\u00fdval v Praze 14. Sice ne na \u010cern\u00e9m Most\u011b, ale v Hloub\u011bt\u00edn\u011b. A tak\u00e9 jeden z m\u00e1la, kter\u00fd se do\u017eil zaslou\u017eil\u00e9ho v\u011bku. Dobrovoln\u00fd se narodil v roce 1915 ve Velk\u00fdch Host\u011br\u00e1dk\u00e1ch u B\u0159eclavi. Vyu\u010dil se strojn\u00edm z\u00e1me\u010dn\u00edkem a n\u00e1sledn\u011b absolvoval pilotn\u00ed v\u00fdcvik v...","og_url":"https:\/\/www.praha14.cz\/zivot-na-praze-14\/jaroslav-dobrovolny\/","og_site_name":"\u017divot na Praze 14","og_image":[{"width":280,"height":361,"url":"https:\/\/www.praha14.cz\/app\/uploads\/sites\/4\/2025\/03\/Dobrovolny_orez_NEPLATNY-e1741859142517.png","type":"image\/png"}],"twitter_card":"summary_large_image","twitter_misc":{"Est. reading time":"2 minuty"},"schema":{"@context":"https:\/\/schema.org","@graph":[{"@type":"WebPage","@id":"https:\/\/www.praha14.cz\/zivot-na-praze-14\/jaroslav-dobrovolny\/","url":"https:\/\/www.praha14.cz\/zivot-na-praze-14\/jaroslav-dobrovolny\/","name":"Jaroslav Dobrovoln\u00fd - \u017divot na Praze 14","isPartOf":{"@id":"https:\/\/www.praha14.cz\/zivot-na-praze-14\/#website"},"primaryImageOfPage":{"@id":"https:\/\/www.praha14.cz\/zivot-na-praze-14\/jaroslav-dobrovolny\/#primaryimage"},"image":{"@id":"https:\/\/www.praha14.cz\/zivot-na-praze-14\/jaroslav-dobrovolny\/#primaryimage"},"thumbnailUrl":"https:\/\/www.praha14.cz\/app\/uploads\/sites\/4\/2025\/03\/Dobrovolny_orez_NEPLATNY-e1741859142517.png","datePublished":"2025-03-13T09:46:00+00:00","breadcrumb":{"@id":"https:\/\/www.praha14.cz\/zivot-na-praze-14\/jaroslav-dobrovolny\/#breadcrumb"},"inLanguage":"cs","potentialAction":[{"@type":"ReadAction","target":["https:\/\/www.praha14.cz\/zivot-na-praze-14\/jaroslav-dobrovolny\/"]}]},{"@type":"ImageObject","inLanguage":"cs","@id":"https:\/\/www.praha14.cz\/zivot-na-praze-14\/jaroslav-dobrovolny\/#primaryimage","url":"https:\/\/www.praha14.cz\/app\/uploads\/sites\/4\/2025\/03\/Dobrovolny_orez_NEPLATNY-e1741859142517.png","contentUrl":"https:\/\/www.praha14.cz\/app\/uploads\/sites\/4\/2025\/03\/Dobrovolny_orez_NEPLATNY-e1741859142517.png"},{"@type":"BreadcrumbList","@id":"https:\/\/www.praha14.cz\/zivot-na-praze-14\/jaroslav-dobrovolny\/#breadcrumb","itemListElement":[{"@type":"ListItem","position":1,"name":"\u017divot na Praze 14","item":"https:\/\/www.praha14.cz\/zivot-na-praze-14\/"},{"@type":"ListItem","position":2,"name":"Jaroslav Dobrovoln\u00fd"}]},{"@type":"WebSite","@id":"https:\/\/www.praha14.cz\/zivot-na-praze-14\/#website","url":"https:\/\/www.praha14.cz\/zivot-na-praze-14\/","name":"\u017divot na Praze 14","description":"","potentialAction":[{"@type":"SearchAction","target":{"@type":"EntryPoint","urlTemplate":"https:\/\/www.praha14.cz\/zivot-na-praze-14\/?s={search_term_string}"},"query-input":{"@type":"PropertyValueSpecification","valueRequired":true,"valueName":"search_term_string"}}],"inLanguage":"cs"}]}},"_links":{"self":[{"href":"https:\/\/www.praha14.cz\/zivot-na-praze-14\/wp-json\/wp\/v2\/pages\/71756","targetHints":{"allow":["GET"]}}],"collection":[{"href":"https:\/\/www.praha14.cz\/zivot-na-praze-14\/wp-json\/wp\/v2\/pages"}],"about":[{"href":"https:\/\/www.praha14.cz\/zivot-na-praze-14\/wp-json\/wp\/v2\/types\/page"}],"author":[{"embeddable":true,"href":"https:\/\/www.praha14.cz\/zivot-na-praze-14\/wp-json\/wp\/v2\/users\/1057"}],"replies":[{"embeddable":true,"href":"https:\/\/www.praha14.cz\/zivot-na-praze-14\/wp-json\/wp\/v2\/comments?post=71756"}],"version-history":[{"count":1,"href":"https:\/\/www.praha14.cz\/zivot-na-praze-14\/wp-json\/wp\/v2\/pages\/71756\/revisions"}],"predecessor-version":[{"id":71758,"href":"https:\/\/www.praha14.cz\/zivot-na-praze-14\/wp-json\/wp\/v2\/pages\/71756\/revisions\/71758"}],"wp:attachment":[{"href":"https:\/\/www.praha14.cz\/zivot-na-praze-14\/wp-json\/wp\/v2\/media?parent=71756"}],"curies":[{"name":"wp","href":"https:\/\/api.w.org\/{rel}","templated":true}]}}