{"id":71814,"date":"2025-03-31T12:10:56","date_gmt":"2025-03-31T12:10:56","guid":{"rendered":"https:\/\/www.praha14.cz\/zivot-na-praze-14\/?page_id=71814"},"modified":"2026-01-30T12:13:47","modified_gmt":"2026-01-30T12:13:47","slug":"jaroslav-mares","status":"publish","type":"page","link":"https:\/\/www.praha14.cz\/zivot-na-praze-14\/jaroslav-mares\/","title":{"rendered":"JAROSLAV MARE\u0160"},"content":{"rendered":"<p><strong>Pplk. in mem. Jaroslav Mare\u0161<img loading=\"lazy\" decoding=\"async\" class=\"wp-image-71815 alignright\" src=\"https:\/\/www.praha14.cz\/app\/uploads\/sites\/4\/2025\/03\/Jaroslav_Mares-1.jpg\" alt=\"Jaroslav_Mare\u0161\" width=\"310\" height=\"346\" srcset=\"https:\/\/www.praha14.cz\/app\/uploads\/sites\/4\/2025\/03\/Jaroslav_Mares-1.jpg 930w, https:\/\/www.praha14.cz\/app\/uploads\/sites\/4\/2025\/03\/Jaroslav_Mares-1-332x370.jpg 332w, https:\/\/www.praha14.cz\/app\/uploads\/sites\/4\/2025\/03\/Jaroslav_Mares-1-917x1024.jpg 917w, https:\/\/www.praha14.cz\/app\/uploads\/sites\/4\/2025\/03\/Jaroslav_Mares-1-768x857.jpg 768w\" sizes=\"(max-width: 310px) 100vw, 310px\" \/><\/strong><\/p>\n<p>Jaroslav Mare\u0161 nebyl st\u00edhac\u00ed ani bombardovac\u00ed pilot, p\u0159edstavuje tak m\u00e9n\u011b zn\u00e1m\u00fd p\u0159\u00edb\u011bh \u010deskoslovensk\u00fdch letc\u016f RAF. P\u016fvodn\u011b se vyu\u010dil leteck\u00fdm mechanikem a postupn\u011b se vypracoval na radiotelegrafistu a navig\u00e1tora. Po odchodu do zahrani\u010d\u00ed se stal p\u0159\u00edslu\u0161n\u00edkem RAF, kde slou\u017eil u 11. opera\u010dn\u011b v\u00fdcvikov\u00e9 jednotky, je\u017e cvi\u010dila pos\u00e1dky dvoumotorov\u00fdch bombard\u00e9r\u016f. Radiotelegrafist\u00e9 m\u011bli z\u00e1sadn\u00ed \u00fakol \u2013 udr\u017eovat spojen\u00ed, navigovat pos\u00e1dku a v krizov\u00fdch situac\u00edch napom\u00e1hat p\u0159e\u017eit\u00ed.<\/p>\n<p>V roce 1943 p\u0159e\u0161el Mare\u0161 do utajovan\u00e9 11. Radar School, odkud byl vysl\u00e1n do z\u00e1mo\u0159\u00ed. Vybran\u00e1 skupina \u010ds. letc\u016f odplula do New Yorku. V New Yorku tehdy pob\u00fdval i prezident Edvard Bene\u0161, kter\u00e9mu byli p\u0159edstaveni na recepci v hotelu Waldorf Astoria. Z New Yorku odjeli vlakem a pozd\u011bji lod\u00ed na Bahamsk\u00e9 ostrovy. Tam se formovaly a proch\u00e1zely v\u00fdcvikem nesecvi\u010den\u00e9 os\u00e1dky, jak to vy\u017eadovala jejich budouc\u00ed \u010dinnost u Coastal Command. Bohu\u017eel p\u0159i jednom cvi\u010dn\u00e9m letu do\u0161lo k trag\u00e9dii: stroj havaroval kr\u00e1tce po startu u ostrova Nassau na Baham\u00e1ch, cel\u00e1 pos\u00e1dka zahynula.<\/p>\n<p>Osud Jaroslava Mare\u0161e p\u0159ipom\u00edn\u00e1, \u017ee v\u00e1lka nebyla jen p\u0159\u00edb\u011bhem slavn\u00fdch es, ale tak\u00e9 tis\u00edc\u016f odborn\u00edk\u016f v podp\u016frn\u00fdch rol\u00edch, jejich\u017e pr\u00e1ce byla kl\u00ed\u010dov\u00e1. Radiotelegrafist\u00e9 byli nepostradateln\u00ed a \u010dasto nesli stejn\u00e9 riziko jako piloti. Mare\u0161 zaplatil \u017eivotem za slu\u017ebu, kter\u00e1 byla m\u00e9n\u011b viditeln\u00e1, ale nem\u00e9n\u011b hrdinsk\u00e1.<\/p>\n<p>&nbsp;<\/p>\n","protected":false},"excerpt":{"rendered":"<p>Pplk. in mem. Jaroslav Mare\u0161 Jaroslav Mare\u0161 nebyl st\u00edhac\u00ed ani bombardovac\u00ed pilot, p\u0159edstavuje tak m\u00e9n\u011b zn\u00e1m\u00fd p\u0159\u00edb\u011bh \u010deskoslovensk\u00fdch letc\u016f RAF. P\u016fvodn\u011b se vyu\u010dil leteck\u00fdm mechanikem a postupn\u011b se vypracoval na radiotelegrafistu a navig\u00e1tora. Po odchodu do zahrani\u010d\u00ed se stal p\u0159\u00edslu\u0161n\u00edkem RAF, kde slou\u017eil u 11. opera\u010dn\u011b v\u00fdcvikov\u00e9 jednotky, je\u017e cvi\u010dila pos\u00e1dky dvoumotorov\u00fdch bombard\u00e9r\u016f. Radiotelegrafist\u00e9 m\u011bli&#8230;<\/p>\n","protected":false},"author":6,"featured_media":0,"parent":0,"menu_order":0,"comment_status":"closed","ping_status":"closed","template":"","meta":{"_acf_changed":false,"footnotes":""},"class_list":["post-71814","page","type-page","status-publish","hentry"],"acf":[],"yoast_head":"<!-- This site is optimized with the Yoast SEO plugin v27.2 - https:\/\/yoast.com\/product\/yoast-seo-wordpress\/ -->\n<title>JAROSLAV MARE\u0160 - \u017divot na Praze 14<\/title>\n<meta name=\"robots\" content=\"index, follow, max-snippet:-1, max-image-preview:large, max-video-preview:-1\" \/>\n<link rel=\"canonical\" href=\"https:\/\/www.praha14.cz\/zivot-na-praze-14\/jaroslav-mares\/\" \/>\n<meta property=\"og:locale\" content=\"cs_CZ\" \/>\n<meta property=\"og:type\" content=\"article\" \/>\n<meta property=\"og:title\" content=\"JAROSLAV MARE\u0160 - \u017divot na Praze 14\" \/>\n<meta property=\"og:description\" content=\"Pplk. in mem. Jaroslav Mare\u0161 Jaroslav Mare\u0161 nebyl st\u00edhac\u00ed ani bombardovac\u00ed pilot, p\u0159edstavuje tak m\u00e9n\u011b zn\u00e1m\u00fd p\u0159\u00edb\u011bh \u010deskoslovensk\u00fdch letc\u016f RAF. P\u016fvodn\u011b se vyu\u010dil leteck\u00fdm mechanikem a postupn\u011b se vypracoval na radiotelegrafistu a navig\u00e1tora. Po odchodu do zahrani\u010d\u00ed se stal p\u0159\u00edslu\u0161n\u00edkem RAF, kde slou\u017eil u 11. opera\u010dn\u011b v\u00fdcvikov\u00e9 jednotky, je\u017e cvi\u010dila pos\u00e1dky dvoumotorov\u00fdch bombard\u00e9r\u016f. Radiotelegrafist\u00e9 m\u011bli...\" \/>\n<meta property=\"og:url\" content=\"https:\/\/www.praha14.cz\/zivot-na-praze-14\/jaroslav-mares\/\" \/>\n<meta property=\"og:site_name\" content=\"\u017divot na Praze 14\" \/>\n<meta property=\"article:modified_time\" content=\"2026-01-30T12:13:47+00:00\" \/>\n<meta property=\"og:image\" content=\"https:\/\/www.praha14.cz\/app\/uploads\/sites\/4\/2025\/03\/Jaroslav_Mares-1.jpg\" \/>\n\t<meta property=\"og:image:width\" content=\"930\" \/>\n\t<meta property=\"og:image:height\" content=\"1038\" \/>\n\t<meta property=\"og:image:type\" content=\"image\/jpeg\" \/>\n<meta name=\"twitter:card\" content=\"summary_large_image\" \/>\n<meta name=\"twitter:label1\" content=\"Est. reading time\" \/>\n\t<meta name=\"twitter:data1\" content=\"2 minuty\" \/>\n<script type=\"application\/ld+json\" class=\"yoast-schema-graph\">{\"@context\":\"https:\/\/schema.org\",\"@graph\":[{\"@type\":\"WebPage\",\"@id\":\"https:\/\/www.praha14.cz\/zivot-na-praze-14\/jaroslav-mares\/\",\"url\":\"https:\/\/www.praha14.cz\/zivot-na-praze-14\/jaroslav-mares\/\",\"name\":\"JAROSLAV MARE\u0160 - \u017divot na Praze 14\",\"isPartOf\":{\"@id\":\"https:\/\/www.praha14.cz\/zivot-na-praze-14\/#website\"},\"primaryImageOfPage\":{\"@id\":\"https:\/\/www.praha14.cz\/zivot-na-praze-14\/jaroslav-mares\/#primaryimage\"},\"image\":{\"@id\":\"https:\/\/www.praha14.cz\/zivot-na-praze-14\/jaroslav-mares\/#primaryimage\"},\"thumbnailUrl\":\"https:\/\/www.praha14.cz\/app\/uploads\/sites\/4\/2025\/03\/Jaroslav_Mares-1.jpg\",\"datePublished\":\"2025-03-31T12:10:56+00:00\",\"dateModified\":\"2026-01-30T12:13:47+00:00\",\"breadcrumb\":{\"@id\":\"https:\/\/www.praha14.cz\/zivot-na-praze-14\/jaroslav-mares\/#breadcrumb\"},\"inLanguage\":\"cs\",\"potentialAction\":[{\"@type\":\"ReadAction\",\"target\":[\"https:\/\/www.praha14.cz\/zivot-na-praze-14\/jaroslav-mares\/\"]}]},{\"@type\":\"ImageObject\",\"inLanguage\":\"cs\",\"@id\":\"https:\/\/www.praha14.cz\/zivot-na-praze-14\/jaroslav-mares\/#primaryimage\",\"url\":\"https:\/\/www.praha14.cz\/app\/uploads\/sites\/4\/2025\/03\/Jaroslav_Mares-1.jpg\",\"contentUrl\":\"https:\/\/www.praha14.cz\/app\/uploads\/sites\/4\/2025\/03\/Jaroslav_Mares-1.jpg\"},{\"@type\":\"BreadcrumbList\",\"@id\":\"https:\/\/www.praha14.cz\/zivot-na-praze-14\/jaroslav-mares\/#breadcrumb\",\"itemListElement\":[{\"@type\":\"ListItem\",\"position\":1,\"name\":\"\u017divot na Praze 14\",\"item\":\"https:\/\/www.praha14.cz\/zivot-na-praze-14\/\"},{\"@type\":\"ListItem\",\"position\":2,\"name\":\"JAROSLAV MARE\u0160\"}]},{\"@type\":\"WebSite\",\"@id\":\"https:\/\/www.praha14.cz\/zivot-na-praze-14\/#website\",\"url\":\"https:\/\/www.praha14.cz\/zivot-na-praze-14\/\",\"name\":\"\u017divot na Praze 14\",\"description\":\"\",\"potentialAction\":[{\"@type\":\"SearchAction\",\"target\":{\"@type\":\"EntryPoint\",\"urlTemplate\":\"https:\/\/www.praha14.cz\/zivot-na-praze-14\/?s={search_term_string}\"},\"query-input\":{\"@type\":\"PropertyValueSpecification\",\"valueRequired\":true,\"valueName\":\"search_term_string\"}}],\"inLanguage\":\"cs\"}]}<\/script>\n<!-- \/ Yoast SEO plugin. -->","yoast_head_json":{"title":"JAROSLAV MARE\u0160 - \u017divot na Praze 14","robots":{"index":"index","follow":"follow","max-snippet":"max-snippet:-1","max-image-preview":"max-image-preview:large","max-video-preview":"max-video-preview:-1"},"canonical":"https:\/\/www.praha14.cz\/zivot-na-praze-14\/jaroslav-mares\/","og_locale":"cs_CZ","og_type":"article","og_title":"JAROSLAV MARE\u0160 - \u017divot na Praze 14","og_description":"Pplk. in mem. Jaroslav Mare\u0161 Jaroslav Mare\u0161 nebyl st\u00edhac\u00ed ani bombardovac\u00ed pilot, p\u0159edstavuje tak m\u00e9n\u011b zn\u00e1m\u00fd p\u0159\u00edb\u011bh \u010deskoslovensk\u00fdch letc\u016f RAF. P\u016fvodn\u011b se vyu\u010dil leteck\u00fdm mechanikem a postupn\u011b se vypracoval na radiotelegrafistu a navig\u00e1tora. Po odchodu do zahrani\u010d\u00ed se stal p\u0159\u00edslu\u0161n\u00edkem RAF, kde slou\u017eil u 11. opera\u010dn\u011b v\u00fdcvikov\u00e9 jednotky, je\u017e cvi\u010dila pos\u00e1dky dvoumotorov\u00fdch bombard\u00e9r\u016f. Radiotelegrafist\u00e9 m\u011bli...","og_url":"https:\/\/www.praha14.cz\/zivot-na-praze-14\/jaroslav-mares\/","og_site_name":"\u017divot na Praze 14","article_modified_time":"2026-01-30T12:13:47+00:00","og_image":[{"width":930,"height":1038,"url":"https:\/\/www.praha14.cz\/app\/uploads\/sites\/4\/2025\/03\/Jaroslav_Mares-1.jpg","type":"image\/jpeg"}],"twitter_card":"summary_large_image","twitter_misc":{"Est. reading time":"2 minuty"},"schema":{"@context":"https:\/\/schema.org","@graph":[{"@type":"WebPage","@id":"https:\/\/www.praha14.cz\/zivot-na-praze-14\/jaroslav-mares\/","url":"https:\/\/www.praha14.cz\/zivot-na-praze-14\/jaroslav-mares\/","name":"JAROSLAV MARE\u0160 - \u017divot na Praze 14","isPartOf":{"@id":"https:\/\/www.praha14.cz\/zivot-na-praze-14\/#website"},"primaryImageOfPage":{"@id":"https:\/\/www.praha14.cz\/zivot-na-praze-14\/jaroslav-mares\/#primaryimage"},"image":{"@id":"https:\/\/www.praha14.cz\/zivot-na-praze-14\/jaroslav-mares\/#primaryimage"},"thumbnailUrl":"https:\/\/www.praha14.cz\/app\/uploads\/sites\/4\/2025\/03\/Jaroslav_Mares-1.jpg","datePublished":"2025-03-31T12:10:56+00:00","dateModified":"2026-01-30T12:13:47+00:00","breadcrumb":{"@id":"https:\/\/www.praha14.cz\/zivot-na-praze-14\/jaroslav-mares\/#breadcrumb"},"inLanguage":"cs","potentialAction":[{"@type":"ReadAction","target":["https:\/\/www.praha14.cz\/zivot-na-praze-14\/jaroslav-mares\/"]}]},{"@type":"ImageObject","inLanguage":"cs","@id":"https:\/\/www.praha14.cz\/zivot-na-praze-14\/jaroslav-mares\/#primaryimage","url":"https:\/\/www.praha14.cz\/app\/uploads\/sites\/4\/2025\/03\/Jaroslav_Mares-1.jpg","contentUrl":"https:\/\/www.praha14.cz\/app\/uploads\/sites\/4\/2025\/03\/Jaroslav_Mares-1.jpg"},{"@type":"BreadcrumbList","@id":"https:\/\/www.praha14.cz\/zivot-na-praze-14\/jaroslav-mares\/#breadcrumb","itemListElement":[{"@type":"ListItem","position":1,"name":"\u017divot na Praze 14","item":"https:\/\/www.praha14.cz\/zivot-na-praze-14\/"},{"@type":"ListItem","position":2,"name":"JAROSLAV MARE\u0160"}]},{"@type":"WebSite","@id":"https:\/\/www.praha14.cz\/zivot-na-praze-14\/#website","url":"https:\/\/www.praha14.cz\/zivot-na-praze-14\/","name":"\u017divot na Praze 14","description":"","potentialAction":[{"@type":"SearchAction","target":{"@type":"EntryPoint","urlTemplate":"https:\/\/www.praha14.cz\/zivot-na-praze-14\/?s={search_term_string}"},"query-input":{"@type":"PropertyValueSpecification","valueRequired":true,"valueName":"search_term_string"}}],"inLanguage":"cs"}]}},"_links":{"self":[{"href":"https:\/\/www.praha14.cz\/zivot-na-praze-14\/wp-json\/wp\/v2\/pages\/71814","targetHints":{"allow":["GET"]}}],"collection":[{"href":"https:\/\/www.praha14.cz\/zivot-na-praze-14\/wp-json\/wp\/v2\/pages"}],"about":[{"href":"https:\/\/www.praha14.cz\/zivot-na-praze-14\/wp-json\/wp\/v2\/types\/page"}],"author":[{"embeddable":true,"href":"https:\/\/www.praha14.cz\/zivot-na-praze-14\/wp-json\/wp\/v2\/users\/6"}],"replies":[{"embeddable":true,"href":"https:\/\/www.praha14.cz\/zivot-na-praze-14\/wp-json\/wp\/v2\/comments?post=71814"}],"version-history":[{"count":3,"href":"https:\/\/www.praha14.cz\/zivot-na-praze-14\/wp-json\/wp\/v2\/pages\/71814\/revisions"}],"predecessor-version":[{"id":73889,"href":"https:\/\/www.praha14.cz\/zivot-na-praze-14\/wp-json\/wp\/v2\/pages\/71814\/revisions\/73889"}],"wp:attachment":[{"href":"https:\/\/www.praha14.cz\/zivot-na-praze-14\/wp-json\/wp\/v2\/media?parent=71814"}],"curies":[{"name":"wp","href":"https:\/\/api.w.org\/{rel}","templated":true}]}}