{"id":72323,"date":"2025-06-06T09:20:26","date_gmt":"2025-06-06T09:20:26","guid":{"rendered":"https:\/\/www.praha14.cz\/zivot-na-praze-14\/?page_id=72323"},"modified":"2026-03-27T08:54:35","modified_gmt":"2026-03-27T08:54:35","slug":"hloubetinska-55-h55","status":"publish","type":"page","link":"https:\/\/www.praha14.cz\/zivot-na-praze-14\/hloubetinska-55-h55\/","title":{"rendered":"Hloub\u011bt\u00ednsk\u00e1 55 (H55)"},"content":{"rendered":"<p><img loading=\"lazy\" decoding=\"async\" class=\"wp-image-72338 alignright\" src=\"https:\/\/www.praha14.cz\/app\/uploads\/sites\/4\/2025\/06\/Pridat-nadpis-8.png\" alt=\"P\u0159idat nadpis (8)\" width=\"599\" height=\"300\" srcset=\"https:\/\/www.praha14.cz\/app\/uploads\/sites\/4\/2025\/06\/Pridat-nadpis-8.png 2245w, https:\/\/www.praha14.cz\/app\/uploads\/sites\/4\/2025\/06\/Pridat-nadpis-8-370x185.png 370w, https:\/\/www.praha14.cz\/app\/uploads\/sites\/4\/2025\/06\/Pridat-nadpis-8-1024x513.png 1024w, https:\/\/www.praha14.cz\/app\/uploads\/sites\/4\/2025\/06\/Pridat-nadpis-8-768x385.png 768w, https:\/\/www.praha14.cz\/app\/uploads\/sites\/4\/2025\/06\/Pridat-nadpis-8-1536x769.png 1536w, https:\/\/www.praha14.cz\/app\/uploads\/sites\/4\/2025\/06\/Pridat-nadpis-8-2048x1025.png 2048w\" sizes=\"(max-width: 599px) 100vw, 599px\" \/><\/p>\n<h1><span style=\"color: #800000;\">Volno\u010dasov\u00e9 centrum H55 (ul. Hloub\u011bt\u00ednsk\u00e1 1138\/5) v sou\u010dasn\u00e9 dob\u011b provozuje pan\u00ed Alexandra Simeonov pod n\u00e1zvem H\u00c1\u010cKO. Informace o aktivit\u00e1ch, kter\u00e9 v are\u00e1lu centra po\u0159\u00e1d\u00e1 m\u011bstsk\u00e1 \u010d\u00e1st Praha 14, z\u00e1jemci naleznou na<\/span> <a href=\"https:\/\/www.facebook.com\/praha14kulturni\" target=\"_blank\" rel=\"noopener\">facebookov\u00e9m profilu Praha 14 je kulturn\u00ed.<\/a>, <span style=\"color: #800000;\">ostatn\u00ed aktivity a dal\u0161\u00ed informace o aktu\u00e1ln\u00edm provozu centra jsou uvedeny na<\/span> <a href=\"https:\/\/www.facebook.com\/p\/Kav%C3%A1rna-H%C3%A1%C4%8Dko-100091058847408\/?locale=cs_CZ\" target=\"_blank\" rel=\"noopener\">Facebooku kav\u00e1rny H\u00e1\u010dko<\/a> <span style=\"color: #800000;\">a na webu<\/span> <a href=\"https:\/\/www.hacko55.cz\/\" target=\"_blank\" rel=\"noopener\">hacko55.cz<\/a>.<\/h1>\n","protected":false},"excerpt":{"rendered":"<p>Volno\u010dasov\u00e9 centrum H55 (ul. Hloub\u011bt\u00ednsk\u00e1 1138\/5) v sou\u010dasn\u00e9 dob\u011b provozuje pan\u00ed Alexandra Simeonov pod n\u00e1zvem H\u00c1\u010cKO. Informace o aktivit\u00e1ch, kter\u00e9 v are\u00e1lu centra po\u0159\u00e1d\u00e1 m\u011bstsk\u00e1 \u010d\u00e1st Praha 14, z\u00e1jemci naleznou na facebookov\u00e9m profilu Praha 14 je kulturn\u00ed., ostatn\u00ed aktivity a dal\u0161\u00ed informace o aktu\u00e1ln\u00edm provozu centra jsou uvedeny na Facebooku kav\u00e1rny H\u00e1\u010dko a na webu&#8230;<\/p>\n","protected":false},"author":6,"featured_media":0,"parent":0,"menu_order":0,"comment_status":"closed","ping_status":"closed","template":"","meta":{"_acf_changed":false,"footnotes":""},"class_list":["post-72323","page","type-page","status-publish","hentry"],"acf":[],"yoast_head":"<!-- This site is optimized with the Yoast SEO plugin v27.2 - https:\/\/yoast.com\/product\/yoast-seo-wordpress\/ -->\n<title>Hloub\u011bt\u00ednsk\u00e1 55 (H55) - \u017divot na Praze 14<\/title>\n<meta name=\"robots\" content=\"index, follow, max-snippet:-1, max-image-preview:large, max-video-preview:-1\" \/>\n<link rel=\"canonical\" href=\"https:\/\/www.praha14.cz\/zivot-na-praze-14\/hloubetinska-55-h55\/\" \/>\n<meta property=\"og:locale\" content=\"cs_CZ\" \/>\n<meta property=\"og:type\" content=\"article\" \/>\n<meta property=\"og:title\" content=\"Hloub\u011bt\u00ednsk\u00e1 55 (H55) - \u017divot na Praze 14\" \/>\n<meta property=\"og:description\" content=\"Volno\u010dasov\u00e9 centrum H55 (ul. Hloub\u011bt\u00ednsk\u00e1 1138\/5) v sou\u010dasn\u00e9 dob\u011b provozuje pan\u00ed Alexandra Simeonov pod n\u00e1zvem H\u00c1\u010cKO. Informace o aktivit\u00e1ch, kter\u00e9 v are\u00e1lu centra po\u0159\u00e1d\u00e1 m\u011bstsk\u00e1 \u010d\u00e1st Praha 14, z\u00e1jemci naleznou na facebookov\u00e9m profilu Praha 14 je kulturn\u00ed., ostatn\u00ed aktivity a dal\u0161\u00ed informace o aktu\u00e1ln\u00edm provozu centra jsou uvedeny na Facebooku kav\u00e1rny H\u00e1\u010dko a na webu...\" \/>\n<meta property=\"og:url\" content=\"https:\/\/www.praha14.cz\/zivot-na-praze-14\/hloubetinska-55-h55\/\" \/>\n<meta property=\"og:site_name\" content=\"\u017divot na Praze 14\" \/>\n<meta property=\"article:modified_time\" content=\"2026-03-27T08:54:35+00:00\" \/>\n<meta property=\"og:image\" content=\"https:\/\/www.praha14.cz\/app\/uploads\/sites\/4\/2025\/06\/Pridat-nadpis-8.png\" \/>\n\t<meta property=\"og:image:width\" content=\"2245\" \/>\n\t<meta property=\"og:image:height\" content=\"1124\" \/>\n\t<meta property=\"og:image:type\" content=\"image\/png\" \/>\n<meta name=\"twitter:card\" content=\"summary_large_image\" \/>\n<meta name=\"twitter:label1\" content=\"Est. reading time\" \/>\n\t<meta name=\"twitter:data1\" content=\"1 minuta\" \/>\n<script type=\"application\/ld+json\" class=\"yoast-schema-graph\">{\"@context\":\"https:\/\/schema.org\",\"@graph\":[{\"@type\":\"WebPage\",\"@id\":\"https:\/\/www.praha14.cz\/zivot-na-praze-14\/hloubetinska-55-h55\/\",\"url\":\"https:\/\/www.praha14.cz\/zivot-na-praze-14\/hloubetinska-55-h55\/\",\"name\":\"Hloub\u011bt\u00ednsk\u00e1 55 (H55) - \u017divot na Praze 14\",\"isPartOf\":{\"@id\":\"https:\/\/www.praha14.cz\/zivot-na-praze-14\/#website\"},\"primaryImageOfPage\":{\"@id\":\"https:\/\/www.praha14.cz\/zivot-na-praze-14\/hloubetinska-55-h55\/#primaryimage\"},\"image\":{\"@id\":\"https:\/\/www.praha14.cz\/zivot-na-praze-14\/hloubetinska-55-h55\/#primaryimage\"},\"thumbnailUrl\":\"https:\/\/www.praha14.cz\/app\/uploads\/sites\/4\/2025\/06\/Pridat-nadpis-8.png\",\"datePublished\":\"2025-06-06T09:20:26+00:00\",\"dateModified\":\"2026-03-27T08:54:35+00:00\",\"breadcrumb\":{\"@id\":\"https:\/\/www.praha14.cz\/zivot-na-praze-14\/hloubetinska-55-h55\/#breadcrumb\"},\"inLanguage\":\"cs\",\"potentialAction\":[{\"@type\":\"ReadAction\",\"target\":[\"https:\/\/www.praha14.cz\/zivot-na-praze-14\/hloubetinska-55-h55\/\"]}]},{\"@type\":\"ImageObject\",\"inLanguage\":\"cs\",\"@id\":\"https:\/\/www.praha14.cz\/zivot-na-praze-14\/hloubetinska-55-h55\/#primaryimage\",\"url\":\"https:\/\/www.praha14.cz\/app\/uploads\/sites\/4\/2025\/06\/Pridat-nadpis-8.png\",\"contentUrl\":\"https:\/\/www.praha14.cz\/app\/uploads\/sites\/4\/2025\/06\/Pridat-nadpis-8.png\"},{\"@type\":\"BreadcrumbList\",\"@id\":\"https:\/\/www.praha14.cz\/zivot-na-praze-14\/hloubetinska-55-h55\/#breadcrumb\",\"itemListElement\":[{\"@type\":\"ListItem\",\"position\":1,\"name\":\"\u017divot na Praze 14\",\"item\":\"https:\/\/www.praha14.cz\/zivot-na-praze-14\/\"},{\"@type\":\"ListItem\",\"position\":2,\"name\":\"Hloub\u011bt\u00ednsk\u00e1 55 (H55)\"}]},{\"@type\":\"WebSite\",\"@id\":\"https:\/\/www.praha14.cz\/zivot-na-praze-14\/#website\",\"url\":\"https:\/\/www.praha14.cz\/zivot-na-praze-14\/\",\"name\":\"\u017divot na Praze 14\",\"description\":\"\",\"potentialAction\":[{\"@type\":\"SearchAction\",\"target\":{\"@type\":\"EntryPoint\",\"urlTemplate\":\"https:\/\/www.praha14.cz\/zivot-na-praze-14\/?s={search_term_string}\"},\"query-input\":{\"@type\":\"PropertyValueSpecification\",\"valueRequired\":true,\"valueName\":\"search_term_string\"}}],\"inLanguage\":\"cs\"}]}<\/script>\n<!-- \/ Yoast SEO plugin. -->","yoast_head_json":{"title":"Hloub\u011bt\u00ednsk\u00e1 55 (H55) - \u017divot na Praze 14","robots":{"index":"index","follow":"follow","max-snippet":"max-snippet:-1","max-image-preview":"max-image-preview:large","max-video-preview":"max-video-preview:-1"},"canonical":"https:\/\/www.praha14.cz\/zivot-na-praze-14\/hloubetinska-55-h55\/","og_locale":"cs_CZ","og_type":"article","og_title":"Hloub\u011bt\u00ednsk\u00e1 55 (H55) - \u017divot na Praze 14","og_description":"Volno\u010dasov\u00e9 centrum H55 (ul. Hloub\u011bt\u00ednsk\u00e1 1138\/5) v sou\u010dasn\u00e9 dob\u011b provozuje pan\u00ed Alexandra Simeonov pod n\u00e1zvem H\u00c1\u010cKO. Informace o aktivit\u00e1ch, kter\u00e9 v are\u00e1lu centra po\u0159\u00e1d\u00e1 m\u011bstsk\u00e1 \u010d\u00e1st Praha 14, z\u00e1jemci naleznou na facebookov\u00e9m profilu Praha 14 je kulturn\u00ed., ostatn\u00ed aktivity a dal\u0161\u00ed informace o aktu\u00e1ln\u00edm provozu centra jsou uvedeny na Facebooku kav\u00e1rny H\u00e1\u010dko a na webu...","og_url":"https:\/\/www.praha14.cz\/zivot-na-praze-14\/hloubetinska-55-h55\/","og_site_name":"\u017divot na Praze 14","article_modified_time":"2026-03-27T08:54:35+00:00","og_image":[{"width":2245,"height":1124,"url":"https:\/\/www.praha14.cz\/app\/uploads\/sites\/4\/2025\/06\/Pridat-nadpis-8.png","type":"image\/png"}],"twitter_card":"summary_large_image","twitter_misc":{"Est. reading time":"1 minuta"},"schema":{"@context":"https:\/\/schema.org","@graph":[{"@type":"WebPage","@id":"https:\/\/www.praha14.cz\/zivot-na-praze-14\/hloubetinska-55-h55\/","url":"https:\/\/www.praha14.cz\/zivot-na-praze-14\/hloubetinska-55-h55\/","name":"Hloub\u011bt\u00ednsk\u00e1 55 (H55) - \u017divot na Praze 14","isPartOf":{"@id":"https:\/\/www.praha14.cz\/zivot-na-praze-14\/#website"},"primaryImageOfPage":{"@id":"https:\/\/www.praha14.cz\/zivot-na-praze-14\/hloubetinska-55-h55\/#primaryimage"},"image":{"@id":"https:\/\/www.praha14.cz\/zivot-na-praze-14\/hloubetinska-55-h55\/#primaryimage"},"thumbnailUrl":"https:\/\/www.praha14.cz\/app\/uploads\/sites\/4\/2025\/06\/Pridat-nadpis-8.png","datePublished":"2025-06-06T09:20:26+00:00","dateModified":"2026-03-27T08:54:35+00:00","breadcrumb":{"@id":"https:\/\/www.praha14.cz\/zivot-na-praze-14\/hloubetinska-55-h55\/#breadcrumb"},"inLanguage":"cs","potentialAction":[{"@type":"ReadAction","target":["https:\/\/www.praha14.cz\/zivot-na-praze-14\/hloubetinska-55-h55\/"]}]},{"@type":"ImageObject","inLanguage":"cs","@id":"https:\/\/www.praha14.cz\/zivot-na-praze-14\/hloubetinska-55-h55\/#primaryimage","url":"https:\/\/www.praha14.cz\/app\/uploads\/sites\/4\/2025\/06\/Pridat-nadpis-8.png","contentUrl":"https:\/\/www.praha14.cz\/app\/uploads\/sites\/4\/2025\/06\/Pridat-nadpis-8.png"},{"@type":"BreadcrumbList","@id":"https:\/\/www.praha14.cz\/zivot-na-praze-14\/hloubetinska-55-h55\/#breadcrumb","itemListElement":[{"@type":"ListItem","position":1,"name":"\u017divot na Praze 14","item":"https:\/\/www.praha14.cz\/zivot-na-praze-14\/"},{"@type":"ListItem","position":2,"name":"Hloub\u011bt\u00ednsk\u00e1 55 (H55)"}]},{"@type":"WebSite","@id":"https:\/\/www.praha14.cz\/zivot-na-praze-14\/#website","url":"https:\/\/www.praha14.cz\/zivot-na-praze-14\/","name":"\u017divot na Praze 14","description":"","potentialAction":[{"@type":"SearchAction","target":{"@type":"EntryPoint","urlTemplate":"https:\/\/www.praha14.cz\/zivot-na-praze-14\/?s={search_term_string}"},"query-input":{"@type":"PropertyValueSpecification","valueRequired":true,"valueName":"search_term_string"}}],"inLanguage":"cs"}]}},"_links":{"self":[{"href":"https:\/\/www.praha14.cz\/zivot-na-praze-14\/wp-json\/wp\/v2\/pages\/72323","targetHints":{"allow":["GET"]}}],"collection":[{"href":"https:\/\/www.praha14.cz\/zivot-na-praze-14\/wp-json\/wp\/v2\/pages"}],"about":[{"href":"https:\/\/www.praha14.cz\/zivot-na-praze-14\/wp-json\/wp\/v2\/types\/page"}],"author":[{"embeddable":true,"href":"https:\/\/www.praha14.cz\/zivot-na-praze-14\/wp-json\/wp\/v2\/users\/6"}],"replies":[{"embeddable":true,"href":"https:\/\/www.praha14.cz\/zivot-na-praze-14\/wp-json\/wp\/v2\/comments?post=72323"}],"version-history":[{"count":11,"href":"https:\/\/www.praha14.cz\/zivot-na-praze-14\/wp-json\/wp\/v2\/pages\/72323\/revisions"}],"predecessor-version":[{"id":74374,"href":"https:\/\/www.praha14.cz\/zivot-na-praze-14\/wp-json\/wp\/v2\/pages\/72323\/revisions\/74374"}],"wp:attachment":[{"href":"https:\/\/www.praha14.cz\/zivot-na-praze-14\/wp-json\/wp\/v2\/media?parent=72323"}],"curies":[{"name":"wp","href":"https:\/\/api.w.org\/{rel}","templated":true}]}}