{"id":73001,"date":"2025-09-25T06:54:08","date_gmt":"2025-09-25T06:54:08","guid":{"rendered":"https:\/\/www.praha14.cz\/zivot-na-praze-14\/?page_id=73001"},"modified":"2025-09-25T07:44:12","modified_gmt":"2025-09-25T07:44:12","slug":"kronika-hloubetina","status":"publish","type":"page","link":"https:\/\/www.praha14.cz\/zivot-na-praze-14\/uvod-o-praze-14\/kronika-a-osobnosti\/kronika-hloubetina\/","title":{"rendered":"Kronika Hloub\u011bt\u00edna"},"content":{"rendered":"<h3>Hloub\u011bt\u00ednsk\u00e1 kronika: Poklad m\u00edstn\u00ed pam\u011bti<\/h3>\n<p><a href=\"https:\/\/www.praha14.cz\/app\/uploads\/sites\/4\/2025\/09\/489820214_4160190827593687_5157377595346661928_n.jpg\" target=\"_blank\" rel=\"noopener\" data-rel=\"lightbox-image-0\" data-rl_title=\"\" data-rl_caption=\"\" title=\"\"><img loading=\"lazy\" decoding=\"async\" class=\"alignnone wp-image-73004 size-medium\" src=\"https:\/\/www.praha14.cz\/app\/uploads\/sites\/4\/2025\/09\/489820214_4160190827593687_5157377595346661928_n-370x253.jpg\" alt=\"489820214_4160190827593687_5157377595346661928_n\" width=\"370\" height=\"253\" srcset=\"https:\/\/www.praha14.cz\/app\/uploads\/sites\/4\/2025\/09\/489820214_4160190827593687_5157377595346661928_n-370x253.jpg 370w, https:\/\/www.praha14.cz\/app\/uploads\/sites\/4\/2025\/09\/489820214_4160190827593687_5157377595346661928_n.jpg 589w\" sizes=\"(max-width: 370px) 100vw, 370px\" \/><\/a><\/p>\n<p>V\u00edte, \u017ee Hloub\u011bt\u00edn m\u00e1 svou vlastn\u00ed kroniku? A ne ledajakou! Jedn\u00e1 se o mimo\u0159\u00e1dnou p\u011btid\u00edlnou sb\u00edrku vzpom\u00ednek, kterou b\u011bhem let pe\u010dliv\u011b sestavil m\u00edstn\u00ed rod\u00e1k <strong>Jan B\u0159inek<\/strong>. Kronika zachycuje \u017eivot, prom\u011bny i atmosf\u00e9ru Hloub\u011bt\u00edna tak, jak je pro\u017e\u00edvali jeho obyvatel\u00e9.<\/p>\n<p><strong>Kopie t\u00e9to unik\u00e1tn\u00ed sb\u00edrky je nyn\u00ed op\u011bt p\u0159\u00edstupn\u00e1 ve\u0159ejnosti<\/strong> \u2013 najdete ji v <strong>kav\u00e1rn\u011b H\u00e1\u010dko<\/strong> (Hloub\u011bt\u00ednsk\u00e1 1138\/5), kde si ji m\u016f\u017eete v klidu prohl\u00ed\u017eet u \u0161\u00e1lku k\u00e1vy.<\/p>\n<p><strong>Jak se ke kronice chovat?<\/strong><\/p>\n<ul>\n<li>Ka\u017ed\u00e9 vyp\u016fj\u010den\u00ed pros\u00edm zaznamenejte.<\/li>\n<li>Kroniku neodn\u00e1\u0161ejte mimo prostory kav\u00e1rny.<\/li>\n<li>Po p\u0159e\u010dten\u00ed ji vra\u0165te zp\u011bt do knihovny.<\/li>\n<li>A p\u0159edev\u0161\u00edm \u2013 chovejme se k tomuto spole\u010dn\u00e9mu d\u011bdictv\u00ed s \u00factou.<\/li>\n<\/ul>\n<p>P\u0159ij\u010fte se pono\u0159it do p\u0159\u00edb\u011bh\u016f Hloub\u011bt\u00edna \u2013 mo\u017en\u00e1 v kronice objev\u00edte i kousek sv\u00e9 vlastn\u00ed historie.<\/p>\n<p><a href=\"https:\/\/www.pametnaroda.cz\/cs\/brinek-jan-20250331-0\" target=\"_blank\" rel=\"noopener\">Jan B\u0159inek<\/a> je m\u00edstn\u00ed rod\u00e1k, kter\u00fd se des\u00edtky let zab\u00fdv\u00e1 histori\u00ed Hloub\u011bt\u00edna. A my v\u00e1m p\u0159in\u00e1\u0161\u00edme vypr\u00e1v\u011bn\u00ed tohoto kronik\u00e1\u0159e, shl\u00e9dnout ho m\u016f\u017eete zde ve\u00a0<a href=\"https:\/\/www.youtube.com\/watch?v=rEv1EQgC81I&amp;feature=youtu.be\" target=\"_blank\" rel=\"noopener noreferrer\">videu.<\/a><br \/>\nProhl\u00e9dnout si tak\u00e9 m\u016f\u017eete <a href=\"https:\/\/eu.zonerama.com\/Hloubetin1\/1403057\" target=\"_blank\" rel=\"noopener\">Kroniku Hloub\u011bt\u00edna ve fotografii<\/a>.<\/p>\n","protected":false},"excerpt":{"rendered":"<p>Hloub\u011bt\u00ednsk\u00e1 kronika: Poklad m\u00edstn\u00ed pam\u011bti V\u00edte, \u017ee Hloub\u011bt\u00edn m\u00e1 svou vlastn\u00ed kroniku? A ne ledajakou! Jedn\u00e1 se o mimo\u0159\u00e1dnou p\u011btid\u00edlnou sb\u00edrku vzpom\u00ednek, kterou b\u011bhem let pe\u010dliv\u011b sestavil m\u00edstn\u00ed rod\u00e1k Jan B\u0159inek. Kronika zachycuje \u017eivot, prom\u011bny i atmosf\u00e9ru Hloub\u011bt\u00edna tak, jak je pro\u017e\u00edvali jeho obyvatel\u00e9. Kopie t\u00e9to unik\u00e1tn\u00ed sb\u00edrky je nyn\u00ed op\u011bt p\u0159\u00edstupn\u00e1 ve\u0159ejnosti \u2013 najdete&#8230;<\/p>\n","protected":false},"author":1057,"featured_media":0,"parent":135,"menu_order":0,"comment_status":"closed","ping_status":"closed","template":"","meta":{"_acf_changed":false,"footnotes":""},"class_list":["post-73001","page","type-page","status-publish","hentry"],"acf":[],"yoast_head":"<!-- This site is optimized with the Yoast SEO plugin v27.2 - https:\/\/yoast.com\/product\/yoast-seo-wordpress\/ -->\n<title>Kronika Hloub\u011bt\u00edna - \u017divot na Praze 14<\/title>\n<meta name=\"robots\" content=\"index, follow, max-snippet:-1, max-image-preview:large, max-video-preview:-1\" \/>\n<link rel=\"canonical\" href=\"https:\/\/www.praha14.cz\/zivot-na-praze-14\/uvod-o-praze-14\/kronika-a-osobnosti\/kronika-hloubetina\/\" \/>\n<meta property=\"og:locale\" content=\"cs_CZ\" \/>\n<meta property=\"og:type\" content=\"article\" \/>\n<meta property=\"og:title\" content=\"Kronika Hloub\u011bt\u00edna - \u017divot na Praze 14\" \/>\n<meta property=\"og:description\" content=\"Hloub\u011bt\u00ednsk\u00e1 kronika: Poklad m\u00edstn\u00ed pam\u011bti V\u00edte, \u017ee Hloub\u011bt\u00edn m\u00e1 svou vlastn\u00ed kroniku? A ne ledajakou! Jedn\u00e1 se o mimo\u0159\u00e1dnou p\u011btid\u00edlnou sb\u00edrku vzpom\u00ednek, kterou b\u011bhem let pe\u010dliv\u011b sestavil m\u00edstn\u00ed rod\u00e1k Jan B\u0159inek. Kronika zachycuje \u017eivot, prom\u011bny i atmosf\u00e9ru Hloub\u011bt\u00edna tak, jak je pro\u017e\u00edvali jeho obyvatel\u00e9. Kopie t\u00e9to unik\u00e1tn\u00ed sb\u00edrky je nyn\u00ed op\u011bt p\u0159\u00edstupn\u00e1 ve\u0159ejnosti \u2013 najdete...\" \/>\n<meta property=\"og:url\" content=\"https:\/\/www.praha14.cz\/zivot-na-praze-14\/uvod-o-praze-14\/kronika-a-osobnosti\/kronika-hloubetina\/\" \/>\n<meta property=\"og:site_name\" content=\"\u017divot na Praze 14\" \/>\n<meta property=\"article:modified_time\" content=\"2025-09-25T07:44:12+00:00\" \/>\n<meta property=\"og:image\" content=\"https:\/\/www.praha14.cz\/app\/uploads\/sites\/4\/2025\/09\/489820214_4160190827593687_5157377595346661928_n.jpg\" \/>\n\t<meta property=\"og:image:width\" content=\"589\" \/>\n\t<meta property=\"og:image:height\" content=\"402\" \/>\n\t<meta property=\"og:image:type\" content=\"image\/jpeg\" \/>\n<meta name=\"twitter:card\" content=\"summary_large_image\" \/>\n<meta name=\"twitter:label1\" content=\"Est. reading time\" \/>\n\t<meta name=\"twitter:data1\" content=\"2 minuty\" \/>\n<script type=\"application\/ld+json\" class=\"yoast-schema-graph\">{\"@context\":\"https:\/\/schema.org\",\"@graph\":[{\"@type\":\"WebPage\",\"@id\":\"https:\/\/www.praha14.cz\/zivot-na-praze-14\/uvod-o-praze-14\/kronika-a-osobnosti\/kronika-hloubetina\/\",\"url\":\"https:\/\/www.praha14.cz\/zivot-na-praze-14\/uvod-o-praze-14\/kronika-a-osobnosti\/kronika-hloubetina\/\",\"name\":\"Kronika Hloub\u011bt\u00edna - \u017divot na Praze 14\",\"isPartOf\":{\"@id\":\"https:\/\/www.praha14.cz\/zivot-na-praze-14\/#website\"},\"primaryImageOfPage\":{\"@id\":\"https:\/\/www.praha14.cz\/zivot-na-praze-14\/uvod-o-praze-14\/kronika-a-osobnosti\/kronika-hloubetina\/#primaryimage\"},\"image\":{\"@id\":\"https:\/\/www.praha14.cz\/zivot-na-praze-14\/uvod-o-praze-14\/kronika-a-osobnosti\/kronika-hloubetina\/#primaryimage\"},\"thumbnailUrl\":\"https:\/\/www.praha14.cz\/app\/uploads\/sites\/4\/2025\/09\/489820214_4160190827593687_5157377595346661928_n-370x253.jpg\",\"datePublished\":\"2025-09-25T06:54:08+00:00\",\"dateModified\":\"2025-09-25T07:44:12+00:00\",\"breadcrumb\":{\"@id\":\"https:\/\/www.praha14.cz\/zivot-na-praze-14\/uvod-o-praze-14\/kronika-a-osobnosti\/kronika-hloubetina\/#breadcrumb\"},\"inLanguage\":\"cs\",\"potentialAction\":[{\"@type\":\"ReadAction\",\"target\":[\"https:\/\/www.praha14.cz\/zivot-na-praze-14\/uvod-o-praze-14\/kronika-a-osobnosti\/kronika-hloubetina\/\"]}]},{\"@type\":\"ImageObject\",\"inLanguage\":\"cs\",\"@id\":\"https:\/\/www.praha14.cz\/zivot-na-praze-14\/uvod-o-praze-14\/kronika-a-osobnosti\/kronika-hloubetina\/#primaryimage\",\"url\":\"https:\/\/www.praha14.cz\/app\/uploads\/sites\/4\/2025\/09\/489820214_4160190827593687_5157377595346661928_n-370x253.jpg\",\"contentUrl\":\"https:\/\/www.praha14.cz\/app\/uploads\/sites\/4\/2025\/09\/489820214_4160190827593687_5157377595346661928_n-370x253.jpg\"},{\"@type\":\"BreadcrumbList\",\"@id\":\"https:\/\/www.praha14.cz\/zivot-na-praze-14\/uvod-o-praze-14\/kronika-a-osobnosti\/kronika-hloubetina\/#breadcrumb\",\"itemListElement\":[{\"@type\":\"ListItem\",\"position\":1,\"name\":\"\u017divot na Praze 14\",\"item\":\"https:\/\/www.praha14.cz\/zivot-na-praze-14\/\"},{\"@type\":\"ListItem\",\"position\":2,\"name\":\"O Praze 14\",\"item\":\"https:\/\/www.praha14.cz\/zivot-na-praze-14\/uvod-o-praze-14\/\"},{\"@type\":\"ListItem\",\"position\":3,\"name\":\"Kroniky, dal\u0161\u00ed p\u00edsemn\u00e9 prameny, osobnosti Prahy 14\",\"item\":\"https:\/\/www.praha14.cz\/zivot-na-praze-14\/uvod-o-praze-14\/kronika-a-osobnosti\/\"},{\"@type\":\"ListItem\",\"position\":4,\"name\":\"Kronika Hloub\u011bt\u00edna\"}]},{\"@type\":\"WebSite\",\"@id\":\"https:\/\/www.praha14.cz\/zivot-na-praze-14\/#website\",\"url\":\"https:\/\/www.praha14.cz\/zivot-na-praze-14\/\",\"name\":\"\u017divot na Praze 14\",\"description\":\"\",\"potentialAction\":[{\"@type\":\"SearchAction\",\"target\":{\"@type\":\"EntryPoint\",\"urlTemplate\":\"https:\/\/www.praha14.cz\/zivot-na-praze-14\/?s={search_term_string}\"},\"query-input\":{\"@type\":\"PropertyValueSpecification\",\"valueRequired\":true,\"valueName\":\"search_term_string\"}}],\"inLanguage\":\"cs\"}]}<\/script>\n<!-- \/ Yoast SEO plugin. -->","yoast_head_json":{"title":"Kronika Hloub\u011bt\u00edna - \u017divot na Praze 14","robots":{"index":"index","follow":"follow","max-snippet":"max-snippet:-1","max-image-preview":"max-image-preview:large","max-video-preview":"max-video-preview:-1"},"canonical":"https:\/\/www.praha14.cz\/zivot-na-praze-14\/uvod-o-praze-14\/kronika-a-osobnosti\/kronika-hloubetina\/","og_locale":"cs_CZ","og_type":"article","og_title":"Kronika Hloub\u011bt\u00edna - \u017divot na Praze 14","og_description":"Hloub\u011bt\u00ednsk\u00e1 kronika: Poklad m\u00edstn\u00ed pam\u011bti V\u00edte, \u017ee Hloub\u011bt\u00edn m\u00e1 svou vlastn\u00ed kroniku? A ne ledajakou! Jedn\u00e1 se o mimo\u0159\u00e1dnou p\u011btid\u00edlnou sb\u00edrku vzpom\u00ednek, kterou b\u011bhem let pe\u010dliv\u011b sestavil m\u00edstn\u00ed rod\u00e1k Jan B\u0159inek. Kronika zachycuje \u017eivot, prom\u011bny i atmosf\u00e9ru Hloub\u011bt\u00edna tak, jak je pro\u017e\u00edvali jeho obyvatel\u00e9. Kopie t\u00e9to unik\u00e1tn\u00ed sb\u00edrky je nyn\u00ed op\u011bt p\u0159\u00edstupn\u00e1 ve\u0159ejnosti \u2013 najdete...","og_url":"https:\/\/www.praha14.cz\/zivot-na-praze-14\/uvod-o-praze-14\/kronika-a-osobnosti\/kronika-hloubetina\/","og_site_name":"\u017divot na Praze 14","article_modified_time":"2025-09-25T07:44:12+00:00","og_image":[{"width":589,"height":402,"url":"https:\/\/www.praha14.cz\/app\/uploads\/sites\/4\/2025\/09\/489820214_4160190827593687_5157377595346661928_n.jpg","type":"image\/jpeg"}],"twitter_card":"summary_large_image","twitter_misc":{"Est. reading time":"2 minuty"},"schema":{"@context":"https:\/\/schema.org","@graph":[{"@type":"WebPage","@id":"https:\/\/www.praha14.cz\/zivot-na-praze-14\/uvod-o-praze-14\/kronika-a-osobnosti\/kronika-hloubetina\/","url":"https:\/\/www.praha14.cz\/zivot-na-praze-14\/uvod-o-praze-14\/kronika-a-osobnosti\/kronika-hloubetina\/","name":"Kronika Hloub\u011bt\u00edna - \u017divot na Praze 14","isPartOf":{"@id":"https:\/\/www.praha14.cz\/zivot-na-praze-14\/#website"},"primaryImageOfPage":{"@id":"https:\/\/www.praha14.cz\/zivot-na-praze-14\/uvod-o-praze-14\/kronika-a-osobnosti\/kronika-hloubetina\/#primaryimage"},"image":{"@id":"https:\/\/www.praha14.cz\/zivot-na-praze-14\/uvod-o-praze-14\/kronika-a-osobnosti\/kronika-hloubetina\/#primaryimage"},"thumbnailUrl":"https:\/\/www.praha14.cz\/app\/uploads\/sites\/4\/2025\/09\/489820214_4160190827593687_5157377595346661928_n-370x253.jpg","datePublished":"2025-09-25T06:54:08+00:00","dateModified":"2025-09-25T07:44:12+00:00","breadcrumb":{"@id":"https:\/\/www.praha14.cz\/zivot-na-praze-14\/uvod-o-praze-14\/kronika-a-osobnosti\/kronika-hloubetina\/#breadcrumb"},"inLanguage":"cs","potentialAction":[{"@type":"ReadAction","target":["https:\/\/www.praha14.cz\/zivot-na-praze-14\/uvod-o-praze-14\/kronika-a-osobnosti\/kronika-hloubetina\/"]}]},{"@type":"ImageObject","inLanguage":"cs","@id":"https:\/\/www.praha14.cz\/zivot-na-praze-14\/uvod-o-praze-14\/kronika-a-osobnosti\/kronika-hloubetina\/#primaryimage","url":"https:\/\/www.praha14.cz\/app\/uploads\/sites\/4\/2025\/09\/489820214_4160190827593687_5157377595346661928_n-370x253.jpg","contentUrl":"https:\/\/www.praha14.cz\/app\/uploads\/sites\/4\/2025\/09\/489820214_4160190827593687_5157377595346661928_n-370x253.jpg"},{"@type":"BreadcrumbList","@id":"https:\/\/www.praha14.cz\/zivot-na-praze-14\/uvod-o-praze-14\/kronika-a-osobnosti\/kronika-hloubetina\/#breadcrumb","itemListElement":[{"@type":"ListItem","position":1,"name":"\u017divot na Praze 14","item":"https:\/\/www.praha14.cz\/zivot-na-praze-14\/"},{"@type":"ListItem","position":2,"name":"O Praze 14","item":"https:\/\/www.praha14.cz\/zivot-na-praze-14\/uvod-o-praze-14\/"},{"@type":"ListItem","position":3,"name":"Kroniky, dal\u0161\u00ed p\u00edsemn\u00e9 prameny, osobnosti Prahy 14","item":"https:\/\/www.praha14.cz\/zivot-na-praze-14\/uvod-o-praze-14\/kronika-a-osobnosti\/"},{"@type":"ListItem","position":4,"name":"Kronika Hloub\u011bt\u00edna"}]},{"@type":"WebSite","@id":"https:\/\/www.praha14.cz\/zivot-na-praze-14\/#website","url":"https:\/\/www.praha14.cz\/zivot-na-praze-14\/","name":"\u017divot na Praze 14","description":"","potentialAction":[{"@type":"SearchAction","target":{"@type":"EntryPoint","urlTemplate":"https:\/\/www.praha14.cz\/zivot-na-praze-14\/?s={search_term_string}"},"query-input":{"@type":"PropertyValueSpecification","valueRequired":true,"valueName":"search_term_string"}}],"inLanguage":"cs"}]}},"_links":{"self":[{"href":"https:\/\/www.praha14.cz\/zivot-na-praze-14\/wp-json\/wp\/v2\/pages\/73001","targetHints":{"allow":["GET"]}}],"collection":[{"href":"https:\/\/www.praha14.cz\/zivot-na-praze-14\/wp-json\/wp\/v2\/pages"}],"about":[{"href":"https:\/\/www.praha14.cz\/zivot-na-praze-14\/wp-json\/wp\/v2\/types\/page"}],"author":[{"embeddable":true,"href":"https:\/\/www.praha14.cz\/zivot-na-praze-14\/wp-json\/wp\/v2\/users\/1057"}],"replies":[{"embeddable":true,"href":"https:\/\/www.praha14.cz\/zivot-na-praze-14\/wp-json\/wp\/v2\/comments?post=73001"}],"version-history":[{"count":3,"href":"https:\/\/www.praha14.cz\/zivot-na-praze-14\/wp-json\/wp\/v2\/pages\/73001\/revisions"}],"predecessor-version":[{"id":73005,"href":"https:\/\/www.praha14.cz\/zivot-na-praze-14\/wp-json\/wp\/v2\/pages\/73001\/revisions\/73005"}],"up":[{"embeddable":true,"href":"https:\/\/www.praha14.cz\/zivot-na-praze-14\/wp-json\/wp\/v2\/pages\/135"}],"wp:attachment":[{"href":"https:\/\/www.praha14.cz\/zivot-na-praze-14\/wp-json\/wp\/v2\/media?parent=73001"}],"curies":[{"name":"wp","href":"https:\/\/api.w.org\/{rel}","templated":true}]}}