{"id":74629,"date":"2026-04-15T15:22:36","date_gmt":"2026-04-15T15:22:36","guid":{"rendered":"https:\/\/www.praha14.cz\/zivot-na-praze-14\/?page_id=74629"},"modified":"2026-05-11T09:34:11","modified_gmt":"2026-05-11T09:34:11","slug":"senior-taxi-prahy-14","status":"publish","type":"page","link":"https:\/\/www.praha14.cz\/zivot-na-praze-14\/senior-taxi-prahy-14\/","title":{"rendered":"Senior taxi Praha 14"},"content":{"rendered":"<section class=\"p14-panel-group\"><div id=\"panel_group_1\" class=\"panel-group\"><article class=\"panel panel-default\">\n\t\t\t<div class=\"panel-heading\">\n\t\t\t\t<h1 class=\"panel-title\">\n\t\t\t\t\t<a data-toggle=\"collapse\" data-parent=\"#panel_group_1\" href=\"#panel_1_1\" class=\"collapsed\">\n\t\t\t\t\t\tPro koho je Senior taxi ur\u010deno?\n\t\t\t\t\t<\/a>\n\t\t\t\t<\/h1>\n\t\t\t<\/div>\n\t\t\t<div id=\"panel_1_1\" class=\"panel-collapse collapse\">\n\t\t\t\t<div class=\"panel-body\">\n\t\t\t\t\t<\/p>\n<p><img loading=\"lazy\" decoding=\"async\" class=\"alignleft wp-image-74733\" title=\"Logo Senior taxi\" src=\"https:\/\/www.praha14.cz\/app\/uploads\/sites\/4\/2026\/05\/Senior-taxi-bez-telefonu.png\" alt=\"Logo Senior taxi\" width=\"306\" height=\"216\" srcset=\"https:\/\/www.praha14.cz\/app\/uploads\/sites\/4\/2026\/05\/Senior-taxi-bez-telefonu.png 2000w, https:\/\/www.praha14.cz\/app\/uploads\/sites\/4\/2026\/05\/Senior-taxi-bez-telefonu-370x262.png 370w, https:\/\/www.praha14.cz\/app\/uploads\/sites\/4\/2026\/05\/Senior-taxi-bez-telefonu-1024x724.png 1024w, https:\/\/www.praha14.cz\/app\/uploads\/sites\/4\/2026\/05\/Senior-taxi-bez-telefonu-768x543.png 768w, https:\/\/www.praha14.cz\/app\/uploads\/sites\/4\/2026\/05\/Senior-taxi-bez-telefonu-1536x1086.png 1536w\" sizes=\"(max-width: 306px) 100vw, 306px\" \/><\/p>\n<p>&nbsp;<\/p>\n<p><strong>POZOR! V\u00ddDEJ KARTI\u010cEK SENIOR TAXI JE A\u017d DO ODVOL\u00c1N\u00cd Z PROVOZN\u00cdCH D\u016eVOD\u016e POZSTAVEN. O OBNOV\u011a V\u00ddDEJE BUDEME INFORMOVAT. SLEDUJTE PROS\u00cdM AKTUALITY NA WEBU WWW.PRAHA14.CZ. D\u011aKUJEME ZA POCHOPEN\u00cd A OMLOUV\u00c1ME SE ZA KOMPLIKACE.<\/strong><\/p>\n<p style=\"text-align: left;\">Slu\u017ebu, jej\u00edm\u017e c\u00edlem je usnadnit star\u0161\u00edm lidem dopravu k l\u00e9ka\u0159i, na \u00fa\u0159ady \u010di do obchod\u016f, m\u011bstsk\u00e1 \u010d\u00e1st Praha 14 zavedla v kv\u011btnu 2026. Je ur\u010dena senior\u016fm <strong>ve v\u011bku 70 let a v\u00edce<\/strong>, kte\u0159\u00ed maj\u00ed <strong>trval\u00fd pobyt na \u00fazem\u00ed m\u011bstsk\u00e9 \u010d\u00e1sti Praha 14<\/strong> (slu\u017eba se nevztahuje na Doln\u00ed Po\u010dernice).<\/p>\n<p style=\"text-align: left;\"><span style=\"color: #ff0000;\"><strong>Podm\u00ednkou vyu\u017eit\u00ed slu\u017eby je vlastnictv\u00ed karti\u010dky Senior taxi, kterou vyd\u00e1v\u00e1 Odbor soci\u00e1ln\u00edch v\u011bc\u00ed \u00daM\u010c Praha 14 (viz informace n\u00ed\u017ee). Bez registra\u010dn\u00ed karti\u010dky, na n\u00ed\u017e je z\u00e1rove\u0148 uvedeno telefonn\u00ed \u010d\u00edslo na dispe\u010dink, NEN\u00cd MO\u017dN\u00c9 vozidlo objednat.<\/strong><\/span><\/p>\n<p>Sou\u010d\u00e1st\u00ed slu\u017eby je tak\u00e9 <strong>bezplatn\u00e1 p\u0159eprava jedn\u00e9 osoby jako doprovodu.<\/strong><\/p>\n<p>\n\t\t\t\t<\/div>\n\t\t\t<\/div>\n\t\t<\/article><article class=\"panel panel-default\">\n\t\t\t<div class=\"panel-heading\">\n\t\t\t\t<h1 class=\"panel-title\">\n\t\t\t\t\t<a data-toggle=\"collapse\" data-parent=\"#panel_group_1\" href=\"#panel_1_2\" class=\"collapsed\">\n\t\t\t\t\t\tKam Senior taxi doveze?\n\t\t\t\t\t<\/a>\n\t\t\t\t<\/h1>\n\t\t\t<\/div>\n\t\t\t<div id=\"panel_1_2\" class=\"panel-collapse collapse\">\n\t\t\t\t<div class=\"panel-body\">\n\t\t\t\t\t<\/p>\n<p>Senior taxi jezd\u00ed po <strong>\u00fazem\u00ed m\u011bstsk\u00e9 \u010d\u00e1sti Praha 14<\/strong>, a to zejm\u00e9na k:<\/p>\n<ul>\n<li>zdravotnick\u00fdm, soci\u00e1ln\u00edm a kulturn\u00edm za\u0159\u00edzen\u00edm,<\/li>\n<li>pobo\u010dk\u00e1m po\u0161t a bank,<\/li>\n<li>obchod\u016fm a dal\u0161\u00edm b\u011b\u017en\u011b vyu\u017e\u00edvan\u00fdm m\u00edst\u016fm.<\/li>\n<\/ul>\n<p>Slu\u017ebu je mo\u017en\u00e9 vyu\u017e\u00edt tak\u00e9 pro cesty do t\u011bchto vybran\u00fdch za\u0159\u00edzen\u00ed mimo \u00fazem\u00ed m\u011bstsk\u00e9 \u010d\u00e1sti:<\/p>\n<ul>\n<li>Fakultn\u00ed nemocnice Bulovka (Praha 8),<\/li>\n<li>Fakultn\u00ed nemocnice Kr\u00e1lovsk\u00e9 Vinohrady (Praha 10),<\/li>\n<li>Poliklinika Vyso\u010dany (Praha 9),<\/li>\n<li>Poliklinika Prosek (Praha 9),<\/li>\n<li>\u00da\u0159ad pr\u00e1ce \u010cR \u2013 \u010ceskolipsk\u00e1 a Jabloneck\u00e1 (Praha 9)<\/li>\n<\/ul>\n<p>\n\t\t\t\t<\/div>\n\t\t\t<\/div>\n\t\t<\/article><article class=\"panel panel-default\">\n\t\t\t<div class=\"panel-heading\">\n\t\t\t\t<h1 class=\"panel-title\">\n\t\t\t\t\t<a data-toggle=\"collapse\" data-parent=\"#panel_group_1\" href=\"#panel_1_3\" class=\"collapsed\">\n\t\t\t\t\t\tKolik j\u00edzd ro\u010dn\u011b a za kolik?\n\t\t\t\t\t<\/a>\n\t\t\t\t<\/h1>\n\t\t\t<\/div>\n\t\t\t<div id=\"panel_1_3\" class=\"panel-collapse collapse\">\n\t\t\t\t<div class=\"panel-body\">\n\t\t\t\t\t<\/p>\n<p>Ka\u017ed\u00fd opr\u00e1vn\u011bn\u00fd senior m\u016f\u017ee vyu\u017e\u00edt <strong>a\u017e 50 j\u00edzd ro\u010dn\u011b<\/strong>. Pokud za\u010dne slu\u017ebu vyu\u017e\u00edvat v pr\u016fb\u011bhu kalend\u00e1\u0159n\u00edho roku, po\u010det j\u00edzd se <strong>pom\u011brn\u011b kr\u00e1t\u00ed<\/strong>. Odvoz do c\u00edlov\u00e9ho m\u00edsta a zp\u011bt se p\u0159itom po\u010d\u00edt\u00e1 jako <strong>dv\u011b samostatn\u00e9 j\u00edzdy<\/strong>. Cena slu\u017eby je stanovena na <strong>50 korun za jednu j\u00edzdu<\/strong>.<\/p>\n<p>\n\t\t\t\t<\/div>\n\t\t\t<\/div>\n\t\t<\/article><article class=\"panel panel-default\">\n\t\t\t<div class=\"panel-heading\">\n\t\t\t\t<h1 class=\"panel-title\">\n\t\t\t\t\t<a data-toggle=\"collapse\" data-parent=\"#panel_group_1\" href=\"#panel_1_4\" class=\"collapsed\">\n\t\t\t\t\t\tKdy a jak Senior taxi objednat?\n\t\t\t\t\t<\/a>\n\t\t\t\t<\/h1>\n\t\t\t<\/div>\n\t\t\t<div id=\"panel_1_4\" class=\"panel-collapse collapse\">\n\t\t\t\t<div class=\"panel-body\">\n\t\t\t\t\t<\/p>\n<p>Senior taxi je k dispozici <strong>ka\u017ed\u00fd v\u0161edn\u00ed den od 7:00 do 15:00<\/strong>.<\/p>\n<p>\n\t\t\t\t<\/div>\n\t\t\t<\/div>\n\t\t<\/article><article class=\"panel panel-default\">\n\t\t\t<div class=\"panel-heading\">\n\t\t\t\t<h1 class=\"panel-title\">\n\t\t\t\t\t<a data-toggle=\"collapse\" data-parent=\"#panel_group_1\" href=\"#panel_1_5\" class=\"collapsed\">\n\t\t\t\t\t\tKde vyzvednout karti\u010dku Senior taxi?\n\t\t\t\t\t<\/a>\n\t\t\t\t<\/h1>\n\t\t\t<\/div>\n\t\t\t<div id=\"panel_1_5\" class=\"panel-collapse collapse\">\n\t\t\t\t<div class=\"panel-body\">\n\t\t\t\t\t<\/p>\n<p>Karti\u010dku oprav\u0148uj\u00edc\u00ed k vyu\u017e\u00edv\u00e1n\u00ed slu\u017eby Senior taxi, kterou se senior prok\u00e1\u017ee po p\u0159\u00edjezdu vozidla, je mo\u017en\u00e9 vyzvednout v \u00fa\u0159edn\u00edch hodin\u00e1ch (v pond\u011bl\u00ed a ve st\u0159edu od 7:30 do 18:00) na Odboru soci\u00e1ln\u00edch v\u011bc\u00ed \u00daM\u010c Praha 14 (\u00daM\u010c Praha 14, Brat\u0159\u00ed Vencl\u00edk\u016f 1072, p\u00ed Stoklasov\u00e1, tel.: 225 295 392, e-mail: <a href=\"mailto:daniela.stoklasov\u00e1@praha14.cz\">daniela.stoklasov\u00e1@praha14.cz<\/a>, 1. patro, kancel\u00e1\u0159 \u010d. 118).<\/p>\n<p>\n\t\t\t\t<\/div>\n\t\t\t<\/div>\n\t\t<\/article><\/div><\/section>\n<p>&nbsp;<\/p>\n","protected":false},"excerpt":{"rendered":"<p>&nbsp;<\/p>\n","protected":false},"author":6,"featured_media":0,"parent":0,"menu_order":0,"comment_status":"closed","ping_status":"closed","template":"","meta":{"_acf_changed":false,"footnotes":""},"class_list":["post-74629","page","type-page","status-publish","hentry"],"acf":[],"yoast_head":"<!-- This site is optimized with the Yoast SEO plugin v27.2 - https:\/\/yoast.com\/product\/yoast-seo-wordpress\/ -->\n<title>Senior taxi Praha 14 - \u017divot na Praze 14<\/title>\n<meta name=\"robots\" content=\"index, follow, max-snippet:-1, max-image-preview:large, max-video-preview:-1\" \/>\n<link rel=\"canonical\" href=\"https:\/\/www.praha14.cz\/zivot-na-praze-14\/senior-taxi-prahy-14\/\" \/>\n<meta property=\"og:locale\" content=\"cs_CZ\" \/>\n<meta property=\"og:type\" content=\"article\" \/>\n<meta property=\"og:title\" content=\"Senior taxi Praha 14 - \u017divot na Praze 14\" \/>\n<meta property=\"og:description\" content=\"&nbsp;\" \/>\n<meta property=\"og:url\" content=\"https:\/\/www.praha14.cz\/zivot-na-praze-14\/senior-taxi-prahy-14\/\" \/>\n<meta property=\"og:site_name\" content=\"\u017divot na Praze 14\" \/>\n<meta property=\"article:modified_time\" content=\"2026-05-11T09:34:11+00:00\" \/>\n<meta property=\"og:image\" content=\"https:\/\/www.praha14.cz\/app\/uploads\/sites\/4\/2026\/05\/Senior-taxi-bez-telefonu.png\" \/>\n\t<meta property=\"og:image:width\" content=\"2000\" \/>\n\t<meta property=\"og:image:height\" content=\"1414\" \/>\n\t<meta property=\"og:image:type\" content=\"image\/png\" \/>\n<meta name=\"twitter:card\" content=\"summary_large_image\" \/>\n<meta name=\"twitter:label1\" content=\"Est. reading time\" \/>\n\t<meta name=\"twitter:data1\" content=\"3 minuty\" \/>\n<script type=\"application\/ld+json\" class=\"yoast-schema-graph\">{\"@context\":\"https:\/\/schema.org\",\"@graph\":[{\"@type\":\"WebPage\",\"@id\":\"https:\/\/www.praha14.cz\/zivot-na-praze-14\/senior-taxi-prahy-14\/\",\"url\":\"https:\/\/www.praha14.cz\/zivot-na-praze-14\/senior-taxi-prahy-14\/\",\"name\":\"Senior taxi Praha 14 - \u017divot na Praze 14\",\"isPartOf\":{\"@id\":\"https:\/\/www.praha14.cz\/zivot-na-praze-14\/#website\"},\"primaryImageOfPage\":{\"@id\":\"https:\/\/www.praha14.cz\/zivot-na-praze-14\/senior-taxi-prahy-14\/#primaryimage\"},\"image\":{\"@id\":\"https:\/\/www.praha14.cz\/zivot-na-praze-14\/senior-taxi-prahy-14\/#primaryimage\"},\"thumbnailUrl\":\"https:\/\/www.praha14.cz\/app\/uploads\/sites\/4\/2026\/05\/Senior-taxi-bez-telefonu.png\",\"datePublished\":\"2026-04-15T15:22:36+00:00\",\"dateModified\":\"2026-05-11T09:34:11+00:00\",\"breadcrumb\":{\"@id\":\"https:\/\/www.praha14.cz\/zivot-na-praze-14\/senior-taxi-prahy-14\/#breadcrumb\"},\"inLanguage\":\"cs\",\"potentialAction\":[{\"@type\":\"ReadAction\",\"target\":[\"https:\/\/www.praha14.cz\/zivot-na-praze-14\/senior-taxi-prahy-14\/\"]}]},{\"@type\":\"ImageObject\",\"inLanguage\":\"cs\",\"@id\":\"https:\/\/www.praha14.cz\/zivot-na-praze-14\/senior-taxi-prahy-14\/#primaryimage\",\"url\":\"https:\/\/www.praha14.cz\/app\/uploads\/sites\/4\/2026\/05\/Senior-taxi-bez-telefonu.png\",\"contentUrl\":\"https:\/\/www.praha14.cz\/app\/uploads\/sites\/4\/2026\/05\/Senior-taxi-bez-telefonu.png\"},{\"@type\":\"BreadcrumbList\",\"@id\":\"https:\/\/www.praha14.cz\/zivot-na-praze-14\/senior-taxi-prahy-14\/#breadcrumb\",\"itemListElement\":[{\"@type\":\"ListItem\",\"position\":1,\"name\":\"\u017divot na Praze 14\",\"item\":\"https:\/\/www.praha14.cz\/zivot-na-praze-14\/\"},{\"@type\":\"ListItem\",\"position\":2,\"name\":\"Senior taxi Praha 14\"}]},{\"@type\":\"WebSite\",\"@id\":\"https:\/\/www.praha14.cz\/zivot-na-praze-14\/#website\",\"url\":\"https:\/\/www.praha14.cz\/zivot-na-praze-14\/\",\"name\":\"\u017divot na Praze 14\",\"description\":\"\",\"potentialAction\":[{\"@type\":\"SearchAction\",\"target\":{\"@type\":\"EntryPoint\",\"urlTemplate\":\"https:\/\/www.praha14.cz\/zivot-na-praze-14\/?s={search_term_string}\"},\"query-input\":{\"@type\":\"PropertyValueSpecification\",\"valueRequired\":true,\"valueName\":\"search_term_string\"}}],\"inLanguage\":\"cs\"}]}<\/script>\n<!-- \/ Yoast SEO plugin. -->","yoast_head_json":{"title":"Senior taxi Praha 14 - \u017divot na Praze 14","robots":{"index":"index","follow":"follow","max-snippet":"max-snippet:-1","max-image-preview":"max-image-preview:large","max-video-preview":"max-video-preview:-1"},"canonical":"https:\/\/www.praha14.cz\/zivot-na-praze-14\/senior-taxi-prahy-14\/","og_locale":"cs_CZ","og_type":"article","og_title":"Senior taxi Praha 14 - \u017divot na Praze 14","og_description":"&nbsp;","og_url":"https:\/\/www.praha14.cz\/zivot-na-praze-14\/senior-taxi-prahy-14\/","og_site_name":"\u017divot na Praze 14","article_modified_time":"2026-05-11T09:34:11+00:00","og_image":[{"width":2000,"height":1414,"url":"https:\/\/www.praha14.cz\/app\/uploads\/sites\/4\/2026\/05\/Senior-taxi-bez-telefonu.png","type":"image\/png"}],"twitter_card":"summary_large_image","twitter_misc":{"Est. reading time":"3 minuty"},"schema":{"@context":"https:\/\/schema.org","@graph":[{"@type":"WebPage","@id":"https:\/\/www.praha14.cz\/zivot-na-praze-14\/senior-taxi-prahy-14\/","url":"https:\/\/www.praha14.cz\/zivot-na-praze-14\/senior-taxi-prahy-14\/","name":"Senior taxi Praha 14 - \u017divot na Praze 14","isPartOf":{"@id":"https:\/\/www.praha14.cz\/zivot-na-praze-14\/#website"},"primaryImageOfPage":{"@id":"https:\/\/www.praha14.cz\/zivot-na-praze-14\/senior-taxi-prahy-14\/#primaryimage"},"image":{"@id":"https:\/\/www.praha14.cz\/zivot-na-praze-14\/senior-taxi-prahy-14\/#primaryimage"},"thumbnailUrl":"https:\/\/www.praha14.cz\/app\/uploads\/sites\/4\/2026\/05\/Senior-taxi-bez-telefonu.png","datePublished":"2026-04-15T15:22:36+00:00","dateModified":"2026-05-11T09:34:11+00:00","breadcrumb":{"@id":"https:\/\/www.praha14.cz\/zivot-na-praze-14\/senior-taxi-prahy-14\/#breadcrumb"},"inLanguage":"cs","potentialAction":[{"@type":"ReadAction","target":["https:\/\/www.praha14.cz\/zivot-na-praze-14\/senior-taxi-prahy-14\/"]}]},{"@type":"ImageObject","inLanguage":"cs","@id":"https:\/\/www.praha14.cz\/zivot-na-praze-14\/senior-taxi-prahy-14\/#primaryimage","url":"https:\/\/www.praha14.cz\/app\/uploads\/sites\/4\/2026\/05\/Senior-taxi-bez-telefonu.png","contentUrl":"https:\/\/www.praha14.cz\/app\/uploads\/sites\/4\/2026\/05\/Senior-taxi-bez-telefonu.png"},{"@type":"BreadcrumbList","@id":"https:\/\/www.praha14.cz\/zivot-na-praze-14\/senior-taxi-prahy-14\/#breadcrumb","itemListElement":[{"@type":"ListItem","position":1,"name":"\u017divot na Praze 14","item":"https:\/\/www.praha14.cz\/zivot-na-praze-14\/"},{"@type":"ListItem","position":2,"name":"Senior taxi Praha 14"}]},{"@type":"WebSite","@id":"https:\/\/www.praha14.cz\/zivot-na-praze-14\/#website","url":"https:\/\/www.praha14.cz\/zivot-na-praze-14\/","name":"\u017divot na Praze 14","description":"","potentialAction":[{"@type":"SearchAction","target":{"@type":"EntryPoint","urlTemplate":"https:\/\/www.praha14.cz\/zivot-na-praze-14\/?s={search_term_string}"},"query-input":{"@type":"PropertyValueSpecification","valueRequired":true,"valueName":"search_term_string"}}],"inLanguage":"cs"}]}},"_links":{"self":[{"href":"https:\/\/www.praha14.cz\/zivot-na-praze-14\/wp-json\/wp\/v2\/pages\/74629","targetHints":{"allow":["GET"]}}],"collection":[{"href":"https:\/\/www.praha14.cz\/zivot-na-praze-14\/wp-json\/wp\/v2\/pages"}],"about":[{"href":"https:\/\/www.praha14.cz\/zivot-na-praze-14\/wp-json\/wp\/v2\/types\/page"}],"author":[{"embeddable":true,"href":"https:\/\/www.praha14.cz\/zivot-na-praze-14\/wp-json\/wp\/v2\/users\/6"}],"replies":[{"embeddable":true,"href":"https:\/\/www.praha14.cz\/zivot-na-praze-14\/wp-json\/wp\/v2\/comments?post=74629"}],"version-history":[{"count":18,"href":"https:\/\/www.praha14.cz\/zivot-na-praze-14\/wp-json\/wp\/v2\/pages\/74629\/revisions"}],"predecessor-version":[{"id":74789,"href":"https:\/\/www.praha14.cz\/zivot-na-praze-14\/wp-json\/wp\/v2\/pages\/74629\/revisions\/74789"}],"wp:attachment":[{"href":"https:\/\/www.praha14.cz\/zivot-na-praze-14\/wp-json\/wp\/v2\/media?parent=74629"}],"curies":[{"name":"wp","href":"https:\/\/api.w.org\/{rel}","templated":true}]}}