{"id":8002,"date":"2014-04-23T13:41:47","date_gmt":"2014-04-23T12:41:47","guid":{"rendered":"https:\/\/www.praha14.cz\/zpravodajstvi\/?page_id=8002"},"modified":"2014-06-18T09:24:08","modified_gmt":"2014-06-18T08:24:08","slug":"archiv-22002","status":"publish","type":"page","link":"https:\/\/www.praha14.cz\/zivot-na-praze-14\/casopis-ctrnactka-14\/listy-prahy-14\/archiv-22002\/","title":{"rendered":"Archiv &#8211; 2\/2002"},"content":{"rendered":"<p><b>Seznam \u010dl\u00e1nk\u016f \u010d. 2\/2002<\/b><\/p>\n<table>\n<tbody>\n<tr>\n<td>\n<div><span><b><span>Tituln\u00ed strana<\/span><\/b><\/span><\/div>\n<\/td>\n<td>\n<div><span><b><span>strana 11<\/span><\/b><\/span><\/div>\n<\/td>\n<\/tr>\n<tr>\n<td><span><a href=\"https:\/\/www.praha14.cz\/app\/uploads\/sites\/3\/2014\/04\/2002_2_svatba.pdf\"><span>Premi\u00e9rov\u00e9 ano<\/span><\/a><\/span><\/td>\n<td><span><a href=\"https:\/\/www.praha14.cz\/app\/uploads\/sites\/3\/2014\/04\/2002_2_Nikdy_si_nejsemjista.pdf\"><span>Nikdy si nejsem ni\u010d\u00edm jista<\/span><\/a><\/span><\/td>\n<\/tr>\n<tr>\n<td>\n<div><span><b><span>strana2<\/span><\/b><\/span><\/div>\n<\/td>\n<\/tr>\n<tr>\n<td>\n<div><\/div>\n<div><\/div>\n<div><span><a href=\"https:\/\/www.praha14.cz\/app\/uploads\/sites\/3\/2014\/04\/2002_2_zpravodajstvi.pdf\">Zpravodajstv\u00ed z radnice<\/a><\/span><\/div>\n<\/td>\n<td>\n<div><span><b><span>strana 12<\/span><\/b><\/span><\/div>\n<\/td>\n<\/tr>\n<tr>\n<td>\n<div><\/div>\n<p><span><b><span>strana 3<\/span><\/b><\/span><\/td>\n<td><span><a href=\"https:\/\/www.praha14.cz\/app\/uploads\/sites\/3\/2014\/04\/2002_2_telegraficky.pdf\"><span>Telegraficky z regionu<\/span><\/a><\/span><\/td>\n<\/tr>\n<tr>\n<td><span><a href=\"https:\/\/www.praha14.cz\/app\/uploads\/sites\/3\/2014\/04\/2002_2_anketa_starosta.pdf\"><span>Anketa se starosty<\/span><\/a><\/span><\/td>\n<td><span><a href=\"https:\/\/www.praha14.cz\/app\/uploads\/sites\/3\/2014\/04\/2002_2_basketbal.pdf\"><span>V basketbale maj\u00ed napilno<\/span><\/a><\/span><\/td>\n<\/tr>\n<tr>\n<td><span><a href=\"https:\/\/www.praha14.cz\/app\/uploads\/sites\/3\/2014\/04\/2002_2_galerie.pdf\"><span>Pozv\u00e1nka do nov\u00e9 Galerie 14<\/span><\/a><\/span><\/td>\n<td><span><a href=\"https:\/\/www.praha14.cz\/app\/uploads\/sites\/3\/2014\/04\/2002_2_nabidka_tabora.pdf\"><span>Nab\u00eddka zimn\u00edho t\u00e1bora<\/span><\/a><\/span><\/td>\n<\/tr>\n<tr>\n<td><span><a href=\"https:\/\/www.praha14.cz\/app\/uploads\/sites\/3\/2014\/04\/2002_2_Cose_stavi.pdf\"><span>Co se stav\u00ed v Praze 14<\/span><\/a><\/span><\/td>\n<td>\n<div><span><b><span>strana 13<\/span><\/b><\/span><\/div>\n<\/td>\n<\/tr>\n<tr>\n<td><span><a href=\"https:\/\/www.praha14.cz\/app\/uploads\/sites\/3\/2014\/04\/2002_2_odvoz_odpadu.pdf\"><span>O odvozu domovn\u00edho odpadu<\/span><\/a><\/span><\/td>\n<td><span><a href=\"https:\/\/www.praha14.cz\/app\/uploads\/sites\/3\/2014\/04\/2002_2_anketa.pdf\"><span>Kdy\u017e je v Praze abnorm\u00e1ln\u00ed mr\u00e1z<\/span><\/a><\/span><\/td>\n<\/tr>\n<tr>\n<td>\n<div><span><b><span>strana 4<\/span><\/b><\/span><\/div>\n<\/td>\n<td><span><a href=\"https:\/\/www.praha14.cz\/app\/uploads\/sites\/3\/2014\/04\/2002_2_knihy.pdf\"><span>Knihy Tr\u00e1vn\u00ed\u010dek<\/span><\/a><\/span><\/td>\n<\/tr>\n<tr>\n<td><span><a href=\"https:\/\/www.praha14.cz\/app\/uploads\/sites\/3\/2014\/04\/2002_2_ted_uz_mame.pdf\"><span>Te\u010f u\u017e m\u00e1me co jsme cht\u011bli??<\/span><\/a><\/span><\/td>\n<td><span><a href=\"https:\/\/www.praha14.cz\/app\/uploads\/sites\/3\/2014\/04\/2002_2_ockovani.pdf\"><span>Term\u00edny povinn\u00e9ho o\u010dkov\u00e1n\u00ed<\/span><\/a><\/span><\/td>\n<\/tr>\n<tr>\n<td><span><a href=\"https:\/\/www.praha14.cz\/app\/uploads\/sites\/3\/2014\/04\/2002_2_Otesanek.pdf\"><span>&#8222;Otes\u00e1nek&#8220; je p\u0159ipraven slou\u017eit k na\u0161\u00ed spokojenosti<\/span><\/a><\/span><\/td>\n<td><span><a href=\"https:\/\/www.praha14.cz\/app\/uploads\/sites\/3\/2014\/04\/2002_2_maly_oznamovatel.pdf\"><span>Mal\u00fd bezplatn\u00fd oznamovatel<\/span><\/a><\/span><\/td>\n<\/tr>\n<tr>\n<td>\n<div><span><b><span>strana 5<\/span><\/b><\/span><\/div>\n<\/td>\n<td><span><a href=\"https:\/\/www.praha14.cz\/app\/uploads\/sites\/3\/2014\/04\/2002_2_novinky.pdf\"><span>Novinky v m\u00edstn\u00edch knihovn\u00e1ch<\/span><\/a><\/span><\/td>\n<\/tr>\n<tr>\n<td><span><a href=\"https:\/\/www.praha14.cz\/app\/uploads\/sites\/3\/2014\/04\/2002_2_Hostavice.pdf\"><span>Hostavice z hlediska majetku M\u010c Praha 14<\/span><\/a><\/span><\/td>\n<td>\n<div><span><b><span>strana 14<\/span><\/b><\/span><\/div>\n<\/td>\n<\/tr>\n<tr>\n<td><span><a href=\"https:\/\/www.praha14.cz\/app\/uploads\/sites\/3\/2014\/04\/2002_2_redakcni_posta.pdf\"><span>Z redak\u010dn\u00ed po\u0161ty<\/span><\/a><\/span><\/td>\n<td><span><a href=\"https:\/\/www.praha14.cz\/app\/uploads\/sites\/3\/2014\/04\/2002_2_gymnazium.pdf\"><span>Kolik \u0159e\u010d\u00ed um\u00ed\u0161<\/span><\/a><\/span><\/td>\n<\/tr>\n<tr>\n<td>\n<div><span><b><span>strana 8 a\u017e 10<\/span><\/b><\/span><\/div>\n<\/td>\n<td>\n<div><span><b><span>zadn\u00ed strana<\/span><\/b><\/span><\/div>\n<\/td>\n<\/tr>\n<tr>\n<td><span><a href=\"https:\/\/www.praha14.cz\/app\/uploads\/sites\/3\/2014\/04\/2002_2_zapis.pdf\"><span>Nade\u0161el \u010das z\u00e1pisu do mate\u0159inek<\/span><\/a><\/span><\/td>\n<td><span><a href=\"https:\/\/www.praha14.cz\/app\/uploads\/sites\/3\/2014\/04\/2002_2_zimniromance.pdf\"><span>Zimn\u00ed romance<\/span><\/a><\/span><\/td>\n<\/tr>\n<tr>\n<td><\/td>\n<td><span><a href=\"https:\/\/www.praha14.cz\/app\/uploads\/sites\/3\/2014\/04\/2002_2_trojcatka.pdf\"><span>Troj\u010d\u00e1tka tis\u00edcilet\u00ed se budou st\u011bhovat<\/span><\/a><\/span><\/td>\n<\/tr>\n<\/tbody>\n<\/table>\n<p><img loading=\"lazy\" decoding=\"async\" alt=\"logo listy\" src=\"https:\/\/www.praha14.cz\/app\/uploads\/sites\/3\/2014\/04\/logoListy.jpg\" width=\"480\" height=\"174\" \/><\/p>\n","protected":false},"excerpt":{"rendered":"<p>Seznam \u010dl\u00e1nk\u016f \u010d. 2\/2002 Tituln\u00ed strana strana 11 Premi\u00e9rov\u00e9 ano Nikdy si nejsem ni\u010d\u00edm jista strana2 Zpravodajstv\u00ed z radnice strana 12 strana 3 Telegraficky z regionu Anketa se starosty V basketbale maj\u00ed napilno Pozv\u00e1nka do nov\u00e9 Galerie 14 Nab\u00eddka zimn\u00edho t\u00e1bora Co se stav\u00ed v Praze 14 strana 13 O odvozu domovn\u00edho odpadu Kdy\u017e je&#8230;<\/p>\n","protected":false},"author":1,"featured_media":0,"parent":409,"menu_order":0,"comment_status":"closed","ping_status":"open","template":"","meta":{"_acf_changed":false,"footnotes":""},"class_list":["post-8002","page","type-page","status-publish","hentry"],"acf":[],"yoast_head":"<!-- This site is optimized with the Yoast SEO plugin v27.2 - https:\/\/yoast.com\/product\/yoast-seo-wordpress\/ -->\n<title>Archiv - 2\/2002 - \u017divot na Praze 14<\/title>\n<meta name=\"robots\" content=\"index, follow, max-snippet:-1, max-image-preview:large, max-video-preview:-1\" \/>\n<link rel=\"canonical\" href=\"https:\/\/www.praha14.cz\/zivot-na-praze-14\/casopis-ctrnactka-14\/listy-prahy-14\/archiv-22002\/\" \/>\n<meta property=\"og:locale\" content=\"cs_CZ\" \/>\n<meta property=\"og:type\" content=\"article\" \/>\n<meta property=\"og:title\" content=\"Archiv - 2\/2002 - \u017divot na Praze 14\" \/>\n<meta property=\"og:description\" content=\"Seznam \u010dl\u00e1nk\u016f \u010d. 2\/2002 Tituln\u00ed strana strana 11 Premi\u00e9rov\u00e9 ano Nikdy si nejsem ni\u010d\u00edm jista strana2 Zpravodajstv\u00ed z radnice strana 12 strana 3 Telegraficky z regionu Anketa se starosty V basketbale maj\u00ed napilno Pozv\u00e1nka do nov\u00e9 Galerie 14 Nab\u00eddka zimn\u00edho t\u00e1bora Co se stav\u00ed v Praze 14 strana 13 O odvozu domovn\u00edho odpadu Kdy\u017e je...\" \/>\n<meta property=\"og:url\" content=\"https:\/\/www.praha14.cz\/zivot-na-praze-14\/casopis-ctrnactka-14\/listy-prahy-14\/archiv-22002\/\" \/>\n<meta property=\"og:site_name\" content=\"\u017divot na Praze 14\" \/>\n<meta property=\"article:modified_time\" content=\"2014-06-18T08:24:08+00:00\" \/>\n<meta property=\"og:image\" content=\"https:\/\/www.praha14.cz\/app\/uploads\/sites\/3\/2014\/04\/logoListy.jpg\" \/>\n<meta name=\"twitter:card\" content=\"summary_large_image\" \/>\n<meta name=\"twitter:label1\" content=\"Est. reading time\" \/>\n\t<meta name=\"twitter:data1\" content=\"1 minuta\" \/>\n<script type=\"application\/ld+json\" class=\"yoast-schema-graph\">{\"@context\":\"https:\/\/schema.org\",\"@graph\":[{\"@type\":\"WebPage\",\"@id\":\"https:\/\/www.praha14.cz\/zivot-na-praze-14\/casopis-ctrnactka-14\/listy-prahy-14\/archiv-22002\/\",\"url\":\"https:\/\/www.praha14.cz\/zivot-na-praze-14\/casopis-ctrnactka-14\/listy-prahy-14\/archiv-22002\/\",\"name\":\"Archiv - 2\/2002 - \u017divot na Praze 14\",\"isPartOf\":{\"@id\":\"https:\/\/www.praha14.cz\/zivot-na-praze-14\/#website\"},\"primaryImageOfPage\":{\"@id\":\"https:\/\/www.praha14.cz\/zivot-na-praze-14\/casopis-ctrnactka-14\/listy-prahy-14\/archiv-22002\/#primaryimage\"},\"image\":{\"@id\":\"https:\/\/www.praha14.cz\/zivot-na-praze-14\/casopis-ctrnactka-14\/listy-prahy-14\/archiv-22002\/#primaryimage\"},\"thumbnailUrl\":\"https:\/\/www.praha14.cz\/app\/uploads\/sites\/3\/2014\/04\/logoListy.jpg\",\"datePublished\":\"2014-04-23T12:41:47+00:00\",\"dateModified\":\"2014-06-18T08:24:08+00:00\",\"breadcrumb\":{\"@id\":\"https:\/\/www.praha14.cz\/zivot-na-praze-14\/casopis-ctrnactka-14\/listy-prahy-14\/archiv-22002\/#breadcrumb\"},\"inLanguage\":\"cs\",\"potentialAction\":[{\"@type\":\"ReadAction\",\"target\":[\"https:\/\/www.praha14.cz\/zivot-na-praze-14\/casopis-ctrnactka-14\/listy-prahy-14\/archiv-22002\/\"]}]},{\"@type\":\"ImageObject\",\"inLanguage\":\"cs\",\"@id\":\"https:\/\/www.praha14.cz\/zivot-na-praze-14\/casopis-ctrnactka-14\/listy-prahy-14\/archiv-22002\/#primaryimage\",\"url\":\"https:\/\/www.praha14.cz\/app\/uploads\/sites\/3\/2014\/04\/logoListy.jpg\",\"contentUrl\":\"https:\/\/www.praha14.cz\/app\/uploads\/sites\/3\/2014\/04\/logoListy.jpg\"},{\"@type\":\"BreadcrumbList\",\"@id\":\"https:\/\/www.praha14.cz\/zivot-na-praze-14\/casopis-ctrnactka-14\/listy-prahy-14\/archiv-22002\/#breadcrumb\",\"itemListElement\":[{\"@type\":\"ListItem\",\"position\":1,\"name\":\"\u017divot na Praze 14\",\"item\":\"https:\/\/www.praha14.cz\/zivot-na-praze-14\/\"},{\"@type\":\"ListItem\",\"position\":2,\"name\":\"\u010casopis \u010ctrn\u00e1ctka\",\"item\":\"https:\/\/www.praha14.cz\/zivot-na-praze-14\/casopis-ctrnactka-14\/\"},{\"@type\":\"ListItem\",\"position\":3,\"name\":\"Listy Prahy 14\",\"item\":\"https:\/\/www.praha14.cz\/zivot-na-praze-14\/casopis-ctrnactka-14\/listy-prahy-14\/\"},{\"@type\":\"ListItem\",\"position\":4,\"name\":\"Archiv &#8211; 2\/2002\"}]},{\"@type\":\"WebSite\",\"@id\":\"https:\/\/www.praha14.cz\/zivot-na-praze-14\/#website\",\"url\":\"https:\/\/www.praha14.cz\/zivot-na-praze-14\/\",\"name\":\"\u017divot na Praze 14\",\"description\":\"\",\"potentialAction\":[{\"@type\":\"SearchAction\",\"target\":{\"@type\":\"EntryPoint\",\"urlTemplate\":\"https:\/\/www.praha14.cz\/zivot-na-praze-14\/?s={search_term_string}\"},\"query-input\":{\"@type\":\"PropertyValueSpecification\",\"valueRequired\":true,\"valueName\":\"search_term_string\"}}],\"inLanguage\":\"cs\"}]}<\/script>\n<!-- \/ Yoast SEO plugin. -->","yoast_head_json":{"title":"Archiv - 2\/2002 - \u017divot na Praze 14","robots":{"index":"index","follow":"follow","max-snippet":"max-snippet:-1","max-image-preview":"max-image-preview:large","max-video-preview":"max-video-preview:-1"},"canonical":"https:\/\/www.praha14.cz\/zivot-na-praze-14\/casopis-ctrnactka-14\/listy-prahy-14\/archiv-22002\/","og_locale":"cs_CZ","og_type":"article","og_title":"Archiv - 2\/2002 - \u017divot na Praze 14","og_description":"Seznam \u010dl\u00e1nk\u016f \u010d. 2\/2002 Tituln\u00ed strana strana 11 Premi\u00e9rov\u00e9 ano Nikdy si nejsem ni\u010d\u00edm jista strana2 Zpravodajstv\u00ed z radnice strana 12 strana 3 Telegraficky z regionu Anketa se starosty V basketbale maj\u00ed napilno Pozv\u00e1nka do nov\u00e9 Galerie 14 Nab\u00eddka zimn\u00edho t\u00e1bora Co se stav\u00ed v Praze 14 strana 13 O odvozu domovn\u00edho odpadu Kdy\u017e je...","og_url":"https:\/\/www.praha14.cz\/zivot-na-praze-14\/casopis-ctrnactka-14\/listy-prahy-14\/archiv-22002\/","og_site_name":"\u017divot na Praze 14","article_modified_time":"2014-06-18T08:24:08+00:00","og_image":[{"url":"https:\/\/www.praha14.cz\/app\/uploads\/sites\/3\/2014\/04\/logoListy.jpg","type":"","width":"","height":""}],"twitter_card":"summary_large_image","twitter_misc":{"Est. reading time":"1 minuta"},"schema":{"@context":"https:\/\/schema.org","@graph":[{"@type":"WebPage","@id":"https:\/\/www.praha14.cz\/zivot-na-praze-14\/casopis-ctrnactka-14\/listy-prahy-14\/archiv-22002\/","url":"https:\/\/www.praha14.cz\/zivot-na-praze-14\/casopis-ctrnactka-14\/listy-prahy-14\/archiv-22002\/","name":"Archiv - 2\/2002 - \u017divot na Praze 14","isPartOf":{"@id":"https:\/\/www.praha14.cz\/zivot-na-praze-14\/#website"},"primaryImageOfPage":{"@id":"https:\/\/www.praha14.cz\/zivot-na-praze-14\/casopis-ctrnactka-14\/listy-prahy-14\/archiv-22002\/#primaryimage"},"image":{"@id":"https:\/\/www.praha14.cz\/zivot-na-praze-14\/casopis-ctrnactka-14\/listy-prahy-14\/archiv-22002\/#primaryimage"},"thumbnailUrl":"https:\/\/www.praha14.cz\/app\/uploads\/sites\/3\/2014\/04\/logoListy.jpg","datePublished":"2014-04-23T12:41:47+00:00","dateModified":"2014-06-18T08:24:08+00:00","breadcrumb":{"@id":"https:\/\/www.praha14.cz\/zivot-na-praze-14\/casopis-ctrnactka-14\/listy-prahy-14\/archiv-22002\/#breadcrumb"},"inLanguage":"cs","potentialAction":[{"@type":"ReadAction","target":["https:\/\/www.praha14.cz\/zivot-na-praze-14\/casopis-ctrnactka-14\/listy-prahy-14\/archiv-22002\/"]}]},{"@type":"ImageObject","inLanguage":"cs","@id":"https:\/\/www.praha14.cz\/zivot-na-praze-14\/casopis-ctrnactka-14\/listy-prahy-14\/archiv-22002\/#primaryimage","url":"https:\/\/www.praha14.cz\/app\/uploads\/sites\/3\/2014\/04\/logoListy.jpg","contentUrl":"https:\/\/www.praha14.cz\/app\/uploads\/sites\/3\/2014\/04\/logoListy.jpg"},{"@type":"BreadcrumbList","@id":"https:\/\/www.praha14.cz\/zivot-na-praze-14\/casopis-ctrnactka-14\/listy-prahy-14\/archiv-22002\/#breadcrumb","itemListElement":[{"@type":"ListItem","position":1,"name":"\u017divot na Praze 14","item":"https:\/\/www.praha14.cz\/zivot-na-praze-14\/"},{"@type":"ListItem","position":2,"name":"\u010casopis \u010ctrn\u00e1ctka","item":"https:\/\/www.praha14.cz\/zivot-na-praze-14\/casopis-ctrnactka-14\/"},{"@type":"ListItem","position":3,"name":"Listy Prahy 14","item":"https:\/\/www.praha14.cz\/zivot-na-praze-14\/casopis-ctrnactka-14\/listy-prahy-14\/"},{"@type":"ListItem","position":4,"name":"Archiv &#8211; 2\/2002"}]},{"@type":"WebSite","@id":"https:\/\/www.praha14.cz\/zivot-na-praze-14\/#website","url":"https:\/\/www.praha14.cz\/zivot-na-praze-14\/","name":"\u017divot na Praze 14","description":"","potentialAction":[{"@type":"SearchAction","target":{"@type":"EntryPoint","urlTemplate":"https:\/\/www.praha14.cz\/zivot-na-praze-14\/?s={search_term_string}"},"query-input":{"@type":"PropertyValueSpecification","valueRequired":true,"valueName":"search_term_string"}}],"inLanguage":"cs"}]}},"_links":{"self":[{"href":"https:\/\/www.praha14.cz\/zivot-na-praze-14\/wp-json\/wp\/v2\/pages\/8002","targetHints":{"allow":["GET"]}}],"collection":[{"href":"https:\/\/www.praha14.cz\/zivot-na-praze-14\/wp-json\/wp\/v2\/pages"}],"about":[{"href":"https:\/\/www.praha14.cz\/zivot-na-praze-14\/wp-json\/wp\/v2\/types\/page"}],"author":[{"embeddable":true,"href":"https:\/\/www.praha14.cz\/zivot-na-praze-14\/wp-json\/wp\/v2\/users\/1"}],"replies":[{"embeddable":true,"href":"https:\/\/www.praha14.cz\/zivot-na-praze-14\/wp-json\/wp\/v2\/comments?post=8002"}],"version-history":[{"count":0,"href":"https:\/\/www.praha14.cz\/zivot-na-praze-14\/wp-json\/wp\/v2\/pages\/8002\/revisions"}],"up":[{"embeddable":true,"href":"https:\/\/www.praha14.cz\/zivot-na-praze-14\/wp-json\/wp\/v2\/pages\/409"}],"wp:attachment":[{"href":"https:\/\/www.praha14.cz\/zivot-na-praze-14\/wp-json\/wp\/v2\/media?parent=8002"}],"curies":[{"name":"wp","href":"https:\/\/api.w.org\/{rel}","templated":true}]}}