{"id":8306,"date":"2014-04-23T13:47:39","date_gmt":"2014-04-23T12:47:39","guid":{"rendered":"https:\/\/www.praha14.cz\/zpravodajstvi\/?page_id=8306"},"modified":"2014-06-18T09:24:08","modified_gmt":"2014-06-18T08:24:08","slug":"archiv-32002","status":"publish","type":"page","link":"https:\/\/www.praha14.cz\/zivot-na-praze-14\/casopis-ctrnactka-14\/listy-prahy-14\/archiv-32002\/","title":{"rendered":"Archiv &#8211; 3\/2002"},"content":{"rendered":"<p><b>Seznam \u010dl\u00e1nk\u016f \u010d.3\/2002<\/b><\/p>\n<table>\n<tbody>\n<tr>\n<td><b><span>Tituln\u00ed strana<\/span><\/b><\/td>\n<td>\n<div><\/div>\n<p><span><b><span>strana 8 a 9<\/span><\/b><\/span><\/td>\n<\/tr>\n<tr>\n<td><span><a href=\"https:\/\/www.praha14.cz\/app\/uploads\/sites\/3\/2014\/04\/2002_3_titulni.pdf\"><span>Praha 14 jako na dlani<\/span><\/a><\/span><\/td>\n<td>\n<div><\/div>\n<p><a href=\"https:\/\/www.praha14.cz\/app\/uploads\/sites\/3\/2014\/04\/2002_3_vzhuru_kvyskam.pdf\"><span>Vzh\u016fru k v\u00fd\u0161k\u00e1m<\/span><\/a><\/td>\n<\/tr>\n<tr>\n<td>\n<div><\/div>\n<p><span><b>strana 2<\/b><\/span><\/td>\n<td><b><span>strana 10<\/span><\/b><\/td>\n<\/tr>\n<tr>\n<td>\n<div><\/div>\n<p><span><a href=\"https:\/\/www.praha14.cz\/app\/uploads\/sites\/3\/2014\/04\/2002_3_zpravodajstvi.pdf\"><span>Zpravodajstv\u00ed z radnice<\/span><\/a><\/span><\/td>\n<td><a href=\"https:\/\/www.praha14.cz\/app\/uploads\/sites\/3\/2014\/04\/2002_3_zvoni_hrana.pdf\"><span>Zvon\u00ed kone\u010dn\u011b neplati\u010d\u016fm hrana?<\/span><\/a><\/td>\n<\/tr>\n<tr>\n<td>\n<div><\/div>\n<p><span><a href=\"https:\/\/www.praha14.cz\/app\/uploads\/sites\/3\/2014\/04\/2002_3_z_jednanivyboru.pdf\"><span>Z jedn\u00e1n\u00ed v\u00fdbor\u016f Zastupitelstva m.\u010d. Praha 14<\/span><\/a><\/span><\/td>\n<td><a href=\"https:\/\/www.praha14.cz\/app\/uploads\/sites\/3\/2014\/04\/2002_3_anketa.pdf\"><span>Anketa<\/span><\/a><\/td>\n<\/tr>\n<tr>\n<td>\n<div><\/div>\n<p><span><a href=\"https:\/\/www.praha14.cz\/app\/uploads\/sites\/3\/2014\/04\/2002_3_pozvanka.pdf\"><span>Pozv\u00e1nka na zastupitelstvo<\/span><\/a><\/span><\/td>\n<td><b><span>strana 11<\/span><\/b><\/td>\n<\/tr>\n<tr>\n<td>\n<div><\/div>\n<p><span><a href=\"https:\/\/www.praha14.cz\/app\/uploads\/sites\/3\/2014\/04\/2002_3_odborne_komise.pdf\"><span>Z odborn\u00fdch komis\u00ed<\/span><\/a><\/span><\/td>\n<td><a href=\"https:\/\/www.praha14.cz\/app\/uploads\/sites\/3\/2014\/04\/2002_3_prispevek_bydleni.pdf\"><span>Jak \u017e\u00e1dat o p\u0159\u00edsp\u011bvek na bydlen\u00ed<\/span><\/a><\/td>\n<\/tr>\n<tr>\n<td>\n<div><\/div>\n<p><span><a href=\"https:\/\/www.praha14.cz\/app\/uploads\/sites\/3\/2014\/04\/2002_3_volby.pdf\"><span>Kdy p\u016fjdeme volit<\/span><\/a><\/span><\/td>\n<td><a href=\"https:\/\/www.praha14.cz\/app\/uploads\/sites\/3\/2014\/04\/2002_3_obydli_bezdomovcu.pdf\"><span>Obydl\u00ed bezdomovc\u016f<\/span><\/a><\/td>\n<\/tr>\n<tr>\n<td>\n<div><\/div>\n<p><span><a href=\"https:\/\/www.praha14.cz\/app\/uploads\/sites\/3\/2014\/04\/2002_3_co_najdete.pdf\"><span>Co najdete na www.praha14.cz<\/span><\/a><\/span><\/td>\n<td><a href=\"https:\/\/www.praha14.cz\/app\/uploads\/sites\/3\/2014\/04\/2002_3_redakcni_posta.pdf\"><span>Z redak\u010dn\u00ed po\u0161ty<\/span><\/a><\/td>\n<\/tr>\n<tr>\n<td>\n<div><\/div>\n<p><span><b><span>strana 3<\/span><\/b><\/span><\/td>\n<td><a href=\"https:\/\/www.praha14.cz\/app\/uploads\/sites\/3\/2014\/04\/2002_3_harmonie.pdf\"><span>Prvn\u00ed bilance poradny Harmonie<\/span><\/a><\/td>\n<\/tr>\n<tr>\n<td>\n<div><\/div>\n<p><span><a href=\"https:\/\/www.praha14.cz\/app\/uploads\/sites\/3\/2014\/04\/2002_3_galerie.pdf\"><span>Pozv\u00e1nka do nov\u00e9 Galerie 14<\/span><\/a><\/span><\/td>\n<td><a href=\"https:\/\/www.praha14.cz\/app\/uploads\/sites\/3\/2014\/04\/2002_3_oznamovatel.pdf\"><span>Mal\u00fd bezplatn\u00fd oznamovatel<\/span><\/a><\/td>\n<\/tr>\n<tr>\n<td>\n<div><\/div>\n<p><span><a href=\"https:\/\/www.praha14.cz\/app\/uploads\/sites\/3\/2014\/04\/2002_3_co_se_stavi.pdf\"><span>Co se stav\u00ed v Praze 14<\/span><\/a><\/span><\/td>\n<td><b><span>strana 12<\/span><\/b><\/td>\n<\/tr>\n<tr>\n<td>\n<div><\/div>\n<p><span><a href=\"https:\/\/www.praha14.cz\/app\/uploads\/sites\/3\/2014\/04\/2002_3_pro_seniory.pdf\"><span>Pro na\u0161e seniory<\/span><\/a><\/span><\/td>\n<td><a href=\"https:\/\/www.praha14.cz\/app\/uploads\/sites\/3\/2014\/04\/2002_3_telegraficky.pdf\"><span>Telegraficky z regionu<\/span><\/a><\/td>\n<\/tr>\n<tr>\n<td>\n<div><\/div>\n<p><span><b><span>strana 4<\/span><\/b><\/span><\/td>\n<td><a href=\"https:\/\/www.praha14.cz\/app\/uploads\/sites\/3\/2014\/04\/2002_3_skauti.pdf\"><span>Ze \u017eivota skautsk\u00e9ho st\u0159ediska<\/span><\/a><\/td>\n<\/tr>\n<tr>\n<td>\n<div><\/div>\n<p><a href=\"https:\/\/www.praha14.cz\/app\/uploads\/sites\/3\/2014\/04\/2002_3_kyje_zhlediskamajetku.pdf\"><span>Kyje z hlediska majetku m.\u010d.Praha 14<\/span><\/a><\/td>\n<td><b><span>strana 13<\/span><\/b><\/td>\n<\/tr>\n<tr>\n<td>\n<div><\/div>\n<p><span><b><span>strana 5<\/span><\/b><\/span><\/td>\n<td><a href=\"https:\/\/www.praha14.cz\/app\/uploads\/sites\/3\/2014\/04\/2002_3_dobrovolnici.pdf\"><span>Mezin\u00e1rodn\u00ed rok dobrovoln\u00edk\u016f skon\u010dil<\/span><\/a><\/td>\n<\/tr>\n<tr>\n<td>\n<div><\/div>\n<p><a href=\"https:\/\/www.praha14.cz\/app\/uploads\/sites\/3\/2014\/04\/2002_3_kovovy_odpad.pdf\"><span>Sb\u011br kovov\u00e9ho odpadu<\/span><\/a><\/td>\n<td><a href=\"https:\/\/www.praha14.cz\/app\/uploads\/sites\/3\/2014\/04\/2002_3_anketa_kregeneraci.pdf\"><span>Anketa k regeneraci panelov\u00fdch s\u00eddli\u0161\u0165<\/span><\/a><\/td>\n<\/tr>\n<tr>\n<td>\n<div><\/div>\n<p><a href=\"https:\/\/www.praha14.cz\/app\/uploads\/sites\/3\/2014\/04\/2002_3_kom_odpad.pdf\"><span>Zm\u011bny plateb za odvoz komun\u00e1ln\u00edho odpadu<\/span><\/a><\/td>\n<td><a href=\"https:\/\/www.praha14.cz\/app\/uploads\/sites\/3\/2014\/04\/2002_3_pracovistePSSZ.pdf\"><span>S\u00eddlo a pracovi\u0161t\u011b PSSZ<\/span><\/a><\/td>\n<\/tr>\n<tr>\n<td>\n<div><\/div>\n<p><a href=\"https:\/\/www.praha14.cz\/app\/uploads\/sites\/3\/2014\/04\/2002_3_poradna.pdf\"><span>Ob\u010danskopr\u00e1vn\u00ed poradna<\/span><\/a><\/td>\n<td><b><span>strana 14<\/span><\/b><\/td>\n<\/tr>\n<tr>\n<td>\n<div><\/div>\n<p><span><b><span>strana 6<\/span><\/b><\/span><\/td>\n<td><a href=\"https:\/\/www.praha14.cz\/app\/uploads\/sites\/3\/2014\/04\/2002_3_skola_bezbarier.pdf\"><span>Prvn\u00ed \u0161kola bez bari\u00e9r<\/span><\/a><\/td>\n<\/tr>\n<tr>\n<td>\n<div><\/div>\n<p><a href=\"https:\/\/www.praha14.cz\/app\/uploads\/sites\/3\/2014\/04\/2002_3_rozhovor.pdf\"><span>N\u011bkdy \u010dlov\u011bk a\u017e krout\u00ed hlavou<\/span><\/a><\/td>\n<td><a href=\"https:\/\/www.praha14.cz\/app\/uploads\/sites\/3\/2014\/04\/2002_3_stuzky.pdf\"><span>Stu\u017eky str\u00e1\u017en\u00edk\u016fm<\/span><\/a><\/td>\n<\/tr>\n<tr>\n<td>\n<div><\/div>\n<p><b><span>strana 7<\/span><\/b><\/td>\n<td><b><span>zadn\u00ed strana<\/span><\/b><\/td>\n<\/tr>\n<tr>\n<td>\n<div><\/div>\n<p><a href=\"https:\/\/www.praha14.cz\/app\/uploads\/sites\/3\/2014\/04\/2002_3_jablko_svaru.pdf\"><span>Jablko sv\u00e1ru<\/span><\/a><\/td>\n<td><a href=\"https:\/\/www.praha14.cz\/app\/uploads\/sites\/3\/2014\/04\/2002_3_masopust.pdf\"><span>Dolnopo\u010dernick\u00fd masopust<\/span><\/a><\/td>\n<\/tr>\n<tr>\n<td>\n<div><\/div>\n<p><span><a href=\"https:\/\/www.praha14.cz\/app\/uploads\/sites\/3\/2014\/04\/2002_3_knihy.pdf\">Knihy Tr\u00e1vn\u00ed\u010dek<\/a><\/span><\/td>\n<td><a href=\"https:\/\/www.praha14.cz\/app\/uploads\/sites\/3\/2014\/04\/2002_3_more_hloubetin.pdf\"><span>M\u00edsto k mo\u0159i do Hloub\u011bt\u00edna<\/span><\/a><\/td>\n<\/tr>\n<\/tbody>\n<\/table>\n<p><img loading=\"lazy\" decoding=\"async\" alt=\"logo listy\" src=\"https:\/\/www.praha14.cz\/app\/uploads\/sites\/3\/2014\/04\/logoListy.jpg\" width=\"480\" height=\"174\" \/><\/p>\n","protected":false},"excerpt":{"rendered":"<p>Seznam \u010dl\u00e1nk\u016f \u010d.3\/2002 Tituln\u00ed strana strana 8 a 9 Praha 14 jako na dlani Vzh\u016fru k v\u00fd\u0161k\u00e1m strana 2 strana 10 Zpravodajstv\u00ed z radnice Zvon\u00ed kone\u010dn\u011b neplati\u010d\u016fm hrana? Z jedn\u00e1n\u00ed v\u00fdbor\u016f Zastupitelstva m.\u010d. Praha 14 Anketa Pozv\u00e1nka na zastupitelstvo strana 11 Z odborn\u00fdch komis\u00ed Jak \u017e\u00e1dat o p\u0159\u00edsp\u011bvek na bydlen\u00ed Kdy p\u016fjdeme volit Obydl\u00ed bezdomovc\u016f&#8230;<\/p>\n","protected":false},"author":1,"featured_media":0,"parent":409,"menu_order":0,"comment_status":"closed","ping_status":"open","template":"","meta":{"_acf_changed":false,"footnotes":""},"class_list":["post-8306","page","type-page","status-publish","hentry"],"acf":[],"yoast_head":"<!-- This site is optimized with the Yoast SEO plugin v27.2 - https:\/\/yoast.com\/product\/yoast-seo-wordpress\/ -->\n<title>Archiv - 3\/2002 - \u017divot na Praze 14<\/title>\n<meta name=\"robots\" content=\"index, follow, max-snippet:-1, max-image-preview:large, max-video-preview:-1\" \/>\n<link rel=\"canonical\" href=\"https:\/\/www.praha14.cz\/zivot-na-praze-14\/casopis-ctrnactka-14\/listy-prahy-14\/archiv-32002\/\" \/>\n<meta property=\"og:locale\" content=\"cs_CZ\" \/>\n<meta property=\"og:type\" content=\"article\" \/>\n<meta property=\"og:title\" content=\"Archiv - 3\/2002 - \u017divot na Praze 14\" \/>\n<meta property=\"og:description\" content=\"Seznam \u010dl\u00e1nk\u016f \u010d.3\/2002 Tituln\u00ed strana strana 8 a 9 Praha 14 jako na dlani Vzh\u016fru k v\u00fd\u0161k\u00e1m strana 2 strana 10 Zpravodajstv\u00ed z radnice Zvon\u00ed kone\u010dn\u011b neplati\u010d\u016fm hrana? Z jedn\u00e1n\u00ed v\u00fdbor\u016f Zastupitelstva m.\u010d. Praha 14 Anketa Pozv\u00e1nka na zastupitelstvo strana 11 Z odborn\u00fdch komis\u00ed Jak \u017e\u00e1dat o p\u0159\u00edsp\u011bvek na bydlen\u00ed Kdy p\u016fjdeme volit Obydl\u00ed bezdomovc\u016f...\" \/>\n<meta property=\"og:url\" content=\"https:\/\/www.praha14.cz\/zivot-na-praze-14\/casopis-ctrnactka-14\/listy-prahy-14\/archiv-32002\/\" \/>\n<meta property=\"og:site_name\" content=\"\u017divot na Praze 14\" \/>\n<meta property=\"article:modified_time\" content=\"2014-06-18T08:24:08+00:00\" \/>\n<meta property=\"og:image\" content=\"https:\/\/www.praha14.cz\/app\/uploads\/sites\/3\/2014\/04\/logoListy.jpg\" \/>\n<meta name=\"twitter:card\" content=\"summary_large_image\" \/>\n<meta name=\"twitter:label1\" content=\"Est. reading time\" \/>\n\t<meta name=\"twitter:data1\" content=\"1 minuta\" \/>\n<script type=\"application\/ld+json\" class=\"yoast-schema-graph\">{\"@context\":\"https:\/\/schema.org\",\"@graph\":[{\"@type\":\"WebPage\",\"@id\":\"https:\/\/www.praha14.cz\/zivot-na-praze-14\/casopis-ctrnactka-14\/listy-prahy-14\/archiv-32002\/\",\"url\":\"https:\/\/www.praha14.cz\/zivot-na-praze-14\/casopis-ctrnactka-14\/listy-prahy-14\/archiv-32002\/\",\"name\":\"Archiv - 3\/2002 - \u017divot na Praze 14\",\"isPartOf\":{\"@id\":\"https:\/\/www.praha14.cz\/zivot-na-praze-14\/#website\"},\"primaryImageOfPage\":{\"@id\":\"https:\/\/www.praha14.cz\/zivot-na-praze-14\/casopis-ctrnactka-14\/listy-prahy-14\/archiv-32002\/#primaryimage\"},\"image\":{\"@id\":\"https:\/\/www.praha14.cz\/zivot-na-praze-14\/casopis-ctrnactka-14\/listy-prahy-14\/archiv-32002\/#primaryimage\"},\"thumbnailUrl\":\"https:\/\/www.praha14.cz\/app\/uploads\/sites\/3\/2014\/04\/logoListy.jpg\",\"datePublished\":\"2014-04-23T12:47:39+00:00\",\"dateModified\":\"2014-06-18T08:24:08+00:00\",\"breadcrumb\":{\"@id\":\"https:\/\/www.praha14.cz\/zivot-na-praze-14\/casopis-ctrnactka-14\/listy-prahy-14\/archiv-32002\/#breadcrumb\"},\"inLanguage\":\"cs\",\"potentialAction\":[{\"@type\":\"ReadAction\",\"target\":[\"https:\/\/www.praha14.cz\/zivot-na-praze-14\/casopis-ctrnactka-14\/listy-prahy-14\/archiv-32002\/\"]}]},{\"@type\":\"ImageObject\",\"inLanguage\":\"cs\",\"@id\":\"https:\/\/www.praha14.cz\/zivot-na-praze-14\/casopis-ctrnactka-14\/listy-prahy-14\/archiv-32002\/#primaryimage\",\"url\":\"https:\/\/www.praha14.cz\/app\/uploads\/sites\/3\/2014\/04\/logoListy.jpg\",\"contentUrl\":\"https:\/\/www.praha14.cz\/app\/uploads\/sites\/3\/2014\/04\/logoListy.jpg\"},{\"@type\":\"BreadcrumbList\",\"@id\":\"https:\/\/www.praha14.cz\/zivot-na-praze-14\/casopis-ctrnactka-14\/listy-prahy-14\/archiv-32002\/#breadcrumb\",\"itemListElement\":[{\"@type\":\"ListItem\",\"position\":1,\"name\":\"\u017divot na Praze 14\",\"item\":\"https:\/\/www.praha14.cz\/zivot-na-praze-14\/\"},{\"@type\":\"ListItem\",\"position\":2,\"name\":\"\u010casopis \u010ctrn\u00e1ctka\",\"item\":\"https:\/\/www.praha14.cz\/zivot-na-praze-14\/casopis-ctrnactka-14\/\"},{\"@type\":\"ListItem\",\"position\":3,\"name\":\"Listy Prahy 14\",\"item\":\"https:\/\/www.praha14.cz\/zivot-na-praze-14\/casopis-ctrnactka-14\/listy-prahy-14\/\"},{\"@type\":\"ListItem\",\"position\":4,\"name\":\"Archiv &#8211; 3\/2002\"}]},{\"@type\":\"WebSite\",\"@id\":\"https:\/\/www.praha14.cz\/zivot-na-praze-14\/#website\",\"url\":\"https:\/\/www.praha14.cz\/zivot-na-praze-14\/\",\"name\":\"\u017divot na Praze 14\",\"description\":\"\",\"potentialAction\":[{\"@type\":\"SearchAction\",\"target\":{\"@type\":\"EntryPoint\",\"urlTemplate\":\"https:\/\/www.praha14.cz\/zivot-na-praze-14\/?s={search_term_string}\"},\"query-input\":{\"@type\":\"PropertyValueSpecification\",\"valueRequired\":true,\"valueName\":\"search_term_string\"}}],\"inLanguage\":\"cs\"}]}<\/script>\n<!-- \/ Yoast SEO plugin. -->","yoast_head_json":{"title":"Archiv - 3\/2002 - \u017divot na Praze 14","robots":{"index":"index","follow":"follow","max-snippet":"max-snippet:-1","max-image-preview":"max-image-preview:large","max-video-preview":"max-video-preview:-1"},"canonical":"https:\/\/www.praha14.cz\/zivot-na-praze-14\/casopis-ctrnactka-14\/listy-prahy-14\/archiv-32002\/","og_locale":"cs_CZ","og_type":"article","og_title":"Archiv - 3\/2002 - \u017divot na Praze 14","og_description":"Seznam \u010dl\u00e1nk\u016f \u010d.3\/2002 Tituln\u00ed strana strana 8 a 9 Praha 14 jako na dlani Vzh\u016fru k v\u00fd\u0161k\u00e1m strana 2 strana 10 Zpravodajstv\u00ed z radnice Zvon\u00ed kone\u010dn\u011b neplati\u010d\u016fm hrana? Z jedn\u00e1n\u00ed v\u00fdbor\u016f Zastupitelstva m.\u010d. Praha 14 Anketa Pozv\u00e1nka na zastupitelstvo strana 11 Z odborn\u00fdch komis\u00ed Jak \u017e\u00e1dat o p\u0159\u00edsp\u011bvek na bydlen\u00ed Kdy p\u016fjdeme volit Obydl\u00ed bezdomovc\u016f...","og_url":"https:\/\/www.praha14.cz\/zivot-na-praze-14\/casopis-ctrnactka-14\/listy-prahy-14\/archiv-32002\/","og_site_name":"\u017divot na Praze 14","article_modified_time":"2014-06-18T08:24:08+00:00","og_image":[{"url":"https:\/\/www.praha14.cz\/app\/uploads\/sites\/3\/2014\/04\/logoListy.jpg","type":"","width":"","height":""}],"twitter_card":"summary_large_image","twitter_misc":{"Est. reading time":"1 minuta"},"schema":{"@context":"https:\/\/schema.org","@graph":[{"@type":"WebPage","@id":"https:\/\/www.praha14.cz\/zivot-na-praze-14\/casopis-ctrnactka-14\/listy-prahy-14\/archiv-32002\/","url":"https:\/\/www.praha14.cz\/zivot-na-praze-14\/casopis-ctrnactka-14\/listy-prahy-14\/archiv-32002\/","name":"Archiv - 3\/2002 - \u017divot na Praze 14","isPartOf":{"@id":"https:\/\/www.praha14.cz\/zivot-na-praze-14\/#website"},"primaryImageOfPage":{"@id":"https:\/\/www.praha14.cz\/zivot-na-praze-14\/casopis-ctrnactka-14\/listy-prahy-14\/archiv-32002\/#primaryimage"},"image":{"@id":"https:\/\/www.praha14.cz\/zivot-na-praze-14\/casopis-ctrnactka-14\/listy-prahy-14\/archiv-32002\/#primaryimage"},"thumbnailUrl":"https:\/\/www.praha14.cz\/app\/uploads\/sites\/3\/2014\/04\/logoListy.jpg","datePublished":"2014-04-23T12:47:39+00:00","dateModified":"2014-06-18T08:24:08+00:00","breadcrumb":{"@id":"https:\/\/www.praha14.cz\/zivot-na-praze-14\/casopis-ctrnactka-14\/listy-prahy-14\/archiv-32002\/#breadcrumb"},"inLanguage":"cs","potentialAction":[{"@type":"ReadAction","target":["https:\/\/www.praha14.cz\/zivot-na-praze-14\/casopis-ctrnactka-14\/listy-prahy-14\/archiv-32002\/"]}]},{"@type":"ImageObject","inLanguage":"cs","@id":"https:\/\/www.praha14.cz\/zivot-na-praze-14\/casopis-ctrnactka-14\/listy-prahy-14\/archiv-32002\/#primaryimage","url":"https:\/\/www.praha14.cz\/app\/uploads\/sites\/3\/2014\/04\/logoListy.jpg","contentUrl":"https:\/\/www.praha14.cz\/app\/uploads\/sites\/3\/2014\/04\/logoListy.jpg"},{"@type":"BreadcrumbList","@id":"https:\/\/www.praha14.cz\/zivot-na-praze-14\/casopis-ctrnactka-14\/listy-prahy-14\/archiv-32002\/#breadcrumb","itemListElement":[{"@type":"ListItem","position":1,"name":"\u017divot na Praze 14","item":"https:\/\/www.praha14.cz\/zivot-na-praze-14\/"},{"@type":"ListItem","position":2,"name":"\u010casopis \u010ctrn\u00e1ctka","item":"https:\/\/www.praha14.cz\/zivot-na-praze-14\/casopis-ctrnactka-14\/"},{"@type":"ListItem","position":3,"name":"Listy Prahy 14","item":"https:\/\/www.praha14.cz\/zivot-na-praze-14\/casopis-ctrnactka-14\/listy-prahy-14\/"},{"@type":"ListItem","position":4,"name":"Archiv &#8211; 3\/2002"}]},{"@type":"WebSite","@id":"https:\/\/www.praha14.cz\/zivot-na-praze-14\/#website","url":"https:\/\/www.praha14.cz\/zivot-na-praze-14\/","name":"\u017divot na Praze 14","description":"","potentialAction":[{"@type":"SearchAction","target":{"@type":"EntryPoint","urlTemplate":"https:\/\/www.praha14.cz\/zivot-na-praze-14\/?s={search_term_string}"},"query-input":{"@type":"PropertyValueSpecification","valueRequired":true,"valueName":"search_term_string"}}],"inLanguage":"cs"}]}},"_links":{"self":[{"href":"https:\/\/www.praha14.cz\/zivot-na-praze-14\/wp-json\/wp\/v2\/pages\/8306","targetHints":{"allow":["GET"]}}],"collection":[{"href":"https:\/\/www.praha14.cz\/zivot-na-praze-14\/wp-json\/wp\/v2\/pages"}],"about":[{"href":"https:\/\/www.praha14.cz\/zivot-na-praze-14\/wp-json\/wp\/v2\/types\/page"}],"author":[{"embeddable":true,"href":"https:\/\/www.praha14.cz\/zivot-na-praze-14\/wp-json\/wp\/v2\/users\/1"}],"replies":[{"embeddable":true,"href":"https:\/\/www.praha14.cz\/zivot-na-praze-14\/wp-json\/wp\/v2\/comments?post=8306"}],"version-history":[{"count":0,"href":"https:\/\/www.praha14.cz\/zivot-na-praze-14\/wp-json\/wp\/v2\/pages\/8306\/revisions"}],"up":[{"embeddable":true,"href":"https:\/\/www.praha14.cz\/zivot-na-praze-14\/wp-json\/wp\/v2\/pages\/409"}],"wp:attachment":[{"href":"https:\/\/www.praha14.cz\/zivot-na-praze-14\/wp-json\/wp\/v2\/media?parent=8306"}],"curies":[{"name":"wp","href":"https:\/\/api.w.org\/{rel}","templated":true}]}}