{"id":86,"date":"2014-04-24T12:52:52","date_gmt":"2014-04-24T11:52:52","guid":{"rendered":"https:\/\/www.praha14.cz\/zivot-na-praze-14\/?page_id=86"},"modified":"2023-01-30T08:15:43","modified_gmt":"2023-01-30T08:15:43","slug":"zajimavosti","status":"publish","type":"page","link":"https:\/\/www.praha14.cz\/zivot-na-praze-14\/uvod-o-praze-14\/zajimavosti\/","title":{"rendered":"Zaj\u00edmavosti"},"content":{"rendered":"<p>M\u011bstsk\u00e1 \u010d\u00e1st Praha 14 se nach\u00e1z\u00ed na severov\u00fdchodn\u00edm okraji Prahy. M\u00e1 p\u0159ibli\u017en\u011b 40 000 obyvatel, \u017eij\u00edc\u00edch na \u00fazem\u00ed, kter\u00e9 zahrnuje p\u016fvodn\u00ed historick\u00e9 obce Kyje, Hloub\u011bt\u00edn, Hostavice a s\u00eddli\u0161t\u011b \u010cern\u00fd Most. Historie Prahy 14 za\u010d\u00edn\u00e1 dnem 18. 11. 1994, kdy vznikla z m\u011bstsk\u00e9 \u010d\u00e1sti Praha Kyje spolu s \u010d\u00e1st\u00ed \u00fazem\u00ed odd\u011blen\u00e9ho od Prahy 9 na z\u00e1klad\u011b usnesen\u00ed Zastupitelstva Hlavn\u00edho m\u011bsta Prahy \u010d\u00edslo 41\/14 (nebo tak\u00e9 41.14) ze dne 23. 6. 1994. Bytov\u00e1 z\u00e1stavba je kombinac\u00ed rodinn\u00fdch domk\u016f a panelov\u00e9 v\u00fdstavby.<\/p>\n<section class=\"p14-panel-group\"><div id=\"panel_group_1\" class=\"panel-group\"><article class=\"panel panel-default\">\n\t\t\t<div class=\"panel-heading\">\n\t\t\t\t<h1 class=\"panel-title\">\n\t\t\t\t\t<a data-toggle=\"collapse\" data-parent=\"#panel_group_1\" href=\"#panel_1_1\" class=\"collapsed\">\n\t\t\t\t\t\tKulturn\u00ed pam\u00e1tky a zaj\u00edmavosti Prahy 14\n\t\t\t\t\t<\/a>\n\t\t\t\t<\/h1>\n\t\t\t<\/div>\n\t\t\t<div id=\"panel_1_1\" class=\"panel-collapse collapse\">\n\t\t\t\t<div class=\"panel-body\">\n\t\t\t\t\t<\/p>\n<p><a href=\"https:\/\/www.praha14.cz\/zivot-na-praze-14\/kulturni-pamatky-a-zajimavosti-prahy-14\/\" target=\"_blank\" rel=\"noopener noreferrer\">PROZKOUMEJTE KULTURN\u00cd PAM\u00c1TKY A ZAJ\u00cdMAVOSTI PRAHY 14<\/a><\/p>\n<p>\n\t\t\t\t<\/div>\n\t\t\t<\/div>\n\t\t<\/article><article class=\"panel panel-default\">\n\t\t\t<div class=\"panel-heading\">\n\t\t\t\t<h1 class=\"panel-title\">\n\t\t\t\t\t<a data-toggle=\"collapse\" data-parent=\"#panel_group_1\" href=\"#panel_1_2\" class=\"collapsed\">\n\t\t\t\t\t\tZnak m\u011bstsk\u00e9 \u010d\u00e1sti Praha 14\n\t\t\t\t\t<\/a>\n\t\t\t\t<\/h1>\n\t\t\t<\/div>\n\t\t\t<div id=\"panel_1_2\" class=\"panel-collapse collapse\">\n\t\t\t\t<div class=\"panel-body\">\n\t\t\t\t\t<\/p>\n<p>Znak m\u011bstsk\u00e9 \u010d\u00e1sti Praha 14 M\u011bstsk\u00e1 \u010d\u00e1st Praha 14 m\u00e1 od roku 1997 vlastn\u00ed znak. P\u0159i rozhodov\u00e1n\u00ed o podob\u011b znaku zv\u00edt\u011bzil n\u00e1vrh zobrazuj\u00edc\u00ed symboly historie t\u00e9to m\u011bstsk\u00e9 \u010d\u00e1sti.<\/p>\n<h6><span style=\"color: #009dde;\"><strong>Popis znaku:<\/strong><\/span><\/h6>\n<p>Znak m\u011bstsk\u00e9 \u010d\u00e1sti Praha 14 m\u00e1 polcen\u00fd \u0161t\u00edt.<br \/>\nV jeho \u010derven\u00e9m poli na prav\u00e9 stran\u011b je stylizovan\u00fd pohled na z\u00e1padn\u00ed pr\u016f\u010del\u00ed v\u011b\u017ee kyjsk\u00e9ho tribunov\u00e9ho kostela sv. Bartolom\u011bje. V\u011b\u017e je st\u0159\u00edbrn\u00e1, kv\u00e1drovan\u00e1, hranolov\u00e1 se zlatou valbovou st\u0159echou zakon\u010denou dv\u011bma mal\u00fdmi zlat\u00fdmi makovicemi. V p\u0159edsunut\u00e9 ohradn\u00ed zdi s vystupuj\u00edc\u00edm port\u00e1lem p\u0159ed v\u011b\u017e\u00ed jsou d\u0159ev\u011bn\u00e9 dve\u0159e p\u0159irozen\u00fdch barev. Nad nimi na vrcholu z\u00eddky stoj\u00ed zlat\u00fd k\u0159\u00ed\u017e. V\u011b\u017e je prolomena v prvn\u00edm pat\u0159e jedn\u00edm, ve druh\u00e9m a t\u0159et\u00edm \u010dty\u0159mi rom\u00e1nsk\u00fdmi okny zmen\u0161uj\u00edc\u00edmi se od prvn\u00edho patra ke t\u0159et\u00edmu.<br \/>\nV lev\u00e9m poli je znak Ryt\u00ed\u0159sk\u00e9ho \u0158\u00e1du K\u0159i\u017eovn\u00edk\u016f s \u010dervenou hv\u011bzdou &#8211; \u010derven\u00fd osmihrot\u00fd malt\u00e9zsk\u00fd k\u0159\u00ed\u017e nad \u0161etipaprs\u010ditou hv\u011bzdou v \u010dern\u00e9m poli.<\/p>\n<p>(Pozn.: Podle pravidel heraldiky se znaky popisuj\u00ed z pozice \u010dlov\u011bka, kter\u00fd dr\u017e\u00ed \u0161t\u00edt. Prav\u00e1 strana je tedy lev\u00e1 a naopak.)<\/p>\n<h6><span style=\"color: #009dde;\"><strong>V\u00fdznam erbovn\u00edch znamen\u00ed ve znaku:<\/strong><\/span><\/h6>\n<p>Prav\u00e9 pole \u0161t\u00edtu symbolizuje Kyje. Zobrazen\u00e1 v\u011b\u017e p\u0159ipom\u00edn\u00e1 nejstar\u0161\u00ed stavbu Kyj\u00ed, architektonicky velmi cennou. Jej\u00ed vyobrazen\u00ed nechyb\u00ed v \u017e\u00e1dn\u00e9 literatu\u0159e pojedn\u00e1vaj\u00edc\u00ed o rom\u00e1nsk\u00e9 architektu\u0159e. \u010cerven\u00e1 barva \u0161t\u00edtu je toto\u017en\u00e1 s liturgick\u00fdm ozna\u010den\u00edm sv\u011btc\u016f &#8211; mu\u010dedn\u00edk\u016f. Svat\u00fd Bartolom\u011bj, jemu\u017e je kostel zasv\u011bcen pra\u017esk\u00fdm biskupem Janem II. z let 1226 &#8211; 1236, byl jako\u017eto apo\u0161tol jedn\u00edm z prvn\u00edch mu\u010dedn\u00edk\u016f. Byl umu\u010den krut\u00fdm zp\u016fsobem: za\u017eiva sed\u0159en z k\u016f\u017ee, no\u017ei \u0159ez\u00e1n a hlavou dol\u016f uk\u0159i\u017eov\u00e1n.<br \/>\nLev\u00e9 pole \u0161t\u00edtu symbolizuje Hloub\u011bt\u00edn. Znak \u0159\u00e1du K\u0159i\u017eovn\u00edk\u016f s \u010dervenou hv\u011bzdou p\u0159ipom\u00edn\u00e1 dobu rozkv\u011btu Hloub\u011bt\u00edna, kdy byl v majetku \u0158\u00e1du. Roku 1238 v\u011bnovala kr\u00e1lovna Konstancie ves Hloub\u011bt\u00edn nov\u011b vznikl\u00e9mu \u0161pit\u00e1ln\u00edmu bratrstvu, ze kter\u00e9ho vznikl prvn\u00ed v \u010cech\u00e1ch zalo\u017een\u00fd ryt\u00ed\u0159sk\u00fd \u0159\u00e1d. \u0158\u00e1dov\u00fd odznak byl ud\u011blen pape\u017eem v roce 1252. Jako bezm\u00e1la t\u0159i \u010dtvrt\u011b tis\u00edcilet\u00ed star\u00fd symbol je vhodn\u00fdm vyj\u00e1d\u0159en\u00edm Hloub\u011bt\u00edna.<\/p>\n<p><strong>Dal\u0161\u00ed informace k <a href=\"https:\/\/www.praha14.cz\/app\/uploads\/sites\/4\/2020\/09\/znak-a-prapor-M\u010c-Praha-14_info.pdf\" target=\"_blank\" rel=\"noopener noreferrer\">p\u016fvodu erbu a vlajky<\/a><\/strong><\/p>\n<p>&nbsp;<\/p>\n<p><a style=\"line-height: 1.5em;\" href=\"https:\/\/www.praha14.cz\/app\/uploads\/sites\/4\/2014\/04\/znak_p14.png\" data-rel=\"lightbox-image-0\" data-rl_title=\"\" data-rl_caption=\"\" title=\"\"><img loading=\"lazy\" decoding=\"async\" src=\"https:\/\/www.praha14.cz\/app\/uploads\/sites\/4\/2014\/04\/znak_p14.png\" alt=\"znak_p14\" width=\"144\" height=\"160\" \/><\/a><\/p>\n<p>\n\t\t\t\t<\/div>\n\t\t\t<\/div>\n\t\t<\/article><article class=\"panel panel-default\">\n\t\t\t<div class=\"panel-heading\">\n\t\t\t\t<h1 class=\"panel-title\">\n\t\t\t\t\t<a data-toggle=\"collapse\" data-parent=\"#panel_group_1\" href=\"#panel_1_3\" class=\"collapsed\">\n\t\t\t\t\t\tPrapor m\u011bstsk\u00e9 \u010d\u00e1sti Praha 14\n\t\t\t\t\t<\/a>\n\t\t\t\t<\/h1>\n\t\t\t<\/div>\n\t\t\t<div id=\"panel_1_3\" class=\"panel-collapse collapse\">\n\t\t\t\t<div class=\"panel-body\">\n\t\t\t\t\t<\/p>\n<p>Prapor M\u010c Praha 14 Prapor se skl\u00e1d\u00e1 ze t\u0159\u00ed barevn\u00fdch pruh\u016f stejn\u00e9 \u0161\u00ed\u0159e. Horn\u00ed pruh &#8211; barva \u017elut\u00e1 &#8211; nahrazuje zlatou barvu st\u0159echy kyjsk\u00e9ho rom\u00e1nsk\u00e9ho kostela na prav\u00e9 stran\u011b znaku. St\u0159edn\u00ed pruh &#8211; barva \u010dern\u00e1 &#8211; barvy znaku \u0158\u00e1du K\u0159i\u017eovn\u00edk\u016f, kter\u00fd je na lev\u00e9 stran\u011b znaku. Doln\u00ed pruh &#8211; barva \u010derven\u00e1.<\/p>\n<p>&nbsp;<\/p>\n<p><a style=\"line-height: 1.5em;\" href=\"https:\/\/www.praha14.cz\/app\/uploads\/sites\/4\/2014\/04\/praha14_vlajka_m.jpg\" data-rel=\"lightbox-image-1\" data-rl_title=\"\" data-rl_caption=\"\" title=\"\"><img loading=\"lazy\" decoding=\"async\" src=\"https:\/\/www.praha14.cz\/app\/uploads\/sites\/4\/2014\/04\/praha14_vlajka_m.jpg\" alt=\"praha14_vlajka_m\" width=\"180\" height=\"120\" \/><\/a><\/p>\n<p>\n\t\t\t\t<\/div>\n\t\t\t<\/div>\n\t\t<\/article><\/div><\/section>\n<p>&nbsp;<\/p>\n","protected":false},"excerpt":{"rendered":"<p>M\u011bstsk\u00e1 \u010d\u00e1st Praha 14 se nach\u00e1z\u00ed na severov\u00fdchodn\u00edm okraji Prahy. M\u00e1 p\u0159ibli\u017en\u011b 40 000 obyvatel, \u017eij\u00edc\u00edch na \u00fazem\u00ed, kter\u00e9 zahrnuje p\u016fvodn\u00ed historick\u00e9 obce Kyje, Hloub\u011bt\u00edn, Hostavice a s\u00eddli\u0161t\u011b \u010cern\u00fd Most. Historie Prahy 14 za\u010d\u00edn\u00e1 dnem 18. 11. 1994, kdy vznikla z m\u011bstsk\u00e9 \u010d\u00e1sti Praha Kyje spolu s \u010d\u00e1st\u00ed \u00fazem\u00ed odd\u011blen\u00e9ho od Prahy 9 na z\u00e1klad\u011b&#8230;<\/p>\n","protected":false},"author":1,"featured_media":0,"parent":64,"menu_order":0,"comment_status":"closed","ping_status":"open","template":"","meta":{"_acf_changed":false,"footnotes":""},"class_list":["post-86","page","type-page","status-publish","hentry"],"acf":[],"yoast_head":"<!-- This site is optimized with the Yoast SEO plugin v27.2 - https:\/\/yoast.com\/product\/yoast-seo-wordpress\/ -->\n<title>Zaj\u00edmavosti - \u017divot na Praze 14<\/title>\n<meta name=\"robots\" content=\"index, follow, max-snippet:-1, max-image-preview:large, max-video-preview:-1\" \/>\n<link rel=\"canonical\" href=\"https:\/\/www.praha14.cz\/zivot-na-praze-14\/uvod-o-praze-14\/zajimavosti\/\" \/>\n<meta property=\"og:locale\" content=\"cs_CZ\" \/>\n<meta property=\"og:type\" content=\"article\" \/>\n<meta property=\"og:title\" content=\"Zaj\u00edmavosti - \u017divot na Praze 14\" \/>\n<meta property=\"og:description\" content=\"M\u011bstsk\u00e1 \u010d\u00e1st Praha 14 se nach\u00e1z\u00ed na severov\u00fdchodn\u00edm okraji Prahy. M\u00e1 p\u0159ibli\u017en\u011b 40 000 obyvatel, \u017eij\u00edc\u00edch na \u00fazem\u00ed, kter\u00e9 zahrnuje p\u016fvodn\u00ed historick\u00e9 obce Kyje, Hloub\u011bt\u00edn, Hostavice a s\u00eddli\u0161t\u011b \u010cern\u00fd Most. Historie Prahy 14 za\u010d\u00edn\u00e1 dnem 18. 11. 1994, kdy vznikla z m\u011bstsk\u00e9 \u010d\u00e1sti Praha Kyje spolu s \u010d\u00e1st\u00ed \u00fazem\u00ed odd\u011blen\u00e9ho od Prahy 9 na z\u00e1klad\u011b...\" \/>\n<meta property=\"og:url\" content=\"https:\/\/www.praha14.cz\/zivot-na-praze-14\/uvod-o-praze-14\/zajimavosti\/\" \/>\n<meta property=\"og:site_name\" content=\"\u017divot na Praze 14\" \/>\n<meta property=\"article:modified_time\" content=\"2023-01-30T08:15:43+00:00\" \/>\n<meta property=\"og:image\" content=\"https:\/\/www.praha14.cz\/app\/uploads\/sites\/4\/2014\/04\/znak_p14.png\" \/>\n<meta name=\"twitter:card\" content=\"summary_large_image\" \/>\n<meta name=\"twitter:label1\" content=\"Est. reading time\" \/>\n\t<meta name=\"twitter:data1\" content=\"3 minuty\" \/>\n<script type=\"application\/ld+json\" class=\"yoast-schema-graph\">{\"@context\":\"https:\/\/schema.org\",\"@graph\":[{\"@type\":\"WebPage\",\"@id\":\"https:\/\/www.praha14.cz\/zivot-na-praze-14\/uvod-o-praze-14\/zajimavosti\/\",\"url\":\"https:\/\/www.praha14.cz\/zivot-na-praze-14\/uvod-o-praze-14\/zajimavosti\/\",\"name\":\"Zaj\u00edmavosti - \u017divot na Praze 14\",\"isPartOf\":{\"@id\":\"https:\/\/www.praha14.cz\/zivot-na-praze-14\/#website\"},\"primaryImageOfPage\":{\"@id\":\"https:\/\/www.praha14.cz\/zivot-na-praze-14\/uvod-o-praze-14\/zajimavosti\/#primaryimage\"},\"image\":{\"@id\":\"https:\/\/www.praha14.cz\/zivot-na-praze-14\/uvod-o-praze-14\/zajimavosti\/#primaryimage\"},\"thumbnailUrl\":\"https:\/\/www.praha14.cz\/app\/uploads\/sites\/4\/2014\/04\/znak_p14.png\",\"datePublished\":\"2014-04-24T11:52:52+00:00\",\"dateModified\":\"2023-01-30T08:15:43+00:00\",\"breadcrumb\":{\"@id\":\"https:\/\/www.praha14.cz\/zivot-na-praze-14\/uvod-o-praze-14\/zajimavosti\/#breadcrumb\"},\"inLanguage\":\"cs\",\"potentialAction\":[{\"@type\":\"ReadAction\",\"target\":[\"https:\/\/www.praha14.cz\/zivot-na-praze-14\/uvod-o-praze-14\/zajimavosti\/\"]}]},{\"@type\":\"ImageObject\",\"inLanguage\":\"cs\",\"@id\":\"https:\/\/www.praha14.cz\/zivot-na-praze-14\/uvod-o-praze-14\/zajimavosti\/#primaryimage\",\"url\":\"https:\/\/www.praha14.cz\/app\/uploads\/sites\/4\/2014\/04\/znak_p14.png\",\"contentUrl\":\"https:\/\/www.praha14.cz\/app\/uploads\/sites\/4\/2014\/04\/znak_p14.png\"},{\"@type\":\"BreadcrumbList\",\"@id\":\"https:\/\/www.praha14.cz\/zivot-na-praze-14\/uvod-o-praze-14\/zajimavosti\/#breadcrumb\",\"itemListElement\":[{\"@type\":\"ListItem\",\"position\":1,\"name\":\"\u017divot na Praze 14\",\"item\":\"https:\/\/www.praha14.cz\/zivot-na-praze-14\/\"},{\"@type\":\"ListItem\",\"position\":2,\"name\":\"O Praze 14\",\"item\":\"https:\/\/www.praha14.cz\/zivot-na-praze-14\/uvod-o-praze-14\/\"},{\"@type\":\"ListItem\",\"position\":3,\"name\":\"Zaj\u00edmavosti\"}]},{\"@type\":\"WebSite\",\"@id\":\"https:\/\/www.praha14.cz\/zivot-na-praze-14\/#website\",\"url\":\"https:\/\/www.praha14.cz\/zivot-na-praze-14\/\",\"name\":\"\u017divot na Praze 14\",\"description\":\"\",\"potentialAction\":[{\"@type\":\"SearchAction\",\"target\":{\"@type\":\"EntryPoint\",\"urlTemplate\":\"https:\/\/www.praha14.cz\/zivot-na-praze-14\/?s={search_term_string}\"},\"query-input\":{\"@type\":\"PropertyValueSpecification\",\"valueRequired\":true,\"valueName\":\"search_term_string\"}}],\"inLanguage\":\"cs\"}]}<\/script>\n<!-- \/ Yoast SEO plugin. -->","yoast_head_json":{"title":"Zaj\u00edmavosti - \u017divot na Praze 14","robots":{"index":"index","follow":"follow","max-snippet":"max-snippet:-1","max-image-preview":"max-image-preview:large","max-video-preview":"max-video-preview:-1"},"canonical":"https:\/\/www.praha14.cz\/zivot-na-praze-14\/uvod-o-praze-14\/zajimavosti\/","og_locale":"cs_CZ","og_type":"article","og_title":"Zaj\u00edmavosti - \u017divot na Praze 14","og_description":"M\u011bstsk\u00e1 \u010d\u00e1st Praha 14 se nach\u00e1z\u00ed na severov\u00fdchodn\u00edm okraji Prahy. M\u00e1 p\u0159ibli\u017en\u011b 40 000 obyvatel, \u017eij\u00edc\u00edch na \u00fazem\u00ed, kter\u00e9 zahrnuje p\u016fvodn\u00ed historick\u00e9 obce Kyje, Hloub\u011bt\u00edn, Hostavice a s\u00eddli\u0161t\u011b \u010cern\u00fd Most. Historie Prahy 14 za\u010d\u00edn\u00e1 dnem 18. 11. 1994, kdy vznikla z m\u011bstsk\u00e9 \u010d\u00e1sti Praha Kyje spolu s \u010d\u00e1st\u00ed \u00fazem\u00ed odd\u011blen\u00e9ho od Prahy 9 na z\u00e1klad\u011b...","og_url":"https:\/\/www.praha14.cz\/zivot-na-praze-14\/uvod-o-praze-14\/zajimavosti\/","og_site_name":"\u017divot na Praze 14","article_modified_time":"2023-01-30T08:15:43+00:00","og_image":[{"url":"https:\/\/www.praha14.cz\/app\/uploads\/sites\/4\/2014\/04\/znak_p14.png","type":"","width":"","height":""}],"twitter_card":"summary_large_image","twitter_misc":{"Est. reading time":"3 minuty"},"schema":{"@context":"https:\/\/schema.org","@graph":[{"@type":"WebPage","@id":"https:\/\/www.praha14.cz\/zivot-na-praze-14\/uvod-o-praze-14\/zajimavosti\/","url":"https:\/\/www.praha14.cz\/zivot-na-praze-14\/uvod-o-praze-14\/zajimavosti\/","name":"Zaj\u00edmavosti - \u017divot na Praze 14","isPartOf":{"@id":"https:\/\/www.praha14.cz\/zivot-na-praze-14\/#website"},"primaryImageOfPage":{"@id":"https:\/\/www.praha14.cz\/zivot-na-praze-14\/uvod-o-praze-14\/zajimavosti\/#primaryimage"},"image":{"@id":"https:\/\/www.praha14.cz\/zivot-na-praze-14\/uvod-o-praze-14\/zajimavosti\/#primaryimage"},"thumbnailUrl":"https:\/\/www.praha14.cz\/app\/uploads\/sites\/4\/2014\/04\/znak_p14.png","datePublished":"2014-04-24T11:52:52+00:00","dateModified":"2023-01-30T08:15:43+00:00","breadcrumb":{"@id":"https:\/\/www.praha14.cz\/zivot-na-praze-14\/uvod-o-praze-14\/zajimavosti\/#breadcrumb"},"inLanguage":"cs","potentialAction":[{"@type":"ReadAction","target":["https:\/\/www.praha14.cz\/zivot-na-praze-14\/uvod-o-praze-14\/zajimavosti\/"]}]},{"@type":"ImageObject","inLanguage":"cs","@id":"https:\/\/www.praha14.cz\/zivot-na-praze-14\/uvod-o-praze-14\/zajimavosti\/#primaryimage","url":"https:\/\/www.praha14.cz\/app\/uploads\/sites\/4\/2014\/04\/znak_p14.png","contentUrl":"https:\/\/www.praha14.cz\/app\/uploads\/sites\/4\/2014\/04\/znak_p14.png"},{"@type":"BreadcrumbList","@id":"https:\/\/www.praha14.cz\/zivot-na-praze-14\/uvod-o-praze-14\/zajimavosti\/#breadcrumb","itemListElement":[{"@type":"ListItem","position":1,"name":"\u017divot na Praze 14","item":"https:\/\/www.praha14.cz\/zivot-na-praze-14\/"},{"@type":"ListItem","position":2,"name":"O Praze 14","item":"https:\/\/www.praha14.cz\/zivot-na-praze-14\/uvod-o-praze-14\/"},{"@type":"ListItem","position":3,"name":"Zaj\u00edmavosti"}]},{"@type":"WebSite","@id":"https:\/\/www.praha14.cz\/zivot-na-praze-14\/#website","url":"https:\/\/www.praha14.cz\/zivot-na-praze-14\/","name":"\u017divot na Praze 14","description":"","potentialAction":[{"@type":"SearchAction","target":{"@type":"EntryPoint","urlTemplate":"https:\/\/www.praha14.cz\/zivot-na-praze-14\/?s={search_term_string}"},"query-input":{"@type":"PropertyValueSpecification","valueRequired":true,"valueName":"search_term_string"}}],"inLanguage":"cs"}]}},"_links":{"self":[{"href":"https:\/\/www.praha14.cz\/zivot-na-praze-14\/wp-json\/wp\/v2\/pages\/86","targetHints":{"allow":["GET"]}}],"collection":[{"href":"https:\/\/www.praha14.cz\/zivot-na-praze-14\/wp-json\/wp\/v2\/pages"}],"about":[{"href":"https:\/\/www.praha14.cz\/zivot-na-praze-14\/wp-json\/wp\/v2\/types\/page"}],"author":[{"embeddable":true,"href":"https:\/\/www.praha14.cz\/zivot-na-praze-14\/wp-json\/wp\/v2\/users\/1"}],"replies":[{"embeddable":true,"href":"https:\/\/www.praha14.cz\/zivot-na-praze-14\/wp-json\/wp\/v2\/comments?post=86"}],"version-history":[{"count":7,"href":"https:\/\/www.praha14.cz\/zivot-na-praze-14\/wp-json\/wp\/v2\/pages\/86\/revisions"}],"predecessor-version":[{"id":65938,"href":"https:\/\/www.praha14.cz\/zivot-na-praze-14\/wp-json\/wp\/v2\/pages\/86\/revisions\/65938"}],"up":[{"embeddable":true,"href":"https:\/\/www.praha14.cz\/zivot-na-praze-14\/wp-json\/wp\/v2\/pages\/64"}],"wp:attachment":[{"href":"https:\/\/www.praha14.cz\/zivot-na-praze-14\/wp-json\/wp\/v2\/media?parent=86"}],"curies":[{"name":"wp","href":"https:\/\/api.w.org\/{rel}","templated":true}]}}